{"id":76,"date":"2025-06-30T11:03:48","date_gmt":"2025-06-30T09:03:48","guid":{"rendered":"https:\/\/dev108.stwb.pl\/?page_id=76"},"modified":"2025-10-20T05:10:19","modified_gmt":"2025-10-20T03:10:19","slug":"drone-filming","status":"publish","type":"page","link":"https:\/\/www.simpleframe.pl\/en\/filmowanie-dronem\/","title":{"rendered":"Drone filming"},"content":{"rendered":"\t\t<div data-elementor-type=\"wp-page\" data-elementor-id=\"76\" class=\"elementor elementor-76\" data-elementor-post-type=\"page\">\n\t\t\t\t<div class=\"elementor-element elementor-element-5acd2b7 page-video-bar e-flex e-con-boxed e-con e-parent\" data-id=\"5acd2b7\" data-element_type=\"container\" data-e-type=\"container\" data-settings=\"{&quot;background_background&quot;:&quot;video&quot;,&quot;background_video_link&quot;:&quot;https:\\\/\\\/www.simpleframe.pl\\\/wp-content\\\/uploads\\\/2025\\\/09\\\/videopodstrony.mp4&quot;,&quot;background_play_on_mobile&quot;:&quot;yes&quot;}\">\n\t\t\t\t\t<div class=\"e-con-inner\">\n\t\t<div class=\"elementor-background-video-container\">\n\t\t\t\t\t\t\t<video class=\"elementor-background-video-hosted\" role=\"presentation\" autoplay muted playsinline loop><\/video>\n\t\t\t\t\t<\/div>\t\t\t<\/div>\n\t\t\t\t<\/div>\n\t\t<div class=\"elementor-element elementor-element-2a4a240 e-flex e-con-boxed e-con e-parent\" data-id=\"2a4a240\" data-element_type=\"container\" data-e-type=\"container\">\n\t\t\t\t\t<div class=\"e-con-inner\">\n\t\t\t\t<div class=\"elementor-element elementor-element-ca6ac1d elementor-widget elementor-widget-heading\" data-id=\"ca6ac1d\" data-element_type=\"widget\" data-e-type=\"widget\" data-widget_type=\"heading.default\">\n\t\t\t\t\t<h1 class=\"elementor-heading-title elementor-size-default\">Dron jako narz\u0119dzie filmowe.<\/h1>\t\t\t\t<\/div>\n\t\t\t\t<div class=\"elementor-element elementor-element-9d91cfe elementor-widget__width-initial link-decoration elementor-widget elementor-widget-text-editor\" data-id=\"9d91cfe\" data-element_type=\"widget\" data-e-type=\"widget\" data-widget_type=\"text-editor.default\">\n\t\t\t\t\t\t\t\t\tWsp\u00f3\u0142czesna technologia pozwala na zastosowanie technik filmowych niedost\u0119pnych jeszcze kilka lat temu. U\u017cycie dron\u00f3w do <a href=\"https:\/\/www.simpleframe.pl\/\">filmowania<\/a> z powietrza i tworzenia materia\u0142\u00f3w filmowych wysokiej jako\u015bci pozwala na tworzenie <a href=\"https:\/\/old.simpleframe.pl\/filmowanie-z-powietrza-czyli-obraz-z-perspektywy-drona\/\" rel=\"noopener\">niepowtarzalnych zdj\u0119\u0107<\/a>. Ma to szerokie zastosowanie r\u00f3wnie\u017c w filmach reklamowych czy promocyjnych. \t\t\t\t\t\t\t\t<\/div>\n\t\t\t\t\t<\/div>\n\t\t\t\t<\/div>\n\t\t<div class=\"elementor-element elementor-element-34bd751 e-flex e-con-boxed e-con e-parent\" data-id=\"34bd751\" data-element_type=\"container\" data-e-type=\"container\">\n\t\t\t\t\t<div class=\"e-con-inner\">\n\t\t\t\t<div class=\"elementor-element elementor-element-7836626 elementor-widget elementor-widget-heading\" data-id=\"7836626\" data-element_type=\"widget\" data-e-type=\"widget\" data-widget_type=\"heading.default\">\n\t\t\t\t\t<h2 class=\"elementor-heading-title elementor-size-default\">Filmowanie z powietrza \u2013 reklama i promocja<\/h2>\t\t\t\t<\/div>\n\t\t\t\t<div class=\"elementor-element elementor-element-dce8ff2 elementor-widget__width-initial link-decoration elementor-widget elementor-widget-text-editor\" data-id=\"dce8ff2\" data-element_type=\"widget\" data-e-type=\"widget\" data-widget_type=\"text-editor.default\">\n\t\t\t\t\t\t\t\t\tKiedy celem jest stworzenie atrakcyjnego filmu reklamowego, promocyjnego lub jakiejkolwiek formy filmu, mo\u017cemy do uatrakcyjnienia jego tre\u015bci u\u017cy\u0107 techniki filmowania z powietrza czyli z popularnych ostatnio dron\u00f3w. Aby film by\u0142 doskona\u0142ej jako\u015bci, konieczne jest u\u017cycie profesjonalnego sprz\u0119tu, kt\u00f3ry zapewni profesjonalne zdj\u0119cia. Filmowanie z powietrza doskonale sprawdza si\u0119 w zdj\u0119ciach promocyjnych, powoduj\u0105c, \u017ce filmy staj\u0105 si\u0119 niezwykle efektowne i przyci\u0105gaj\u0105 uwag\u0119 widza. Zdj\u0119cia z lotu ptaka s\u0105 te\u017c stosowane w wielu reklamach. Dzi\u0119ki takiemu zabiegowi przekaz jest bardziej atrakcyjny, a sami tw\u00f3rcy maj\u0105 wi\u0119cej \u015brodk\u00f3w wyrazu do przekazania tre\u015bci reklamowej.\t\t\t\t\t\t\t\t<\/div>\n\t\t\t\t\t<\/div>\n\t\t\t\t<\/div>\n\t\t<div class=\"elementor-element elementor-element-6a826de e-flex e-con-boxed e-con e-parent\" data-id=\"6a826de\" data-element_type=\"container\" data-e-type=\"container\">\n\t\t\t\t\t<div class=\"e-con-inner\">\n\t\t\t\t<div class=\"elementor-element elementor-element-cb2f415 elementor-widget elementor-widget-video\" data-id=\"cb2f415\" data-element_type=\"widget\" data-e-type=\"widget\" data-settings=\"{&quot;video_type&quot;:&quot;vimeo&quot;}\" data-widget_type=\"video.default\">\n\t\t\t\t\t\t\t<div class=\"elementor-wrapper elementor-open-inline\">\n\t\t\t<iframe class=\"elementor-video-iframe\" allowfullscreen allow=\"clipboard-write\" title=\"vimeo Video Player\" src=\"https:\/\/player.vimeo.com\/video\/787871593?color&amp;autopause=0&amp;loop=0&amp;muted=0&amp;title=1&amp;portrait=1&amp;byline=1#t=\"><\/iframe>\t\t<\/div>\n\t\t\t\t\t\t<\/div>\n\t\t\t\t\t<\/div>\n\t\t\t\t<\/div>\n\t\t<div class=\"elementor-element elementor-element-dd8deca e-flex e-con-boxed e-con e-parent\" data-id=\"dd8deca\" data-element_type=\"container\" data-e-type=\"container\">\n\t\t\t\t\t<div class=\"e-con-inner\">\n\t\t\t\t<div class=\"elementor-element elementor-element-39a7398 elementor-widget elementor-widget-heading\" data-id=\"39a7398\" data-element_type=\"widget\" data-e-type=\"widget\" data-widget_type=\"heading.default\">\n\t\t\t\t\t<h4 class=\"elementor-heading-title elementor-size-default\">Filmowanie z powietrza w Simple Frame<\/h4>\t\t\t\t<\/div>\n\t\t\t\t<div class=\"elementor-element elementor-element-8a8c70e elementor-widget__width-initial link-decoration elementor-widget elementor-widget-text-editor\" data-id=\"8a8c70e\" data-element_type=\"widget\" data-e-type=\"widget\" data-widget_type=\"text-editor.default\">\n\t\t\t\t\t\t\t\t\tStudio <a href=\"https:\/\/marketingvideo.com.pl\/\" rel=\"noopener\">Simple Frame<\/a> oferuje szeroki zakres us\u0142ug produkcyjnych, w tym filmowanie z powietrza. Szczeg\u00f3lnie polecamy filmowanie dronem klientom zainteresowanym stworzeniem filmu promocyjnego czy reklamowego. Sprawdzi si\u0119 tak\u017ce przy produkcji film\u00f3w korporacyjnych, dzi\u0119ki czemu film zyskuje na atrakcyjno\u015bci. Filmowanie z powietrza mo\u017cliwe jest dzi\u0119ki zastosowaniu profesjonalnego sprz\u0119tu, dzi\u0119ki kt\u00f3remu uzyskuje si\u0119 doskona\u0142ej jako\u015bci zdj\u0119cia filmowe, gotowe do postprodukcji. Simple Frame oferuje jednak nie tylko filmowanie z powietrza, ale produkcj\u0119 filmow\u0105 z wykorzystaniem wielu dost\u0119pnych technik filmowych oraz produkcyjnych, aby mo\u017cliwie jak najlepiej odpowiada\u0107 na potrzeby klient\u00f3w i ich oczekiwania co do efektywno\u015bci film\u00f3w reklamowych, promocyjnych czy wizerunkowych.\t\t\t\t\t\t\t\t<\/div>\n\t\t\t\t\t<\/div>\n\t\t\t\t<\/div>\n\t\t<div class=\"elementor-element elementor-element-51d636a e-flex e-con-boxed e-con e-parent\" data-id=\"51d636a\" data-element_type=\"container\" data-e-type=\"container\" data-settings=\"{&quot;background_background&quot;:&quot;classic&quot;}\">\n\t\t\t\t\t<div class=\"e-con-inner\">\n\t\t<div class=\"elementor-element elementor-element-434351a e-con-full e-flex e-con e-child\" data-id=\"434351a\" data-element_type=\"container\" data-e-type=\"container\">\n\t\t\t\t<div class=\"elementor-element elementor-element-631bc0e elementor-widget elementor-widget-heading\" data-id=\"631bc0e\" data-element_type=\"widget\" data-e-type=\"widget\" data-widget_type=\"heading.default\">\n\t\t\t\t\t<h2 class=\"elementor-heading-title elementor-size-default\">Jeste\u015bmy polecani przez naszych klient\u00f3w<\/h2>\t\t\t\t<\/div>\n\t\t\t\t<div class=\"elementor-element elementor-element-a6ff110 elementor-widget__width-initial elementor-widget elementor-widget-text-editor\" data-id=\"a6ff110\" data-element_type=\"widget\" data-e-type=\"widget\" data-widget_type=\"text-editor.default\">\n\t\t\t\t\t\t\t\t\tZesp\u00f3\u0142 Simple Frame to grupa utalentowanych i kreatywnych ludzi, kt\u00f3rzy zawsze potrafi\u0105 wyj\u015b\u0107 poza schematy i stworzy\u0107 co\u015b wyj\u0105tkowego dla swoich klient\u00f3w.\t\t\t\t\t\t\t\t<\/div>\n\t\t\t\t<\/div>\n\t\t\t\t\t<\/div>\n\t\t\t\t<\/div>\n\t\t<div class=\"elementor-element elementor-element-8715df7 e-flex e-con-boxed e-con e-parent\" data-id=\"8715df7\" data-element_type=\"container\" data-e-type=\"container\">\n\t\t\t\t\t<div class=\"e-con-inner\">\n\t\t\t\t<div class=\"elementor-element elementor-element-58e1e68 elementor-pagination-type-bullets elementor-arrows-position-inside elementor-pagination-position-outside elementor-widget elementor-widget-n-carousel\" data-id=\"58e1e68\" data-element_type=\"widget\" data-e-type=\"widget\" data-settings=\"{&quot;carousel_items&quot;:[{&quot;slide_title&quot;:&quot;Slide #1&quot;,&quot;_id&quot;:&quot;cc86bf1&quot;},{&quot;slide_title&quot;:&quot;Slide #1&quot;,&quot;_id&quot;:&quot;fe44dfe&quot;},{&quot;slide_title&quot;:&quot;Slide #2&quot;,&quot;_id&quot;:&quot;273c1be&quot;},{&quot;slide_title&quot;:&quot;Slide #3&quot;,&quot;_id&quot;:&quot;296aa38&quot;},{&quot;_id&quot;:&quot;6ad9789&quot;,&quot;slide_title&quot;:&quot;Slide #5&quot;}],&quot;slides_to_show_tablet&quot;:&quot;2&quot;,&quot;slides_to_show_mobile&quot;:&quot;1&quot;,&quot;autoplay&quot;:&quot;yes&quot;,&quot;autoplay_speed&quot;:5000,&quot;pause_on_hover&quot;:&quot;yes&quot;,&quot;pause_on_interaction&quot;:&quot;yes&quot;,&quot;infinite&quot;:&quot;yes&quot;,&quot;speed&quot;:500,&quot;offset_sides&quot;:&quot;none&quot;,&quot;arrows&quot;:&quot;yes&quot;,&quot;pagination&quot;:&quot;bullets&quot;,&quot;image_spacing_custom&quot;:{&quot;unit&quot;:&quot;px&quot;,&quot;size&quot;:10,&quot;sizes&quot;:[]},&quot;image_spacing_custom_tablet&quot;:{&quot;unit&quot;:&quot;px&quot;,&quot;size&quot;:&quot;&quot;,&quot;sizes&quot;:[]},&quot;image_spacing_custom_mobile&quot;:{&quot;unit&quot;:&quot;px&quot;,&quot;size&quot;:&quot;&quot;,&quot;sizes&quot;:[]}}\" data-widget_type=\"nested-carousel.default\">\n\t\t\t\t\t\t\t<div class=\"e-n-carousel swiper\" role=\"region\" aria-roledescription=\"carousel\" aria-label=\"Logos\" dir=\"ltr\">\n\t\t\t<div class=\"swiper-wrapper\" aria-live=\"off\">\n\t\t\t\t\t\t\t\t\t\t<div class=\"swiper-slide\" data-slide=\"1\" role=\"group\" aria-roledescription=\"slide\" aria-label=\"1 of 5\">\n\t\t\t\t\t\t\t<div class=\"elementor-element elementor-element-006209b e-flex e-con-boxed e-con e-child\" data-id=\"006209b\" data-element_type=\"container\" data-e-type=\"container\">\n\t\t\t\t\t<div class=\"e-con-inner\">\n\t\t\t\t<div class=\"elementor-element elementor-element-fdbf554 elementor-widget elementor-widget-image\" data-id=\"fdbf554\" data-element_type=\"widget\" data-e-type=\"widget\" data-widget_type=\"image.default\">\n\t\t\t\t\t\t\t\t\t\t\t\t\t\t\t<img loading=\"lazy\" decoding=\"async\" width=\"693\" height=\"274\" src=\"https:\/\/www.simpleframe.pl\/wp-content\/uploads\/2025\/10\/Pfizer.gif\" class=\"attachment-large size-large wp-image-13457\" alt=\"\" \/>\t\t\t\t\t\t\t\t\t\t\t\t\t\t\t<\/div>\n\t\t\t\t\t<\/div>\n\t\t\t\t<\/div>\n\t\t\t\t\t\t\t\t<\/div>\n\t\t\t\t\t\t\t\t\t\t\t<div class=\"swiper-slide\" data-slide=\"2\" role=\"group\" aria-roledescription=\"slide\" aria-label=\"2 of 5\">\n\t\t\t\t\t\t\t<div class=\"elementor-element elementor-element-e6c8083 e-flex e-con-boxed e-con e-child\" data-id=\"e6c8083\" data-element_type=\"container\" data-e-type=\"container\">\n\t\t\t\t\t<div class=\"e-con-inner\">\n\t\t\t\t<div class=\"elementor-element elementor-element-385dd24 elementor-widget elementor-widget-image\" data-id=\"385dd24\" data-element_type=\"widget\" data-e-type=\"widget\" data-widget_type=\"image.default\">\n\t\t\t\t\t\t\t\t\t\t\t\t\t\t\t<img loading=\"lazy\" decoding=\"async\" width=\"693\" height=\"274\" src=\"https:\/\/www.simpleframe.pl\/wp-content\/uploads\/2025\/10\/Wodociagi-2.gif\" class=\"attachment-large size-large wp-image-13514\" alt=\"\" \/>\t\t\t\t\t\t\t\t\t\t\t\t\t\t\t<\/div>\n\t\t\t\t\t<\/div>\n\t\t\t\t<\/div>\n\t\t\t\t\t\t\t\t<\/div>\n\t\t\t\t\t\t\t\t\t\t\t<div class=\"swiper-slide\" data-slide=\"3\" role=\"group\" aria-roledescription=\"slide\" aria-label=\"3 of 5\">\n\t\t\t\t\t\t\t<div class=\"elementor-element elementor-element-a3b0eaf e-flex e-con-boxed e-con e-child\" data-id=\"a3b0eaf\" data-element_type=\"container\" data-e-type=\"container\">\n\t\t\t\t\t<div class=\"e-con-inner\">\n\t\t\t\t<div class=\"elementor-element elementor-element-77396dd elementor-widget elementor-widget-image\" data-id=\"77396dd\" data-element_type=\"widget\" data-e-type=\"widget\" data-widget_type=\"image.default\">\n\t\t\t\t\t\t\t\t\t\t\t\t\t\t\t<img loading=\"lazy\" decoding=\"async\" width=\"693\" height=\"274\" src=\"https:\/\/www.simpleframe.pl\/wp-content\/uploads\/2025\/10\/Asseco.gif\" class=\"attachment-large size-large wp-image-13502\" alt=\"\" \/>\t\t\t\t\t\t\t\t\t\t\t\t\t\t\t<\/div>\n\t\t\t\t\t<\/div>\n\t\t\t\t<\/div>\n\t\t\t\t\t\t\t\t<\/div>\n\t\t\t\t\t\t\t\t\t\t\t<div class=\"swiper-slide\" data-slide=\"4\" role=\"group\" aria-roledescription=\"slide\" aria-label=\"4 of 5\">\n\t\t\t\t\t\t\t<div class=\"elementor-element elementor-element-55bfd90 e-flex e-con-boxed e-con e-child\" data-id=\"55bfd90\" data-element_type=\"container\" data-e-type=\"container\">\n\t\t\t\t\t<div class=\"e-con-inner\">\n\t\t\t\t<div class=\"elementor-element elementor-element-aada511 elementor-widget elementor-widget-image\" data-id=\"aada511\" data-element_type=\"widget\" data-e-type=\"widget\" data-widget_type=\"image.default\">\n\t\t\t\t\t\t\t\t\t\t\t\t\t\t\t<img loading=\"lazy\" decoding=\"async\" width=\"693\" height=\"274\" src=\"https:\/\/www.simpleframe.pl\/wp-content\/uploads\/2025\/10\/SilverCargo.gif\" class=\"attachment-large size-large wp-image-13498\" alt=\"\" \/>\t\t\t\t\t\t\t\t\t\t\t\t\t\t\t<\/div>\n\t\t\t\t\t<\/div>\n\t\t\t\t<\/div>\n\t\t\t\t\t\t\t\t<\/div>\n\t\t\t\t\t\t\t\t\t\t\t<div class=\"swiper-slide\" data-slide=\"5\" role=\"group\" aria-roledescription=\"slide\" aria-label=\"5 of 5\">\n\t\t\t\t\t\t\t<div class=\"elementor-element elementor-element-0ac35fe e-flex e-con-boxed e-con e-child\" data-id=\"0ac35fe\" data-element_type=\"container\" data-e-type=\"container\">\n\t\t\t\t\t<div class=\"e-con-inner\">\n\t\t\t\t<div class=\"elementor-element elementor-element-e770148 elementor-widget elementor-widget-image\" data-id=\"e770148\" data-element_type=\"widget\" data-e-type=\"widget\" data-widget_type=\"image.default\">\n\t\t\t\t\t\t\t\t\t\t\t\t\t\t\t<img loading=\"lazy\" decoding=\"async\" width=\"693\" height=\"274\" src=\"https:\/\/www.simpleframe.pl\/wp-content\/uploads\/2025\/10\/Dencermann-1.gif\" class=\"attachment-large size-large wp-image-13510\" alt=\"\" \/>\t\t\t\t\t\t\t\t\t\t\t\t\t\t\t<\/div>\n\t\t\t\t\t<\/div>\n\t\t\t\t<\/div>\n\t\t\t\t\t\t\t\t<\/div>\n\t\t\t\t\t\t\t\t<\/div>\n\t\t<\/div>\n\t\t\t\t\t<div class=\"elementor-swiper-button elementor-swiper-button-prev\" role=\"button\" tabindex=\"0\" aria-label=\"Previous\">\n\t\t\t\t<svg aria-hidden=\"true\" class=\"e-font-icon-svg e-eicon-chevron-left\" viewBox=\"0 0 1000 1000\" xmlns=\"http:\/\/www.w3.org\/2000\/svg\"><path d=\"M646 125C629 125 613 133 604 142L308 442C296 454 292 471 292 487 292 504 296 521 308 533L604 854C617 867 629 875 646 875 663 875 679 871 692 858 704 846 713 829 713 812 713 796 708 779 692 767L438 487 692 225C700 217 708 204 708 187 708 171 704 154 692 142 675 129 663 125 646 125Z\"><\/path><\/svg>\t\t\t<\/div>\n\t\t\t<div class=\"elementor-swiper-button elementor-swiper-button-next\" role=\"button\" tabindex=\"0\" aria-label=\"Next\">\n\t\t\t\t<svg aria-hidden=\"true\" class=\"e-font-icon-svg e-eicon-chevron-right\" viewBox=\"0 0 1000 1000\" xmlns=\"http:\/\/www.w3.org\/2000\/svg\"><path d=\"M696 533C708 521 713 504 713 487 713 471 708 454 696 446L400 146C388 133 375 125 354 125 338 125 325 129 313 142 300 154 292 171 292 187 292 204 296 221 308 233L563 492 304 771C292 783 288 800 288 817 288 833 296 850 308 863 321 871 338 875 354 875 371 875 388 867 400 854L696 533Z\"><\/path><\/svg>\t\t\t<\/div>\n\t\t\t\t\t<div class=\"swiper-pagination\"><\/div>\n\t\t\t\t\t\t<\/div>\n\t\t\t\t\t<\/div>\n\t\t\t\t<\/div>\n\t\t\t\t<\/div>\n\t\t","protected":false},"excerpt":{"rendered":"<p>Dron jako narz\u0119dzie filmowe. Wsp\u00f3\u0142czesna technologia pozwala na zastosowanie technik filmowych niedost\u0119pnych jeszcze kilka lat temu. U\u017cycie dron\u00f3w do filmowania z powietrza i tworzenia materia\u0142\u00f3w filmowych wysokiej jako\u015bci pozwala na tworzenie niepowtarzalnych zdj\u0119\u0107. Ma to szerokie zastosowanie r\u00f3wnie\u017c w filmach reklamowych czy promocyjnych. Filmowanie z powietrza \u2013 reklama i promocja Kiedy celem jest stworzenie atrakcyjnego [&hellip;]<\/p>\n","protected":false},"author":3,"featured_media":0,"parent":0,"menu_order":0,"comment_status":"closed","ping_status":"closed","template":"","meta":{"footnotes":""},"categories":[],"tags":[],"class_list":["post-76","page","type-page","status-publish","hentry"],"_links":{"self":[{"href":"https:\/\/www.simpleframe.pl\/en\/wp-json\/wp\/v2\/pages\/76","targetHints":{"allow":["GET"]}}],"collection":[{"href":"https:\/\/www.simpleframe.pl\/en\/wp-json\/wp\/v2\/pages"}],"about":[{"href":"https:\/\/www.simpleframe.pl\/en\/wp-json\/wp\/v2\/types\/page"}],"author":[{"embeddable":true,"href":"https:\/\/www.simpleframe.pl\/en\/wp-json\/wp\/v2\/users\/3"}],"replies":[{"embeddable":true,"href":"https:\/\/www.simpleframe.pl\/en\/wp-json\/wp\/v2\/comments?post=76"}],"version-history":[{"count":28,"href":"https:\/\/www.simpleframe.pl\/en\/wp-json\/wp\/v2\/pages\/76\/revisions"}],"predecessor-version":[{"id":13650,"href":"https:\/\/www.simpleframe.pl\/en\/wp-json\/wp\/v2\/pages\/76\/revisions\/13650"}],"wp:attachment":[{"href":"https:\/\/www.simpleframe.pl\/en\/wp-json\/wp\/v2\/media?parent=76"}],"wp:term":[{"taxonomy":"category","embeddable":true,"href":"https:\/\/www.simpleframe.pl\/en\/wp-json\/wp\/v2\/categories?post=76"},{"taxonomy":"post_tag","embeddable":true,"href":"https:\/\/www.simpleframe.pl\/en\/wp-json\/wp\/v2\/tags?post=76"}],"curies":[{"name":"wp","href":"https:\/\/api.w.org\/{rel}","templated":true}]}}