{"id":13887,"date":"2025-11-17T18:56:11","date_gmt":"2025-11-17T17:56:11","guid":{"rendered":"https:\/\/www.simpleframe.pl\/?page_id=13887"},"modified":"2026-03-18T09:31:51","modified_gmt":"2026-03-18T08:31:51","slug":"online-transmission","status":"publish","type":"page","link":"https:\/\/www.simpleframe.pl\/en\/transmisja-online\/","title":{"rendered":"Online broadcasting"},"content":{"rendered":"\t\t<div data-elementor-type=\"wp-page\" data-elementor-id=\"13887\" class=\"elementor elementor-13887\" data-elementor-post-type=\"page\">\n\t\t\t\t<div class=\"elementor-element elementor-element-9931dc4 page-video-bar e-flex e-con-boxed e-con e-parent\" data-id=\"9931dc4\" data-element_type=\"container\" data-e-type=\"container\" data-settings=\"{&quot;background_background&quot;:&quot;video&quot;,&quot;background_video_link&quot;:&quot;https:\\\/\\\/www.simpleframe.pl\\\/wp-content\\\/uploads\\\/2025\\\/11\\\/Online.mp4&quot;,&quot;background_play_on_mobile&quot;:&quot;yes&quot;}\">\n\t\t\t\t\t<div class=\"e-con-inner\">\n\t\t<div class=\"elementor-background-video-container\">\n\t\t\t\t\t\t\t<video class=\"elementor-background-video-hosted\" role=\"presentation\" autoplay muted playsinline loop><\/video>\n\t\t\t\t\t<\/div>\t\t<div class=\"elementor-element elementor-element-714c13c elementor-widget elementor-widget-heading\" data-id=\"714c13c\" data-element_type=\"widget\" data-e-type=\"widget\" data-widget_type=\"heading.default\">\n\t\t\t\t\t<h1 class=\"elementor-heading-title elementor-size-default\">Transmisja online w Simple Frame<\/h1>\t\t\t\t<\/div>\n\t\t\t\t<div class=\"elementor-element elementor-element-60ad41a elementor-widget__width-initial elementor-widget elementor-widget-text-editor\" data-id=\"60ad41a\" data-element_type=\"widget\" data-e-type=\"widget\" data-widget_type=\"text-editor.default\">\n\t\t\t\t\t\t\t\t\t<p>Oferujemy kompleksow\u0105 obs\u0142ug\u0119 transmisji online, dzi\u0119ki kt\u00f3rym dotrzesz do szerokiej publiczno\u015bci w wysokiej jako\u015bci i bez zak\u0142\u00f3ce\u0144. Zadbamy o techniczn\u0105 perfekcj\u0119, opraw\u0119 wizualn\u0105 i p\u0142ynny przebieg ca\u0142ego wydarzenia.<\/p>\t\t\t\t\t\t\t\t<\/div>\n\t\t\t\t<div class=\"elementor-element elementor-element-36b4fc7 elementor-align-center elementor-widget elementor-widget-button\" data-id=\"36b4fc7\" data-element_type=\"widget\" data-e-type=\"widget\" data-widget_type=\"button.default\">\n\t\t\t\t\t\t\t\t\t\t<a class=\"elementor-button elementor-button-link elementor-size-sm\" href=\"#kontakt\">\n\t\t\t\t\t\t<span class=\"elementor-button-content-wrapper\">\n\t\t\t\t\t\t<span class=\"elementor-button-icon\">\n\t\t\t\t<svg aria-hidden=\"true\" class=\"e-font-icon-svg e-far-envelope\" viewBox=\"0 0 512 512\" xmlns=\"http:\/\/www.w3.org\/2000\/svg\"><path d=\"M464 64H48C21.49 64 0 85.49 0 112v288c0 26.51 21.49 48 48 48h416c26.51 0 48-21.49 48-48V112c0-26.51-21.49-48-48-48zm0 48v40.805c-22.422 18.259-58.168 46.651-134.587 106.49-16.841 13.247-50.201 45.072-73.413 44.701-23.208.375-56.579-31.459-73.413-44.701C106.18 199.465 70.425 171.067 48 152.805V112h416zM48 400V214.398c22.914 18.251 55.409 43.862 104.938 82.646 21.857 17.205 60.134 55.186 103.062 54.955 42.717.231 80.509-37.199 103.053-54.947 49.528-38.783 82.032-64.401 104.947-82.653V400H48z\"><\/path><\/svg>\t\t\t<\/span>\n\t\t\t\t\t\t\t\t\t<span class=\"elementor-button-text\">Zam\u00f3w darmow\u0105 wycen\u0119<\/span>\n\t\t\t\t\t<\/span>\n\t\t\t\t\t<\/a>\n\t\t\t\t\t\t\t\t<\/div>\n\t\t\t\t\t<\/div>\n\t\t\t\t<\/div>\n\t\t<div class=\"elementor-element elementor-element-55b9a2d e-flex e-con-boxed e-con e-parent\" data-id=\"55b9a2d\" data-element_type=\"container\" data-e-type=\"container\">\n\t\t\t\t\t<div class=\"e-con-inner\">\n\t\t<div class=\"elementor-element elementor-element-9072548 e-con-full e-flex e-con e-child\" data-id=\"9072548\" data-element_type=\"container\" data-e-type=\"container\">\n\t\t\t\t<div class=\"elementor-element elementor-element-88d1ada elementor-widget elementor-widget-heading\" data-id=\"88d1ada\" data-element_type=\"widget\" data-e-type=\"widget\" data-widget_type=\"heading.default\">\n\t\t\t\t\t<h2 class=\"elementor-heading-title elementor-size-default\">Profesjonalna transmisja online<\/h2>\t\t\t\t<\/div>\n\t\t\t\t<div class=\"elementor-element elementor-element-cefbd05 elementor-widget elementor-widget-text-editor\" data-id=\"cefbd05\" data-element_type=\"widget\" data-e-type=\"widget\" data-widget_type=\"text-editor.default\">\n\t\t\t\t\t\t\t\t\t<p>Szukasz sposobu na dotarcie do szerszej publiczno\u015bci? Potrzebujesz profesjonalnej transmisji online swojego wydarzenia? Oferujemy kompleksowe us\u0142ugi streamingowe, kt\u00f3re pomog\u0105 Ci zrealizowa\u0107 konferencj\u0119, webinar czy event firmowy na najwy\u017cszym poziomie. Dzi\u0119ki naszemu do\u015bwiadczeniu i zaawansowanemu sprz\u0119towi, Twoje wydarzenie dotrze do odbiorc\u00f3w na ca\u0142ym \u015bwiecie.<\/p><p>Docieraj do nieograniczonej liczby odbiorc\u00f3w, niezale\u017cnie od ich lokalizacji. Transmisja online pozwala przekroczy\u0107 fizyczne bariery i dotrze\u0107 do klient\u00f3w na ca\u0142ym \u015bwiecie.<\/p><p>Zredukuj wydatki zwi\u0105zane z organizacj\u0105 du\u017cych wydarze\u0144 stacjonarnych. Transmisja online eliminuje koszty wynajmu wi\u0119kszych sal czy cateringu dla wszystkich uczestnik\u00f3w.<\/p><p>Otrzymaj profesjonalne nagranie, kt\u00f3re mo\u017cesz wykorzysta\u0107 w przysz\u0142ych dzia\u0142aniach marketingowych. Twoje wydarzenie staje si\u0119 warto\u015bciowym zasobem na d\u0142ugo po jego zako\u0144czeniu.<\/p>\t\t\t\t\t\t\t\t<\/div>\n\t\t\t\t<\/div>\n\t\t<div class=\"elementor-element elementor-element-3f8647f e-con-full e-flex e-con e-child\" data-id=\"3f8647f\" data-element_type=\"container\" data-e-type=\"container\">\n\t\t\t\t<div class=\"elementor-element elementor-element-1649e2c elementor-widget elementor-widget-image\" data-id=\"1649e2c\" data-element_type=\"widget\" data-e-type=\"widget\" data-widget_type=\"image.default\">\n\t\t\t\t\t\t\t\t\t\t\t\t\t\t\t<img loading=\"lazy\" decoding=\"async\" width=\"800\" height=\"534\" src=\"https:\/\/www.simpleframe.pl\/wp-content\/uploads\/2026\/03\/Transmisja_Online.jpg\" class=\"attachment-large size-large wp-image-16793\" alt=\"Transmisja online\" srcset=\"https:\/\/www.simpleframe.pl\/wp-content\/uploads\/2026\/03\/Transmisja_Online.jpg 800w, https:\/\/www.simpleframe.pl\/wp-content\/uploads\/2026\/03\/Transmisja_Online-300x200.jpg 300w, https:\/\/www.simpleframe.pl\/wp-content\/uploads\/2026\/03\/Transmisja_Online-768x513.jpg 768w, https:\/\/www.simpleframe.pl\/wp-content\/uploads\/2026\/03\/Transmisja_Online-18x12.jpg 18w\" sizes=\"auto, (max-width: 800px) 100vw, 800px\" \/>\t\t\t\t\t\t\t\t\t\t\t\t\t\t\t<\/div>\n\t\t\t\t<\/div>\n\t\t\t\t\t<\/div>\n\t\t\t\t<\/div>\n\t\t<div class=\"elementor-element elementor-element-2b6255a e-flex e-con-boxed e-con e-parent\" data-id=\"2b6255a\" data-element_type=\"container\" data-e-type=\"container\">\n\t\t\t\t\t<div class=\"e-con-inner\">\n\t\t<div class=\"elementor-element elementor-element-20327dd e-con-full e-flex e-con e-child\" data-id=\"20327dd\" data-element_type=\"container\" data-e-type=\"container\">\n\t\t\t\t<div class=\"elementor-element elementor-element-bcd1679 elementor-widget elementor-widget-image\" data-id=\"bcd1679\" data-element_type=\"widget\" data-e-type=\"widget\" data-widget_type=\"image.default\">\n\t\t\t\t\t\t\t\t\t\t\t\t\t\t\t<img loading=\"lazy\" decoding=\"async\" width=\"800\" height=\"552\" src=\"https:\/\/www.simpleframe.pl\/wp-content\/uploads\/2025\/10\/MG_4288-1024x707.webp\" class=\"attachment-large size-large wp-image-13569\" alt=\"dom produkcyjny warszawa\" srcset=\"https:\/\/www.simpleframe.pl\/wp-content\/uploads\/2025\/10\/MG_4288-1024x707.webp 1024w, https:\/\/www.simpleframe.pl\/wp-content\/uploads\/2025\/10\/MG_4288-300x207.webp 300w, https:\/\/www.simpleframe.pl\/wp-content\/uploads\/2025\/10\/MG_4288-768x530.webp 768w, https:\/\/www.simpleframe.pl\/wp-content\/uploads\/2025\/10\/MG_4288-18x12.webp 18w, https:\/\/www.simpleframe.pl\/wp-content\/uploads\/2025\/10\/MG_4288.webp 1200w\" sizes=\"auto, (max-width: 800px) 100vw, 800px\" \/>\t\t\t\t\t\t\t\t\t\t\t\t\t\t\t<\/div>\n\t\t\t\t<\/div>\n\t\t<div class=\"elementor-element elementor-element-5bd618a e-con-full e-flex e-con e-child\" data-id=\"5bd618a\" data-element_type=\"container\" data-e-type=\"container\">\n\t\t\t\t<div class=\"elementor-element elementor-element-b834c4f elementor-widget elementor-widget-heading\" data-id=\"b834c4f\" data-element_type=\"widget\" data-e-type=\"widget\" data-widget_type=\"heading.default\">\n\t\t\t\t\t<h2 class=\"elementor-heading-title elementor-size-default\">Zrealizuj swoj\u0105 transmisj\u0119 online z nami!<\/h2>\t\t\t\t<\/div>\n\t\t\t\t<div class=\"elementor-element elementor-element-4da9cee elementor-widget elementor-widget-text-editor\" data-id=\"4da9cee\" data-element_type=\"widget\" data-e-type=\"widget\" data-widget_type=\"text-editor.default\">\n\t\t\t\t\t\t\t\t\t<p>Zrealizowali\u015bmy setki transmisji online dla klient\u00f3w z r\u00f3\u017cnych bran\u017c. Nasze do\u015bwiadczenie gwarantuje sprawn\u0105 realizacj\u0119 nawet najbardziej wymagaj\u0105cych projekt\u00f3w.<\/p><p>Korzystamy z profesjonalnego sprz\u0119tu i najnowszych technologii, aby zapewni\u0107 transmisj\u0119 w najwy\u017cszej jako\u015bci obrazu i d\u017awi\u0119ku.<\/p><p>Zajmujemy si\u0119 wszystkimi aspektami technicznymi transmisji, dzi\u0119ki czemu mo\u017cesz skupi\u0107 si\u0119 na merytorycznej stronie wydarzenia.<\/p><p>Zapewniamy pe\u0142ne <a href=\"https:\/\/www.simpleframe.pl\/nagrywanie_wywiadu\/\">wsparcie techniczne<\/a> przed, w trakcie i po transmisji online, aby wszystko przebieg\u0142o bez zak\u0142\u00f3ce\u0144.<\/p>\t\t\t\t\t\t\t\t<\/div>\n\t\t\t\t<\/div>\n\t\t\t\t\t<\/div>\n\t\t\t\t<\/div>\n\t\t<div class=\"elementor-element elementor-element-7f63660 e-flex e-con-boxed e-con e-parent\" data-id=\"7f63660\" data-element_type=\"container\" data-e-type=\"container\">\n\t\t\t\t\t<div class=\"e-con-inner\">\n\t\t\t\t<div class=\"elementor-element elementor-element-e7591e9 elementor-widget elementor-widget-video\" data-id=\"e7591e9\" data-element_type=\"widget\" data-e-type=\"widget\" data-settings=\"{&quot;video_type&quot;:&quot;vimeo&quot;}\" data-widget_type=\"video.default\">\n\t\t\t\t\t\t\t<div class=\"elementor-wrapper elementor-open-inline\">\n\t\t\t<iframe class=\"elementor-video-iframe\" allowfullscreen allow=\"clipboard-write\" title=\"vimeo Odtwarzacz filmu\" src=\"https:\/\/player.vimeo.com\/video\/305464805?color&amp;autopause=0&amp;loop=0&amp;muted=0&amp;title=1&amp;portrait=1&amp;byline=1#t=\"><\/iframe>\t\t<\/div>\n\t\t\t\t\t\t<\/div>\n\t\t\t\t\t<\/div>\n\t\t\t\t<\/div>\n\t\t<div class=\"elementor-element elementor-element-b59f8b3 e-flex e-con-boxed e-con e-parent\" data-id=\"b59f8b3\" data-element_type=\"container\" data-e-type=\"container\">\n\t\t\t\t\t<div class=\"e-con-inner\">\n\t\t\t\t\t<\/div>\n\t\t\t\t<\/div>\n\t\t<div class=\"elementor-element elementor-element-7680d03 e-flex e-con-boxed e-con e-parent\" data-id=\"7680d03\" data-element_type=\"container\" data-e-type=\"container\">\n\t\t\t\t\t<div class=\"e-con-inner\">\n\t\t<div class=\"elementor-element elementor-element-4fdcac8 e-con-full e-flex e-con e-child\" data-id=\"4fdcac8\" data-element_type=\"container\" data-e-type=\"container\">\n\t\t\t\t<div class=\"elementor-element elementor-element-b12cd49 elementor-widget elementor-widget-heading\" data-id=\"b12cd49\" data-element_type=\"widget\" data-e-type=\"widget\" data-widget_type=\"heading.default\">\n\t\t\t\t\t<h2 class=\"elementor-heading-title elementor-size-default\">Realizacja transmisji<\/h2>\t\t\t\t<\/div>\n\t\t\t\t<div class=\"elementor-element elementor-element-b485994 elementor-widget elementor-widget-text-editor\" data-id=\"b485994\" data-element_type=\"widget\" data-e-type=\"widget\" data-widget_type=\"text-editor.default\">\n\t\t\t\t\t\t\t\t\t<p>Dostosowujemy nasze us\u0142ugi do indywidualnych potrzeb klienta, niezale\u017cnie od skali i charakteru wydarzenia.<\/p><p>Zapewniamy pe\u0142ne <a href=\"https:\/\/prezentacje-multimedialne.com.pl\/\" rel=\"noopener\">wsparcie techniczne<\/a> przed, w trakcie i po transmisji online, aby wszystko przebieg\u0142o bez zak\u0142\u00f3ce\u0144.<\/p><p>Jeste\u015bmy w stanie zorganizowa\u0107 transmisj\u0119 online nawet w kr\u00f3tkim czasie, zachowuj\u0105c przy tym najwy\u017csze standardy jako\u015bci.<\/p><p>Profesjonalna transmisja online konferencji biznesowych, kongres\u00f3w i sympozj\u00f3w z mo\u017cliwo\u015bci\u0105 interakcji z uczestnikami zdalnymi.<\/p>\t\t\t\t\t\t\t\t<\/div>\n\t\t\t\t<\/div>\n\t\t<div class=\"elementor-element elementor-element-2fbe1a2 e-con-full e-flex e-con e-child\" data-id=\"2fbe1a2\" data-element_type=\"container\" data-e-type=\"container\">\n\t\t\t\t<div class=\"elementor-element elementor-element-d032a71 elementor-widget elementor-widget-image\" data-id=\"d032a71\" data-element_type=\"widget\" data-e-type=\"widget\" data-widget_type=\"image.default\">\n\t\t\t\t\t\t\t\t\t\t\t\t\t\t\t<img loading=\"lazy\" decoding=\"async\" width=\"800\" height=\"534\" src=\"https:\/\/www.simpleframe.pl\/wp-content\/uploads\/2026\/03\/TransmisjaOnline_02.jpg\" class=\"attachment-large size-large wp-image-16792\" alt=\"Transmisja online\" srcset=\"https:\/\/www.simpleframe.pl\/wp-content\/uploads\/2026\/03\/TransmisjaOnline_02.jpg 800w, https:\/\/www.simpleframe.pl\/wp-content\/uploads\/2026\/03\/TransmisjaOnline_02-300x200.jpg 300w, https:\/\/www.simpleframe.pl\/wp-content\/uploads\/2026\/03\/TransmisjaOnline_02-768x513.jpg 768w, https:\/\/www.simpleframe.pl\/wp-content\/uploads\/2026\/03\/TransmisjaOnline_02-18x12.jpg 18w\" sizes=\"auto, (max-width: 800px) 100vw, 800px\" \/>\t\t\t\t\t\t\t\t\t\t\t\t\t\t\t<\/div>\n\t\t\t\t<\/div>\n\t\t\t\t\t<\/div>\n\t\t\t\t<\/div>\n\t\t<div class=\"elementor-element elementor-element-db9523a e-flex e-con-boxed e-con e-parent\" data-id=\"db9523a\" data-element_type=\"container\" data-e-type=\"container\">\n\t\t\t\t\t<div class=\"e-con-inner\">\n\t\t\t\t<div class=\"elementor-element elementor-element-df18491 elementor-widget elementor-widget-text-editor\" data-id=\"df18491\" data-element_type=\"widget\" data-e-type=\"widget\" data-widget_type=\"text-editor.default\">\n\t\t\t\t\t\t\t\t\t<h2 style=\"text-align: center;\">Kompleksowa realizacja transmisji online<\/h2><p data-start=\"101\" data-end=\"633\">Proces przygotowania transmisji online w Simple Frame przebiega sprawnie i w pe\u0142ni profesjonalnie. Zaczynamy od planowania technicznego i ustalenia przebiegu wydarzenia, co stanowi fundament ka\u017cdej udanej realizacji live. Nast\u0119pnie przechodzimy do przygotowania sprz\u0119tu, ustawienia kamer, o\u015bwietlenia i d\u017awi\u0119ku \u2013 nasz zesp\u00f3\u0142 dba o ka\u017cdy detal, aby transmisja przebieg\u0142a bez zak\u0142\u00f3ce\u0144. Finalnym etapem jest realizacja na \u017cywo oraz nadz\u00f3r nad jako\u015bci\u0105 streamu, tak aby wydarzenie zosta\u0142o dostarczone odbiorcom w najwy\u017cszym standardzie.<\/p><p data-start=\"635\" data-end=\"961\">\u015aledzimy najnowsze trendy w zakresie realizacji live. Ka\u017cd\u0105 transmisj\u0119 online wzbogacamy o nowoczesn\u0105 opraw\u0119 graficzn\u0105, dynamiczne plansze, animacje oraz profesjonalne ud\u017awi\u0119kowienie. Dbamy o to, by transmisje online by\u0142y nie tylko technicznie perfekcyjne, ale tak\u017ce wizualnie atrakcyjne i wyr\u00f3\u017cniaj\u0105ce si\u0119 na tle konkurencji.<\/p>\t\t\t\t\t\t\t\t<\/div>\n\t\t\t\t\t<\/div>\n\t\t\t\t<\/div>\n\t\t<div class=\"elementor-element elementor-element-65659e7 e-flex e-con-boxed e-con e-parent\" data-id=\"65659e7\" data-element_type=\"container\" data-e-type=\"container\">\n\t\t\t\t\t<div class=\"e-con-inner\">\n\t\t\t\t<div class=\"elementor-element elementor-element-95415c9 elementor-widget elementor-widget-menu-anchor\" data-id=\"95415c9\" data-element_type=\"widget\" data-e-type=\"widget\" data-widget_type=\"menu-anchor.default\">\n\t\t\t\t\t\t\t<div class=\"elementor-menu-anchor\" id=\"kontakt\"><\/div>\n\t\t\t\t\t\t<\/div>\n\t\t\t\t\t<\/div>\n\t\t\t\t<\/div>\n\t\t<div class=\"elementor-element elementor-element-69d76659 e-flex e-con-boxed e-con e-parent\" data-id=\"69d76659\" data-element_type=\"container\" data-e-type=\"container\">\n\t\t\t\t\t<div class=\"e-con-inner\">\n\t\t<div class=\"elementor-element elementor-element-58e332a2 e-con-full e-flex e-con e-child\" data-id=\"58e332a2\" data-element_type=\"container\" data-e-type=\"container\">\n\t\t<div class=\"elementor-element elementor-element-5b0f05bd e-con-full e-flex e-con e-child\" data-id=\"5b0f05bd\" data-element_type=\"container\" data-e-type=\"container\">\n\t\t\t\t<div class=\"elementor-element elementor-element-5721ae77 elementor-widget elementor-widget-heading\" data-id=\"5721ae77\" data-element_type=\"widget\" data-e-type=\"widget\" data-widget_type=\"heading.default\">\n\t\t\t\t\t<h2 class=\"elementor-heading-title elementor-size-default\">Darmowa wycena<\/h2>\t\t\t\t<\/div>\n\t\t\t\t<div class=\"elementor-element elementor-element-5bddafde elementor-widget elementor-widget-text-editor\" data-id=\"5bddafde\" data-element_type=\"widget\" data-e-type=\"widget\" data-widget_type=\"text-editor.default\">\n\t\t\t\t\t\t\t\t\t<p>Skontaktuj si\u0119 z nami! \ud83d\udc4b\ud83c\udffc<\/p>\t\t\t\t\t\t\t\t<\/div>\n\t\t\t\t<\/div>\n\t\t\t\t<div class=\"elementor-element elementor-element-6f0dc6a0 elementor-widget elementor-widget-text-editor\" data-id=\"6f0dc6a0\" data-element_type=\"widget\" data-e-type=\"widget\" data-widget_type=\"text-editor.default\">\n\t\t\t\t\t\t\t\t\t<p>Planujesz transmisj\u0119 online, kt\u00f3ra podniesie rang\u0119 Twojego wydarzenia? Skontaktuj si\u0119 z Simple Frame i odkryj pe\u0142ne mo\u017cliwo\u015bci profesjonalnych realizacji na \u017cywo. Nasz zesp\u00f3\u0142 ekspert\u00f3w zadba o ka\u017cdy aspekt transmisji online, aby Twoje wydarzenie dotar\u0142o do odbiorc\u00f3w w najwy\u017cszej jako\u015bci i zrobi\u0142o realne wra\u017cenie \u2013 zar\u00f3wno wizerunkowe, jak i biznesowe.<\/p>\t\t\t\t\t\t\t\t<\/div>\n\t\t<div class=\"elementor-element elementor-element-73e27134 e-con-full e-flex e-con e-child\" data-id=\"73e27134\" data-element_type=\"container\" data-e-type=\"container\">\n\t\t<div class=\"elementor-element elementor-element-6f1262ef e-con-full e-flex e-con e-child\" data-id=\"6f1262ef\" data-element_type=\"container\" data-e-type=\"container\">\n\t\t\t\t<div class=\"elementor-element elementor-element-4706837c elementor-widget elementor-widget-text-editor\" data-id=\"4706837c\" data-element_type=\"widget\" data-e-type=\"widget\" data-widget_type=\"text-editor.default\">\n\t\t\t\t\t\t\t\t\tKontakt:\t\t\t\t\t\t\t\t<\/div>\n\t\t\t\t<div class=\"elementor-element elementor-element-6b0c60f elementor-mobile-align-start elementor-icon-list--layout-traditional elementor-list-item-link-full_width elementor-widget elementor-widget-icon-list\" data-id=\"6b0c60f\" data-element_type=\"widget\" data-e-type=\"widget\" id=\"kontakt\" data-widget_type=\"icon-list.default\">\n\t\t\t\t\t\t\t<ul class=\"elementor-icon-list-items\">\n\t\t\t\t\t\t\t<li class=\"elementor-icon-list-item\">\n\t\t\t\t\t\t\t\t\t\t\t<a href=\"tel:+48502061431\">\n\n\t\t\t\t\t\t\t\t\t\t\t<span class=\"elementor-icon-list-text\">+48 502 061 431<\/span>\n\t\t\t\t\t\t\t\t\t\t\t<\/a>\n\t\t\t\t\t\t\t\t\t<\/li>\n\t\t\t\t\t\t\t\t<li class=\"elementor-icon-list-item\">\n\t\t\t\t\t\t\t\t\t\t\t<a href=\"mailto:kontakt@simpleframe.pl\">\n\n\t\t\t\t\t\t\t\t\t\t\t<span class=\"elementor-icon-list-text\">kontakt@simpleframe.pl<\/span>\n\t\t\t\t\t\t\t\t\t\t\t<\/a>\n\t\t\t\t\t\t\t\t\t<\/li>\n\t\t\t\t\t\t<\/ul>\n\t\t\t\t\t\t<\/div>\n\t\t\t\t<\/div>\n\t\t\t\t<\/div>\n\t\t\t\t<\/div>\n\t\t<div class=\"elementor-element elementor-element-7da611c9 e-con-full e-flex e-con e-child\" data-id=\"7da611c9\" data-element_type=\"container\" data-e-type=\"container\">\n\t\t\t\t<div class=\"elementor-element elementor-element-5ab5f4af elementor-widget elementor-widget-heading\" data-id=\"5ab5f4af\" data-element_type=\"widget\" data-e-type=\"widget\" data-widget_type=\"heading.default\">\n\t\t\t\t\t<h1 class=\"elementor-heading-title elementor-size-default\">Wy\u015blij wiadomo\u015b\u0107 \ud83d\ude80 <\/h1>\t\t\t\t<\/div>\n\t\t\t\t<div class=\"elementor-element elementor-element-2992541 elementor-button-align-start form-contact elementor-widget elementor-widget-global elementor-global-16351 elementor-widget-form\" data-id=\"2992541\" data-element_type=\"widget\" data-e-type=\"widget\" data-settings=\"{&quot;step_next_label&quot;:&quot;Next&quot;,&quot;step_previous_label&quot;:&quot;Previous&quot;,&quot;button_width&quot;:&quot;100&quot;,&quot;step_type&quot;:&quot;number_text&quot;,&quot;step_icon_shape&quot;:&quot;circle&quot;}\" data-widget_type=\"form.default\">\n\t\t\t\t\t\t\t<form class=\"elementor-form\" method=\"post\" name=\"New Form\" aria-label=\"New Form\">\n\t\t\t<input type=\"hidden\" name=\"post_id\" value=\"13887\"\/>\n\t\t\t<input type=\"hidden\" name=\"form_id\" value=\"2992541\"\/>\n\t\t\t<input type=\"hidden\" name=\"referer_title\" value=\"\" \/>\n\n\t\t\t\n\t\t\t<div class=\"elementor-form-fields-wrapper elementor-labels-above\">\n\t\t\t\t\t\t\t\t<div class=\"elementor-field-type-text elementor-field-group elementor-column elementor-field-group-name elementor-col-100 elementor-field-required elementor-mark-required\">\n\t\t\t\t\t\t\t\t\t\t\t\t<label for=\"form-field-name\" class=\"elementor-field-label\">\n\t\t\t\t\t\t\t\tImi\u0119 lub nazwa firmy\t\t\t\t\t\t\t<\/label>\n\t\t\t\t\t\t\t\t\t\t\t\t\t\t<input size=\"1\" type=\"text\" name=\"form_fields[name]\" id=\"form-field-name\" class=\"elementor-field elementor-size-sm  elementor-field-textual\" required=\"required\">\n\t\t\t\t\t\t\t\t\t\t\t<\/div>\n\t\t\t\t\t\t\t\t<div class=\"elementor-field-type-email elementor-field-group elementor-column elementor-field-group-email elementor-col-100 elementor-field-required elementor-mark-required\">\n\t\t\t\t\t\t\t\t\t\t\t\t<label for=\"form-field-email\" class=\"elementor-field-label\">\n\t\t\t\t\t\t\t\tE-mail\t\t\t\t\t\t\t<\/label>\n\t\t\t\t\t\t\t\t\t\t\t\t\t\t<input size=\"1\" type=\"email\" name=\"form_fields[email]\" id=\"form-field-email\" class=\"elementor-field elementor-size-sm  elementor-field-textual\" required=\"required\">\n\t\t\t\t\t\t\t\t\t\t\t<\/div>\n\t\t\t\t\t\t\t\t<div class=\"elementor-field-type-tel elementor-field-group elementor-column elementor-field-group-field_f13a773 elementor-col-100\">\n\t\t\t\t\t\t\t\t\t\t\t\t<label for=\"form-field-field_f13a773\" class=\"elementor-field-label\">\n\t\t\t\t\t\t\t\tTelefon\t\t\t\t\t\t\t<\/label>\n\t\t\t\t\t\t\t\t<input size=\"1\" type=\"tel\" name=\"form_fields[field_f13a773]\" id=\"form-field-field_f13a773\" class=\"elementor-field elementor-size-sm  elementor-field-textual\" pattern=\"[0-9()#&amp;+*-=.]+\" title=\"Only numbers and phone characters (#, -, *, etc) are accepted.\">\n\n\t\t\t\t\t\t<\/div>\n\t\t\t\t\t\t\t\t<div class=\"elementor-field-type-textarea elementor-field-group elementor-column elementor-field-group-message elementor-col-100 elementor-field-required elementor-mark-required\">\n\t\t\t\t\t\t\t\t\t\t\t\t<label for=\"form-field-message\" class=\"elementor-field-label\">\n\t\t\t\t\t\t\t\tWiadomo\u015b\u0107\t\t\t\t\t\t\t<\/label>\n\t\t\t\t\t\t<textarea class=\"elementor-field-textual elementor-field  elementor-size-sm\" name=\"form_fields[message]\" id=\"form-field-message\" rows=\"6\" required=\"required\"><\/textarea>\t\t\t\t<\/div>\n\t\t\t\t\t\t\t\t<div class=\"elementor-field-group elementor-column elementor-field-type-submit elementor-col-100 e-form__buttons\">\n\t\t\t\t\t<button class=\"elementor-button elementor-size-sm\" type=\"submit\">\n\t\t\t\t\t\t<span class=\"elementor-button-content-wrapper\">\n\t\t\t\t\t\t\t\t\t\t\t\t\t\t\t<span class=\"elementor-button-icon\">\n\t\t\t\t\t\t\t\t\t<svg xmlns=\"http:\/\/www.w3.org\/2000\/svg\" width=\"24\" height=\"24\" viewBox=\"0 0 24 24\" class=\"text-babyblue ml-3\" fill=\"currentColor\"><path d=\"M9.00967 5.12761H11.0097C12.1142 5.12761 13.468 5.89682 14.0335 6.8457L16.5089 11H21.0097C21.562 11 22.0097 11.4477 22.0097 12C22.0097 12.5523 21.562 13 21.0097 13H16.4138L13.9383 17.1543C13.3729 18.1032 12.0191 18.8724 10.9145 18.8724H8.91454L12.4138 13H5.42485L3.99036 15.4529H1.99036L4.00967 12L4.00967 11.967L2.00967 8.54712H4.00967L5.44417 11H12.5089L9.00967 5.12761Z\" fill=\"currentColor\"><\/path><\/svg>\t\t\t\t\t\t\t\t\t\t\t\t\t\t\t\t\t<\/span>\n\t\t\t\t\t\t\t\t\t\t\t\t\t\t\t\t\t\t\t\t\t\t<span class=\"elementor-button-text\">Wy\u015blij<\/span>\n\t\t\t\t\t\t\t\t\t\t\t\t\t<\/span>\n\t\t\t\t\t<\/button>\n\t\t\t\t<\/div>\n\t\t\t<\/div>\n\t\t<\/form>\n\t\t\t\t\t\t<\/div>\n\t\t\t\t<\/div>\n\t\t\t\t\t<\/div>\n\t\t\t\t<\/div>\n\t\t\t\t<\/div>\n\t\t","protected":false},"excerpt":{"rendered":"<p>Transmisja online w Simple Frame Oferujemy kompleksow\u0105 obs\u0142ug\u0119 transmisji online, dzi\u0119ki kt\u00f3rym dotrzesz do szerokiej publiczno\u015bci w wysokiej jako\u015bci i bez zak\u0142\u00f3ce\u0144. Zadbamy o techniczn\u0105 perfekcj\u0119, opraw\u0119 wizualn\u0105 i p\u0142ynny przebieg ca\u0142ego wydarzenia. Zam\u00f3w darmow\u0105 wycen\u0119 Profesjonalna transmisja online Szukasz sposobu na dotarcie do szerszej publiczno\u015bci? Potrzebujesz profesjonalnej transmisji online swojego wydarzenia? Oferujemy kompleksowe us\u0142ugi [&hellip;]<\/p>\n","protected":false},"author":3,"featured_media":0,"parent":0,"menu_order":0,"comment_status":"closed","ping_status":"closed","template":"","meta":{"footnotes":""},"categories":[],"tags":[],"class_list":["post-13887","page","type-page","status-publish","hentry"],"_links":{"self":[{"href":"https:\/\/www.simpleframe.pl\/en\/wp-json\/wp\/v2\/pages\/13887","targetHints":{"allow":["GET"]}}],"collection":[{"href":"https:\/\/www.simpleframe.pl\/en\/wp-json\/wp\/v2\/pages"}],"about":[{"href":"https:\/\/www.simpleframe.pl\/en\/wp-json\/wp\/v2\/types\/page"}],"author":[{"embeddable":true,"href":"https:\/\/www.simpleframe.pl\/en\/wp-json\/wp\/v2\/users\/3"}],"replies":[{"embeddable":true,"href":"https:\/\/www.simpleframe.pl\/en\/wp-json\/wp\/v2\/comments?post=13887"}],"version-history":[{"count":62,"href":"https:\/\/www.simpleframe.pl\/en\/wp-json\/wp\/v2\/pages\/13887\/revisions"}],"predecessor-version":[{"id":16964,"href":"https:\/\/www.simpleframe.pl\/en\/wp-json\/wp\/v2\/pages\/13887\/revisions\/16964"}],"wp:attachment":[{"href":"https:\/\/www.simpleframe.pl\/en\/wp-json\/wp\/v2\/media?parent=13887"}],"wp:term":[{"taxonomy":"category","embeddable":true,"href":"https:\/\/www.simpleframe.pl\/en\/wp-json\/wp\/v2\/categories?post=13887"},{"taxonomy":"post_tag","embeddable":true,"href":"https:\/\/www.simpleframe.pl\/en\/wp-json\/wp\/v2\/tags?post=13887"}],"curies":[{"name":"wp","href":"https:\/\/api.w.org\/{rel}","templated":true}]}}