{"id":13000,"date":"2025-08-21T13:54:30","date_gmt":"2025-08-21T11:54:30","guid":{"rendered":"https:\/\/dev108.stwb.pl\/?page_id=13000"},"modified":"2025-08-21T13:55:45","modified_gmt":"2025-08-21T11:55:45","slug":"recording-of-webinars","status":"publish","type":"page","link":"https:\/\/www.simpleframe.pl\/en\/nagrywanie-webinarow\/","title":{"rendered":"Recording of webinars"},"content":{"rendered":"<div data-elementor-type=\"wp-page\" data-elementor-id=\"13000\" class=\"elementor elementor-13000\" data-elementor-post-type=\"page\">\n\t\t\t\t<div class=\"elementor-element elementor-element-41b9ee8 page-video-bar e-flex e-con-boxed e-con e-parent\" data-id=\"41b9ee8\" data-element_type=\"container\" data-e-type=\"container\" data-settings=\"{&quot;background_background&quot;:&quot;video&quot;,&quot;background_video_link&quot;:&quot;https:\\\/\\\/www.simpleframe.pl\\\/wp-content\\\/uploads\\\/2025\\\/09\\\/videopodstrony.mp4&quot;,&quot;background_play_on_mobile&quot;:&quot;yes&quot;}\">\n\t\t\t\t\t<div class=\"e-con-inner\">\n\t\t<div class=\"elementor-background-video-container\">\n\t\t\t\t\t\t\t<video class=\"elementor-background-video-hosted\" role=\"presentation\" autoplay muted playsinline loop><\/video>\n\t\t\t\t\t<\/div>\t\t\t<\/div>\n\t\t\t\t<\/div>\n\t\t<div class=\"elementor-element elementor-element-c7f70ce e-flex e-con-boxed e-con e-parent\" data-id=\"c7f70ce\" data-element_type=\"container\" data-e-type=\"container\">\n\t\t\t\t\t<div class=\"e-con-inner\">\n\t\t\t\t<div class=\"elementor-element elementor-element-fd304a1 elementor-widget__width-initial link-decoration elementor-widget elementor-widget-text-editor\" data-id=\"fd304a1\" data-element_type=\"widget\" data-e-type=\"widget\" data-widget_type=\"text-editor.default\">\n\t\t\t\t\t\t\t\t\tSlowly, classic training courses and lectures are giving way to webinars. What is webinar recording? Are they better than traditional forms of learning? There are certainly both supporters and opponents of the online form of learning. However, the latter are far more numerous. Especially now that we have been forced to learn online. It has turned out that webinars are much more convenient and equally or even more\u00a0<a href=\"http:\/\/www.film-reklamowy.com.pl\/produkcja-filmowa\" rel=\"noopener\">effectively<\/a>\u00a0than classroom training and lectures. We also now know that they are the inevitable future of education and development.\t\t\t\t\t\t\t\t<\/div>\n\t\t\t\t<div class=\"elementor-element elementor-element-61a94cc elementor-widget__width-initial link-decoration elementor-widget elementor-widget-text-editor\" data-id=\"61a94cc\" data-element_type=\"widget\" data-e-type=\"widget\" data-widget_type=\"text-editor.default\">\n\t\t\t\t\t\t\t\t\tWebinars are nothing more than training courses, lectures and seminars conducted online via the Internet. All you need is a computer and the internet to take part. On a particular day at a particular time, but from anywhere in the world! This is the biggest and indisputable advantage of webinars. You don't have to travel many kilometres to get to the training room. No valuable time is lost. You are not stressed by direct contact. Plus, in an age of taking care of your own health and minimising the risk of infection - you have no contact with strangers. What's more, webinars are just as effective as classroom meetings. Thanks to advanced technology, recording webinars that are fully interactive allows you to actively participate in each training session. The communicator allows ongoing contact between trainees. \t\t\t\t\t\t\t\t<\/div>\n\t\t\t\t<div class=\"elementor-element elementor-element-6295f2a elementor-widget elementor-widget-video\" data-id=\"6295f2a\" data-element_type=\"widget\" data-e-type=\"widget\" data-settings=\"{&quot;video_type&quot;:&quot;vimeo&quot;}\" data-widget_type=\"video.default\">\n\t\t\t\t\t\t\t<div class=\"elementor-wrapper elementor-open-inline\">\n\t\t\t<iframe class=\"elementor-video-iframe\" allowfullscreen allow=\"clipboard-write\" title=\"Vimeo Video Player\" src=\"https:\/\/player.vimeo.com\/video\/32221543?color&amp;autopause=0&amp;loop=0&amp;muted=0&amp;title=1&amp;portrait=1&amp;byline=1#t=\"><\/iframe>\t\t<\/div>\n\t\t\t\t\t\t<\/div>\n\t\t\t\t<div class=\"elementor-element elementor-element-8bc0e9b elementor-widget__width-initial link-decoration elementor-widget elementor-widget-text-editor\" data-id=\"8bc0e9b\" data-element_type=\"widget\" data-e-type=\"widget\" data-widget_type=\"text-editor.default\">\n\t\t\t\t\t\t\t\t\tAt Simple Frame we deal with the creation of\u00a0<a href=\"http:\/\/www.animacje-komputerowe.com.pl\/nagrywanie-webinarow\/\" rel=\"noopener\">interactive material<\/a>\u00a0training for more than a dozen years. Our extensive experience means that we are now well versed in modern webinars. We create materials for every industry, on every topic. The top quality of the equipment on which we work translates into the quality of our projects. Interesting creation and unconventional approach to topics always arouses sympathy and interest of viewers.\t\t\t\t\t\t\t\t<\/div>\n\t\t\t\t\t<\/div>\n\t\t\t\t<\/div>\n\t\t\t\t<\/div>","protected":false},"excerpt":{"rendered":"<p>Powoli klasyczne szkolenia i wyk\u0142ady ust\u0119puj\u0105 miejsca webinarom. Czym jest nagrywanie webinar\u00f3w? Czy s\u0105 lepsze od tradycyjnych form nauki? Z pewno\u015bci\u0105 s\u0105 zar\u00f3wno zwolennicy jak i przeciwnicy internetowej formie nauki. Jednak tych drugich jest znacznie wi\u0119cej. Szczeg\u00f3lnie teraz, kiedy byli\u015bmy zmuszeni do nauki przez internet. Okaza\u0142o si\u0119, \u017ce webinary s\u0105 znacznie wygodniejsze i r\u00f3wnie, a [&hellip;]<\/p>\n","protected":false},"author":3,"featured_media":0,"parent":0,"menu_order":0,"comment_status":"closed","ping_status":"closed","template":"","meta":{"footnotes":""},"categories":[],"tags":[],"class_list":["post-13000","page","type-page","status-publish","hentry"],"_links":{"self":[{"href":"https:\/\/www.simpleframe.pl\/en\/wp-json\/wp\/v2\/pages\/13000","targetHints":{"allow":["GET"]}}],"collection":[{"href":"https:\/\/www.simpleframe.pl\/en\/wp-json\/wp\/v2\/pages"}],"about":[{"href":"https:\/\/www.simpleframe.pl\/en\/wp-json\/wp\/v2\/types\/page"}],"author":[{"embeddable":true,"href":"https:\/\/www.simpleframe.pl\/en\/wp-json\/wp\/v2\/users\/3"}],"replies":[{"embeddable":true,"href":"https:\/\/www.simpleframe.pl\/en\/wp-json\/wp\/v2\/comments?post=13000"}],"version-history":[{"count":5,"href":"https:\/\/www.simpleframe.pl\/en\/wp-json\/wp\/v2\/pages\/13000\/revisions"}],"predecessor-version":[{"id":13007,"href":"https:\/\/www.simpleframe.pl\/en\/wp-json\/wp\/v2\/pages\/13000\/revisions\/13007"}],"wp:attachment":[{"href":"https:\/\/www.simpleframe.pl\/en\/wp-json\/wp\/v2\/media?parent=13000"}],"wp:term":[{"taxonomy":"category","embeddable":true,"href":"https:\/\/www.simpleframe.pl\/en\/wp-json\/wp\/v2\/categories?post=13000"},{"taxonomy":"post_tag","embeddable":true,"href":"https:\/\/www.simpleframe.pl\/en\/wp-json\/wp\/v2\/tags?post=13000"}],"curies":[{"name":"wp","href":"https:\/\/api.w.org\/{rel}","templated":true}]}}