{"id":12991,"date":"2025-08-21T13:50:13","date_gmt":"2025-08-21T11:50:13","guid":{"rendered":"https:\/\/dev108.stwb.pl\/?page_id=12991"},"modified":"2025-08-21T13:52:34","modified_gmt":"2025-08-21T11:52:34","slug":"take-care-of-your-customers-an-instructional-video","status":"publish","type":"page","link":"https:\/\/www.simpleframe.pl\/en\/zatroszcz-sie-o-klienta-czyli-film-instruktazowy\/","title":{"rendered":"Take care of the customer, an instructional video"},"content":{"rendered":"<div data-elementor-type=\"wp-page\" data-elementor-id=\"12991\" class=\"elementor elementor-12991\" data-elementor-post-type=\"page\">\n\t\t\t\t<div class=\"elementor-element elementor-element-41b9ee8 page-video-bar e-flex e-con-boxed e-con e-parent\" data-id=\"41b9ee8\" data-element_type=\"container\" data-e-type=\"container\" data-settings=\"{&quot;background_background&quot;:&quot;video&quot;,&quot;background_video_link&quot;:&quot;https:\\\/\\\/www.simpleframe.pl\\\/wp-content\\\/uploads\\\/2025\\\/09\\\/videopodstrony.mp4&quot;,&quot;background_play_on_mobile&quot;:&quot;yes&quot;}\">\n\t\t\t\t\t<div class=\"e-con-inner\">\n\t\t<div class=\"elementor-background-video-container\">\n\t\t\t\t\t\t\t<video class=\"elementor-background-video-hosted\" role=\"presentation\" autoplay muted playsinline loop><\/video>\n\t\t\t\t\t<\/div>\t\t\t<\/div>\n\t\t\t\t<\/div>\n\t\t<div class=\"elementor-element elementor-element-c7f70ce e-flex e-con-boxed e-con e-parent\" data-id=\"c7f70ce\" data-element_type=\"container\" data-e-type=\"container\">\n\t\t\t\t\t<div class=\"e-con-inner\">\n\t\t\t\t<div class=\"elementor-element elementor-element-fd304a1 elementor-widget__width-initial link-decoration elementor-widget elementor-widget-text-editor\" data-id=\"fd304a1\" data-element_type=\"widget\" data-e-type=\"widget\" data-widget_type=\"text-editor.default\">\n\t\t\t\t\t\t\t\t\tAlready almost every thing that until recently was only available in written form has been replaced by an electronic version. The best example of this is\u00a0<strong>instructional video<\/strong>.\u00a0<a href=\"https:\/\/www.simpleframe.pl\/en\/instructional-video\/\" rel=\"noopener\">Operating instructions<\/a>The user manuals, operation and assembly have so far been compulsory reading for users. However, thanks to the fact that much greater curiosity is aroused by films, instructions are also being produced in the form of films. \t\t\t\t\t\t\t\t<\/div>\n\t\t\t\t<div class=\"elementor-element elementor-element-b364cbf elementor-widget elementor-widget-video\" data-id=\"b364cbf\" data-element_type=\"widget\" data-e-type=\"widget\" data-settings=\"{&quot;video_type&quot;:&quot;vimeo&quot;}\" data-widget_type=\"video.default\">\n\t\t\t\t\t\t\t<div class=\"elementor-wrapper elementor-open-inline\">\n\t\t\t<iframe class=\"elementor-video-iframe\" allowfullscreen allow=\"clipboard-write\" title=\"vimeo Video player\" src=\"https:\/\/player.vimeo.com\/video\/919548021?color&amp;autopause=0&amp;loop=0&amp;muted=0&amp;title=1&amp;portrait=1&amp;byline=1#t=\"><\/iframe>\t\t<\/div>\n\t\t\t\t\t\t<\/div>\n\t\t\t\t<div class=\"elementor-element elementor-element-3dc9148 elementor-widget__width-initial link-decoration p-reset elementor-widget elementor-widget-text-editor\" data-id=\"3dc9148\" data-element_type=\"widget\" data-e-type=\"widget\" data-widget_type=\"text-editor.default\">\n\t\t\t\t\t\t\t\t\t<p>Every industry has products or services that you have to learn to use and understand. Thanks to the fact that many instructional videos are being produced, we can easily learn how to tie a tie or twist furniture.\u00a0<a href=\"https:\/\/old.simpleframe.pl\/kategoria\/film-instruktazowy\/\" rel=\"noopener\">Social media<\/a>\u00a0whether the manufacturers' websites also contain\u00a0<strong>instructional videos<\/strong>\u00a0dedicated to their customers. This inspires a lot of trust and affection for the brand. All the more so because we can play the material until it is understandable.<\/p><p>This is very helpful and, above all, very effective.\u00a0<a href=\"https:\/\/www.simpleframe.pl\/en\/instructional-video\/\" rel=\"noopener\">Film shots\u00a0<\/a>much easier to explain and translate than written instructions.<strong>\u00a0Instructional video<\/strong>\u00a0However, it should be properly designed and created. Above all, it must reliably depict and show specific activities so that they have a perfect representation in reality.<\/p>\t\t\t\t\t\t\t\t<\/div>\n\t\t\t\t<div class=\"elementor-element elementor-element-11b8323 elementor-widget elementor-widget-video\" data-id=\"11b8323\" data-element_type=\"widget\" data-e-type=\"widget\" data-settings=\"{&quot;video_type&quot;:&quot;vimeo&quot;}\" data-widget_type=\"video.default\">\n\t\t\t\t\t\t\t<div class=\"elementor-wrapper elementor-open-inline\">\n\t\t\t<iframe class=\"elementor-video-iframe\" allowfullscreen allow=\"clipboard-write\" title=\"vimeo Video player\" src=\"https:\/\/player.vimeo.com\/video\/815346451?color&amp;autopause=0&amp;loop=0&amp;muted=0&amp;title=1&amp;portrait=1&amp;byline=1#t=\"><\/iframe>\t\t<\/div>\n\t\t\t\t\t\t<\/div>\n\t\t\t\t<div class=\"elementor-element elementor-element-f9ea152 elementor-widget__width-initial link-decoration p-reset elementor-widget elementor-widget-text-editor\" data-id=\"f9ea152\" data-element_type=\"widget\" data-e-type=\"widget\" data-widget_type=\"text-editor.default\">\n\t\t\t\t\t\t\t\t\tThat is why, when you start running your business, selling your products or offering services, it is worth investing in instructional videos. Thanks to them, we will gain customers, their trust and sympathy. It also helps to build the company's image. Every project that aims to ensure customer comfort is worth the commitment and the price, because it will certainly pay for itself. And it will more than pay for itself!\t\t\t\t\t\t\t\t<\/div>\n\t\t\t\t<div class=\"elementor-element elementor-element-0550c2e elementor-widget elementor-widget-video\" data-id=\"0550c2e\" data-element_type=\"widget\" data-e-type=\"widget\" data-settings=\"{&quot;video_type&quot;:&quot;vimeo&quot;}\" data-widget_type=\"video.default\">\n\t\t\t\t\t\t\t<div class=\"elementor-wrapper elementor-open-inline\">\n\t\t\t<iframe class=\"elementor-video-iframe\" allowfullscreen allow=\"clipboard-write\" title=\"vimeo Video player\" src=\"https:\/\/player.vimeo.com\/video\/116359341?color&amp;autopause=0&amp;loop=0&amp;muted=0&amp;title=1&amp;portrait=1&amp;byline=1#t=\"><\/iframe>\t\t<\/div>\n\t\t\t\t\t\t<\/div>\n\t\t\t\t\t<\/div>\n\t\t\t\t<\/div>\n\t\t\t\t<\/div>","protected":false},"excerpt":{"rendered":"<p>Ju\u017c niemal ka\u017cda rzecz, kt\u00f3ra do niedawna by\u0142a dost\u0119pna tylko w postaci pisemnej, zosta\u0142a zast\u0105piona wersj\u0105 elektroniczn\u0105. Najlepszym tego przyk\u0142adem jest\u00a0film instrukta\u017cowy.\u00a0Instrukcja obs\u0142ugi, dzia\u0142ania czy monta\u017cu by\u0142a do tej pory obowi\u0105zkow\u0105 lektur\u0105 dla u\u017cytkownik\u00f3w. Jednak dzi\u0119ki temu, \u017ce znacznie wi\u0119ksz\u0105 ciekawo\u015b\u0107 budz\u0105 filmy r\u00f3wnie\u017c instrukcje powstaj\u0105 w formie film\u00f3w. https:\/\/player.vimeo.com\/video\/919548021?badge=0&#038;autopause=0&#038;player_id=0&#038;app_id=58479 Ka\u017cda bran\u017ca posiada produkty czy [&hellip;]<\/p>\n","protected":false},"author":3,"featured_media":0,"parent":0,"menu_order":0,"comment_status":"closed","ping_status":"closed","template":"","meta":{"footnotes":""},"categories":[],"tags":[],"class_list":["post-12991","page","type-page","status-publish","hentry"],"_links":{"self":[{"href":"https:\/\/www.simpleframe.pl\/en\/wp-json\/wp\/v2\/pages\/12991","targetHints":{"allow":["GET"]}}],"collection":[{"href":"https:\/\/www.simpleframe.pl\/en\/wp-json\/wp\/v2\/pages"}],"about":[{"href":"https:\/\/www.simpleframe.pl\/en\/wp-json\/wp\/v2\/types\/page"}],"author":[{"embeddable":true,"href":"https:\/\/www.simpleframe.pl\/en\/wp-json\/wp\/v2\/users\/3"}],"replies":[{"embeddable":true,"href":"https:\/\/www.simpleframe.pl\/en\/wp-json\/wp\/v2\/comments?post=12991"}],"version-history":[{"count":5,"href":"https:\/\/www.simpleframe.pl\/en\/wp-json\/wp\/v2\/pages\/12991\/revisions"}],"predecessor-version":[{"id":12997,"href":"https:\/\/www.simpleframe.pl\/en\/wp-json\/wp\/v2\/pages\/12991\/revisions\/12997"}],"wp:attachment":[{"href":"https:\/\/www.simpleframe.pl\/en\/wp-json\/wp\/v2\/media?parent=12991"}],"wp:term":[{"taxonomy":"category","embeddable":true,"href":"https:\/\/www.simpleframe.pl\/en\/wp-json\/wp\/v2\/categories?post=12991"},{"taxonomy":"post_tag","embeddable":true,"href":"https:\/\/www.simpleframe.pl\/en\/wp-json\/wp\/v2\/tags?post=12991"}],"curies":[{"name":"wp","href":"https:\/\/api.w.org\/{rel}","templated":true}]}}