{"id":12914,"date":"2025-08-21T12:04:23","date_gmt":"2025-08-21T10:04:23","guid":{"rendered":"https:\/\/dev108.stwb.pl\/?page_id=12914"},"modified":"2025-08-21T12:06:46","modified_gmt":"2025-08-21T10:06:46","slug":"streaming-2","status":"publish","type":"page","link":"https:\/\/www.simpleframe.pl\/en\/streaming-2\/","title":{"rendered":"Streaming"},"content":{"rendered":"<div data-elementor-type=\"wp-page\" data-elementor-id=\"12914\" class=\"elementor elementor-12914\" data-elementor-post-type=\"page\">\n\t\t\t\t<div class=\"elementor-element elementor-element-41b9ee8 page-video-bar e-flex e-con-boxed e-con e-parent\" data-id=\"41b9ee8\" data-element_type=\"container\" data-e-type=\"container\" data-settings=\"{&quot;background_background&quot;:&quot;video&quot;,&quot;background_video_link&quot;:&quot;https:\\\/\\\/www.simpleframe.pl\\\/wp-content\\\/uploads\\\/2025\\\/09\\\/videopodstrony.mp4&quot;,&quot;background_play_on_mobile&quot;:&quot;yes&quot;}\">\n\t\t\t\t\t<div class=\"e-con-inner\">\n\t\t<div class=\"elementor-background-video-container\">\n\t\t\t\t\t\t\t<video class=\"elementor-background-video-hosted\" role=\"presentation\" autoplay muted playsinline loop><\/video>\n\t\t\t\t\t<\/div>\t\t\t<\/div>\n\t\t\t\t<\/div>\n\t\t<div class=\"elementor-element elementor-element-c7f70ce e-flex e-con-boxed e-con e-parent\" data-id=\"c7f70ce\" data-element_type=\"container\" data-e-type=\"container\">\n\t\t\t\t\t<div class=\"e-con-inner\">\n\t\t\t\t<div class=\"elementor-element elementor-element-fd304a1 elementor-widget__width-initial link-decoration elementor-widget elementor-widget-text-editor\" data-id=\"fd304a1\" data-element_type=\"widget\" data-e-type=\"widget\" data-widget_type=\"text-editor.default\">\n\t\t\t\t\t\t\t\t\tVideo streaming has existed for a long time. Admittedly, it was not very popular because, after all, we would rather go to the cinema or an event than watch it on a screen. At least that is what we thought. However, times have in a way forced us to look for alternatives and other solutions. Mass events, be they professional, scientific, training or entertainment events, became inaccessible. From one day to the next, we found that we could not fulfil our plans and go out. Streaming became the answer to these problems. It was the only alternative and our window to the world. What exactly is streaming? \t\t\t\t\t\t\t\t<\/div>\n\t\t\t\t<div class=\"elementor-element elementor-element-caeeb4d elementor-widget elementor-widget-video\" data-id=\"caeeb4d\" data-element_type=\"widget\" data-e-type=\"widget\" data-settings=\"{&quot;video_type&quot;:&quot;vimeo&quot;}\" data-widget_type=\"video.default\">\n\t\t\t\t\t\t\t<div class=\"elementor-wrapper elementor-open-inline\">\n\t\t\t<iframe class=\"elementor-video-iframe\" allowfullscreen allow=\"clipboard-write\" title=\"Vimeo Video Player\" src=\"https:\/\/player.vimeo.com\/video\/338003361?color&amp;autopause=0&amp;loop=0&amp;muted=0&amp;title=1&amp;portrait=1&amp;byline=1#t=\"><\/iframe>\t\t<\/div>\n\t\t\t\t\t\t<\/div>\n\t\t\t\t\t<\/div>\n\t\t\t\t<\/div>\n\t\t<div class=\"elementor-element elementor-element-82b7ccf e-flex e-con-boxed e-con e-parent\" data-id=\"82b7ccf\" data-element_type=\"container\" data-e-type=\"container\">\n\t\t\t\t\t<div class=\"e-con-inner\">\n\t\t\t\t<div class=\"elementor-element elementor-element-dabc81f elementor-widget__width-initial link-decoration p-reset elementor-widget elementor-widget-text-editor\" data-id=\"dabc81f\" data-element_type=\"widget\" data-e-type=\"widget\" data-widget_type=\"text-editor.default\">\n\t\t\t\t\t\t\t\t\t<p>The simplest way to explain it is to share multimedia content. Since streaming has become the only window to the world we can attend events, trainings, we can watch films, series or programmes. Either as a live broadcast or as a recorded account that can be returned to and viewed at any time. This has brought back normality to life. What's more, it has become popular and has become a permanent part of our lives. Today's\u00a0<strong><a href=\"https:\/\/www.simpleframe.pl\/en\/streaming-video\/\" rel=\"noopener\">streaming<\/a><\/strong> are of really high quality, they are wholesome, interesting and full of experiences.<\/p><p>Years of experience behind the camera at Simple Frame have done their bit. With high-end equipment and above all experience, we produce some of the best live streaming and coverage.<\/p><p><a href=\"https:\/\/www.film-reklamowy.com.pl\/film-z-targow\" rel=\"noopener\">Trade fair<\/a><br \/>Conferences<br \/>Industry events<br \/>Entertainment events<br \/>Training and lectures<br \/>Events<\/p><p>We will stream any event! What's more, we are streaming fans ourselves and know the demands and expectations of today's viewers. Our productions are of the highest quality, whether in terms of image, sound or editing. Above all, we want you to feel the atmosphere and vibe of the event while watching our streaming as if you were there.<\/p>\t\t\t\t\t\t\t\t<\/div>\n\t\t\t\t<div class=\"elementor-element elementor-element-1e69be2 elementor-widget elementor-widget-video\" data-id=\"1e69be2\" data-element_type=\"widget\" data-e-type=\"widget\" data-settings=\"{&quot;video_type&quot;:&quot;vimeo&quot;}\" data-widget_type=\"video.default\">\n\t\t\t\t\t\t\t<div class=\"elementor-wrapper elementor-open-inline\">\n\t\t\t<iframe class=\"elementor-video-iframe\" allowfullscreen allow=\"clipboard-write\" title=\"Vimeo Video Player\" src=\"https:\/\/player.vimeo.com\/video\/372631011?color&amp;autopause=0&amp;loop=0&amp;muted=0&amp;title=1&amp;portrait=1&amp;byline=1#t=\"><\/iframe>\t\t<\/div>\n\t\t\t\t\t\t<\/div>\n\t\t\t\t\t<\/div>\n\t\t\t\t<\/div>\n\t\t\t\t<\/div>","protected":false},"excerpt":{"rendered":"<p>Streaming video istnia\u0142 ju\u017c dawno. Co prawda by\u0142 ma\u0142o popularny bo w ko\u0144cu wolimy i\u015b\u0107 do kina czy na imprez\u0119 ni\u017c ogl\u0105da\u0107 je na ekranie. Przynajmniej tak my\u015bleli\u015bmy. Jednak czasu poniek\u0105d zmusi\u0142y nas do szukania alternatyw i innych rozwi\u0105za\u0144. Imprezy masowe, zar\u00f3wno bran\u017cowe, naukowe, szkoleniowe jak i rozrywkowe sta\u0142y si\u0119 niedost\u0119pne. Z dnia na dzie\u0144 [&hellip;]<\/p>\n","protected":false},"author":3,"featured_media":0,"parent":0,"menu_order":0,"comment_status":"closed","ping_status":"closed","template":"","meta":{"footnotes":""},"categories":[],"tags":[],"class_list":["post-12914","page","type-page","status-publish","hentry"],"_links":{"self":[{"href":"https:\/\/www.simpleframe.pl\/en\/wp-json\/wp\/v2\/pages\/12914","targetHints":{"allow":["GET"]}}],"collection":[{"href":"https:\/\/www.simpleframe.pl\/en\/wp-json\/wp\/v2\/pages"}],"about":[{"href":"https:\/\/www.simpleframe.pl\/en\/wp-json\/wp\/v2\/types\/page"}],"author":[{"embeddable":true,"href":"https:\/\/www.simpleframe.pl\/en\/wp-json\/wp\/v2\/users\/3"}],"replies":[{"embeddable":true,"href":"https:\/\/www.simpleframe.pl\/en\/wp-json\/wp\/v2\/comments?post=12914"}],"version-history":[{"count":4,"href":"https:\/\/www.simpleframe.pl\/en\/wp-json\/wp\/v2\/pages\/12914\/revisions"}],"predecessor-version":[{"id":12919,"href":"https:\/\/www.simpleframe.pl\/en\/wp-json\/wp\/v2\/pages\/12914\/revisions\/12919"}],"wp:attachment":[{"href":"https:\/\/www.simpleframe.pl\/en\/wp-json\/wp\/v2\/media?parent=12914"}],"wp:term":[{"taxonomy":"category","embeddable":true,"href":"https:\/\/www.simpleframe.pl\/en\/wp-json\/wp\/v2\/categories?post=12914"},{"taxonomy":"post_tag","embeddable":true,"href":"https:\/\/www.simpleframe.pl\/en\/wp-json\/wp\/v2\/tags?post=12914"}],"curies":[{"name":"wp","href":"https:\/\/api.w.org\/{rel}","templated":true}]}}