{"id":12896,"date":"2025-08-21T11:55:36","date_gmt":"2025-08-21T09:55:36","guid":{"rendered":"https:\/\/dev108.stwb.pl\/?page_id=12896"},"modified":"2025-08-21T11:57:29","modified_gmt":"2025-08-21T09:57:29","slug":"tv-spot-new-dimension-of-promotion","status":"publish","type":"page","link":"https:\/\/www.simpleframe.pl\/en\/spot-telewizyjny-nowy-wymiar-promocji\/","title":{"rendered":"TV spot - a new dimension in promotion"},"content":{"rendered":"<div data-elementor-type=\"wp-page\" data-elementor-id=\"12896\" class=\"elementor elementor-12896\" data-elementor-post-type=\"page\">\n\t\t\t\t<div class=\"elementor-element elementor-element-41b9ee8 page-video-bar e-flex e-con-boxed e-con e-parent\" data-id=\"41b9ee8\" data-element_type=\"container\" data-e-type=\"container\" data-settings=\"{&quot;background_background&quot;:&quot;video&quot;,&quot;background_video_link&quot;:&quot;https:\\\/\\\/www.simpleframe.pl\\\/wp-content\\\/uploads\\\/2025\\\/09\\\/videopodstrony.mp4&quot;,&quot;background_play_on_mobile&quot;:&quot;yes&quot;}\">\n\t\t\t\t\t<div class=\"e-con-inner\">\n\t\t<div class=\"elementor-background-video-container\">\n\t\t\t\t\t\t\t<video class=\"elementor-background-video-hosted\" role=\"presentation\" autoplay muted playsinline loop><\/video>\n\t\t\t\t\t<\/div>\t\t\t<\/div>\n\t\t\t\t<\/div>\n\t\t<div class=\"elementor-element elementor-element-c7f70ce e-flex e-con-boxed e-con e-parent\" data-id=\"c7f70ce\" data-element_type=\"container\" data-e-type=\"container\">\n\t\t\t\t\t<div class=\"e-con-inner\">\n\t\t\t\t<div class=\"elementor-element elementor-element-afd1ba9 elementor-widget elementor-widget-heading\" data-id=\"afd1ba9\" data-element_type=\"widget\" data-e-type=\"widget\" data-widget_type=\"heading.default\">\n\t\t\t\t\t<h1 class=\"elementor-heading-title elementor-size-default\">TV spot <\/h1>\t\t\t\t<\/div>\n\t\t\t\t<div class=\"elementor-element elementor-element-fd304a1 elementor-widget__width-initial link-decoration elementor-widget elementor-widget-text-editor\" data-id=\"fd304a1\" data-element_type=\"widget\" data-e-type=\"widget\" data-widget_type=\"text-editor.default\">\n\t\t\t\t\t\t\t\t\t<strong>TV spot<\/strong>\u00a0is a very effective communication tool between a company and its customers. It increases brand awareness, advertises products and services and builds image. These multifaceted activities quickly raise a company's prestige and popularity. In the past, the source of information and promotion was primarily the whispered word. Of course, the opinion of others and recommendations are still very important. However, more often than not, we first see an advertisement on television and only then gather opinions about what we are interested in.\u00a0<strong>TV spot<\/strong>\u00a0is not only\u00a0<a href=\"https:\/\/www.simpleframe.pl\/en\/tv-spot\/\" rel=\"noopener\">entertainment medium<\/a>\u00a0or communication, but also serves as a high-quality advertising space that helps build brands! \t\t\t\t\t\t\t\t<\/div>\n\t\t\t\t<div class=\"elementor-element elementor-element-cf9ca0c elementor-widget elementor-widget-video\" data-id=\"cf9ca0c\" data-element_type=\"widget\" data-e-type=\"widget\" data-settings=\"{&quot;video_type&quot;:&quot;vimeo&quot;}\" data-widget_type=\"video.default\">\n\t\t\t\t\t\t\t<div class=\"elementor-wrapper elementor-open-inline\">\n\t\t\t<iframe class=\"elementor-video-iframe\" allowfullscreen allow=\"clipboard-write\" title=\"vimeo Video player\" src=\"https:\/\/player.vimeo.com\/video\/551502968?color&amp;autopause=0&amp;loop=0&amp;muted=0&amp;title=1&amp;portrait=1&amp;byline=1#t=\"><\/iframe>\t\t<\/div>\n\t\t\t\t\t\t<\/div>\n\t\t\t\t<div class=\"elementor-element elementor-element-fd9071b elementor-widget__width-initial link-decoration p-reset elementor-widget elementor-widget-text-editor\" data-id=\"fd9071b\" data-element_type=\"widget\" data-e-type=\"widget\" data-widget_type=\"text-editor.default\">\n\t\t\t\t\t\t\t\t\t<p>The first TV spots were completely different from those that are broadcast today. First of all, there was a different equipment, a different awareness of people, different customer requirements. Almost everything that was on TV was fascinating and interesting. However, over time, television and the production of commercials has developed extremely quickly and on every level! Cameras, all the film equipment, software for\u00a0<a href=\"https:\/\/old.simpleframe.pl\/kategoria\/spot-telewizyjny\/\" rel=\"noopener\">installation<\/a>. All this is changing and developing at a very fast pace. Today there is more and more advertising and\u00a0<strong>TV spots<\/strong>. They are becoming more and more technologically advanced, more and more ingenious.<\/p>\t\t\t\t\t\t\t\t<\/div>\n\t\t\t\t\t<\/div>\n\t\t\t\t<\/div>\n\t\t<div class=\"elementor-element elementor-element-e4d186d e-flex e-con-boxed e-con e-parent\" data-id=\"e4d186d\" data-element_type=\"container\" data-e-type=\"container\">\n\t\t\t\t\t<div class=\"e-con-inner\">\n\t\t\t\t<div class=\"elementor-element elementor-element-8558764 elementor-widget elementor-widget-video\" data-id=\"8558764\" data-element_type=\"widget\" data-e-type=\"widget\" data-settings=\"{&quot;video_type&quot;:&quot;vimeo&quot;}\" data-widget_type=\"video.default\">\n\t\t\t\t\t\t\t<div class=\"elementor-wrapper elementor-open-inline\">\n\t\t\t<iframe class=\"elementor-video-iframe\" allowfullscreen allow=\"clipboard-write\" title=\"vimeo Video player\" src=\"https:\/\/player.vimeo.com\/video\/540033915?color&amp;autopause=0&amp;loop=0&amp;muted=0&amp;title=1&amp;portrait=1&amp;byline=1#t=\"><\/iframe>\t\t<\/div>\n\t\t\t\t\t\t<\/div>\n\t\t\t\t<div class=\"elementor-element elementor-element-4e455b4 elementor-widget__width-initial link-decoration elementor-widget elementor-widget-text-editor\" data-id=\"4e455b4\" data-element_type=\"widget\" data-e-type=\"widget\" data-widget_type=\"text-editor.default\">\n\t\t\t\t\t\t\t\t\tIf you need\u00a0<strong>TV spot<\/strong>\u00a0for your business, we can help you. We have over 18 years of experience in creating<strong>\u00a0TV spots<\/strong>and our specialists are ready to create the perfect production for your company. Our aim is to achieve maximum interest and\u00a0<a href=\"https:\/\/www.simpleframe.pl\/en\/tv-spot\/\" rel=\"noopener\">customer involvement<\/a>, which is why all our projects are created individually based on the needs of each client. Our services include script writing, casting actors or models, selecting music tracks, as well as shooting and post-production work. And if you want us to take care of everything from start to finish - no problem! Just get in touch and let us know what we can do for you? \t\t\t\t\t\t\t\t<\/div>\n\t\t\t\t\t<\/div>\n\t\t\t\t<\/div>\n\t\t\t\t<\/div>","protected":false},"excerpt":{"rendered":"<p>Spot telewizyjny Spot telewizyjny\u00a0jest bardzo skutecznym narz\u0119dziem komunikacji pomi\u0119dzy firm\u0105 a jej klientami. Zwi\u0119ksza \u015bwiadomo\u015b\u0107 marki, reklamuje produkty i us\u0142ugi, buduje wizerunek. Te wielowymiarowe dzia\u0142ania szybko podnosz\u0105 presti\u017c i popularno\u015b\u0107 firmy. W przesz\u0142o\u015bci \u017ar\u00f3d\u0142em informacji i promocji by\u0142o przede wszystkim s\u0142owo szeptane. Oczywi\u015bcie opinia innych i rekomendacje s\u0105 nadal bardzo wa\u017cne. Jednak najcz\u0119\u015bciej najpierw widzimy [&hellip;]<\/p>\n","protected":false},"author":3,"featured_media":0,"parent":0,"menu_order":0,"comment_status":"closed","ping_status":"closed","template":"","meta":{"footnotes":""},"categories":[],"tags":[],"class_list":["post-12896","page","type-page","status-publish","hentry"],"_links":{"self":[{"href":"https:\/\/www.simpleframe.pl\/en\/wp-json\/wp\/v2\/pages\/12896","targetHints":{"allow":["GET"]}}],"collection":[{"href":"https:\/\/www.simpleframe.pl\/en\/wp-json\/wp\/v2\/pages"}],"about":[{"href":"https:\/\/www.simpleframe.pl\/en\/wp-json\/wp\/v2\/types\/page"}],"author":[{"embeddable":true,"href":"https:\/\/www.simpleframe.pl\/en\/wp-json\/wp\/v2\/users\/3"}],"replies":[{"embeddable":true,"href":"https:\/\/www.simpleframe.pl\/en\/wp-json\/wp\/v2\/comments?post=12896"}],"version-history":[{"count":5,"href":"https:\/\/www.simpleframe.pl\/en\/wp-json\/wp\/v2\/pages\/12896\/revisions"}],"predecessor-version":[{"id":12902,"href":"https:\/\/www.simpleframe.pl\/en\/wp-json\/wp\/v2\/pages\/12896\/revisions\/12902"}],"wp:attachment":[{"href":"https:\/\/www.simpleframe.pl\/en\/wp-json\/wp\/v2\/media?parent=12896"}],"wp:term":[{"taxonomy":"category","embeddable":true,"href":"https:\/\/www.simpleframe.pl\/en\/wp-json\/wp\/v2\/categories?post=12896"},{"taxonomy":"post_tag","embeddable":true,"href":"https:\/\/www.simpleframe.pl\/en\/wp-json\/wp\/v2\/tags?post=12896"}],"curies":[{"name":"wp","href":"https:\/\/api.w.org\/{rel}","templated":true}]}}