{"id":12859,"date":"2025-08-21T11:37:05","date_gmt":"2025-08-21T09:37:05","guid":{"rendered":"https:\/\/dev108.stwb.pl\/?page_id=12859"},"modified":"2025-08-21T11:38:23","modified_gmt":"2025-08-21T09:38:23","slug":"corporate-spot","status":"publish","type":"page","link":"https:\/\/www.simpleframe.pl\/en\/spot-korporacyjny\/","title":{"rendered":"Corporate Spot"},"content":{"rendered":"<div data-elementor-type=\"wp-page\" data-elementor-id=\"12859\" class=\"elementor elementor-12859\" data-elementor-post-type=\"page\">\n\t\t\t\t<div class=\"elementor-element elementor-element-5f844c8 page-video-bar e-flex e-con-boxed e-con e-parent\" data-id=\"5f844c8\" data-element_type=\"container\" data-e-type=\"container\" data-settings=\"{&quot;background_background&quot;:&quot;video&quot;,&quot;background_video_link&quot;:&quot;https:\\\/\\\/www.simpleframe.pl\\\/wp-content\\\/uploads\\\/2025\\\/09\\\/videopodstrony.mp4&quot;,&quot;background_play_on_mobile&quot;:&quot;yes&quot;}\">\n\t\t\t\t\t<div class=\"e-con-inner\">\n\t\t<div class=\"elementor-background-video-container\">\n\t\t\t\t\t\t\t<video class=\"elementor-background-video-hosted\" role=\"presentation\" autoplay muted playsinline loop><\/video>\n\t\t\t\t\t<\/div>\t\t\t<\/div>\n\t\t\t\t<\/div>\n\t\t<div class=\"elementor-element elementor-element-179f7cf e-flex e-con-boxed e-con e-parent\" data-id=\"179f7cf\" data-element_type=\"container\" data-e-type=\"container\">\n\t\t\t\t\t<div class=\"e-con-inner\">\n\t\t\t\t<div class=\"elementor-element elementor-element-a5e0993 elementor-widget elementor-widget-heading\" data-id=\"a5e0993\" data-element_type=\"widget\" data-e-type=\"widget\" data-widget_type=\"heading.default\">\n\t\t\t\t\t<h1 class=\"elementor-heading-title elementor-size-default\">Corporate Spot<\/h1>\t\t\t\t<\/div>\n\t\t\t\t<div class=\"elementor-element elementor-element-cdf66f0 elementor-widget__width-initial link-decoration elementor-widget elementor-widget-text-editor\" data-id=\"cdf66f0\" data-element_type=\"widget\" data-e-type=\"widget\" data-widget_type=\"text-editor.default\">\n\t\t\t\t\t\t\t\t\t<p>Large companies, which provide many services and have clients all over the world, should take special care with their image. A corporate spot is the best way to introduce yourself to current and future customers in a multimedia way. It shows the most important events in the company's history and types of services in a short and interesting way. Such a corporate spot serves as both a business card for the corporation and a great addition to business presentations. The corporate spot will successfully add a splash of colour to trade fairs or industry events. It will certainly\u00a0<a href=\"https:\/\/old.simpleframe.pl\/posts\/film-korporacyjny-3\/\" rel=\"noopener\">will catch the eye<\/a>\u00a0guests at such events and will be remembered. For this to happen, however, it is necessary to put some effort into its execution.<\/p>\t\t\t\t\t\t\t\t<\/div>\n\t\t\t\t<div class=\"elementor-element elementor-element-60fbad1 elementor-widget elementor-widget-video\" data-id=\"60fbad1\" data-element_type=\"widget\" data-e-type=\"widget\" data-settings=\"{&quot;video_type&quot;:&quot;vimeo&quot;}\" data-widget_type=\"video.default\">\n\t\t\t\t\t\t\t<div class=\"elementor-wrapper elementor-open-inline\">\n\t\t\t<iframe class=\"elementor-video-iframe\" allowfullscreen allow=\"clipboard-write\" title=\"vimeo Video Player\" src=\"https:\/\/player.vimeo.com\/video\/304353699?color&amp;autopause=0&amp;loop=0&amp;muted=0&amp;title=1&amp;portrait=1&amp;byline=1#t=\" data-no-translation-title=\"\"><\/iframe>\t\t<\/div>\n\t\t\t\t\t\t<\/div>\n\t\t\t\t<div class=\"elementor-element elementor-element-ae05902 elementor-widget__width-initial link-decoration p-reset elementor-widget elementor-widget-text-editor\" data-id=\"ae05902\" data-element_type=\"widget\" data-e-type=\"widget\" data-widget_type=\"text-editor.default\">\n\t\t\t\t\t\t\t\t\tAt Simple Frame we have been working for companies and corporations for years, creating animations, films or corporate spots for them. The way we work is usually the same, although the projects themselves are completely different. Some are more, others less demanding. Some companies rely on traditional film, others on animation. The style and nature of the projects also varies. However, certain elements of our work remain the same. First of all, we get to know the company and what it has to offer. Then we work on the script and decide what kind or techniques we will use to create the corporate spot. Here, thanks to years of work in the industry, our scope for creativity is almost unlimited. In addition, the Simple Frame team are very creative creatives. Combined with the best quality equipment, very interesting works are created.\t\t\t\t\t\t\t\t<\/div>\n\t\t\t\t<div class=\"elementor-element elementor-element-5b0369d elementor-widget elementor-widget-video\" data-id=\"5b0369d\" data-element_type=\"widget\" data-e-type=\"widget\" data-settings=\"{&quot;video_type&quot;:&quot;vimeo&quot;}\" data-widget_type=\"video.default\">\n\t\t\t\t\t\t\t<div class=\"elementor-wrapper elementor-open-inline\">\n\t\t\t<iframe class=\"elementor-video-iframe\" allowfullscreen allow=\"clipboard-write\" title=\"vimeo Video Player\" src=\"https:\/\/player.vimeo.com\/video\/376832961?color&amp;autopause=0&amp;loop=0&amp;muted=0&amp;title=1&amp;portrait=1&amp;byline=1#t=\" data-no-translation-title=\"\"><\/iframe>\t\t<\/div>\n\t\t\t\t\t\t<\/div>\n\t\t\t\t<div class=\"elementor-element elementor-element-f126b8b elementor-widget__width-initial link-decoration p-reset elementor-widget elementor-widget-text-editor\" data-id=\"f126b8b\" data-element_type=\"widget\" data-e-type=\"widget\" data-widget_type=\"text-editor.default\">\n\t\t\t\t\t\t\t\t\tThe corporate spot we created for PartnersPol is a hybrid of film and modern animation. Because we wanted to focus on the image, we did not add a voiceover. The subtitles are short but specific, conveying the most important information about the company to the viewer. The spot is set to quite dynamic, but at the same time full of twists and mystery, which is of course also a deliberate choice. We worked closely with PartnersPol at every stage of the spot's development. Customer satisfaction is most important to us!\t\t\t\t\t\t\t\t<\/div>\n\t\t\t\t\t<\/div>\n\t\t\t\t<\/div>\n\t\t\t\t<\/div>","protected":false},"excerpt":{"rendered":"<p>Spot Korporacyjny Du\u017ce firmy, \u015bwiadcz\u0105ce wiele us\u0142ug i maj\u0105ce klient\u00f3w na ca\u0142ym \u015bwiecie powinny szczeg\u00f3lnie dba\u0107 o sw\u00f3j wizerunek. Spot korporacyjny to najlepszy spos\u00f3b na multimedialne przedstawienie si\u0119 obecnym i przysz\u0142ym klientom. W kr\u00f3tki i ciekawy spos\u00f3b pokazuje najwa\u017cniejsze wydarzenia z historii firmy i rodzaje us\u0142ug. Taki spot korporacyjny s\u0142u\u017cy zar\u00f3wno jako wizyt\u00f3wka korporacji ale [&hellip;]<\/p>\n","protected":false},"author":3,"featured_media":0,"parent":0,"menu_order":0,"comment_status":"closed","ping_status":"closed","template":"","meta":{"footnotes":""},"categories":[],"tags":[],"class_list":["post-12859","page","type-page","status-publish","hentry"],"_links":{"self":[{"href":"https:\/\/www.simpleframe.pl\/en\/wp-json\/wp\/v2\/pages\/12859","targetHints":{"allow":["GET"]}}],"collection":[{"href":"https:\/\/www.simpleframe.pl\/en\/wp-json\/wp\/v2\/pages"}],"about":[{"href":"https:\/\/www.simpleframe.pl\/en\/wp-json\/wp\/v2\/types\/page"}],"author":[{"embeddable":true,"href":"https:\/\/www.simpleframe.pl\/en\/wp-json\/wp\/v2\/users\/3"}],"replies":[{"embeddable":true,"href":"https:\/\/www.simpleframe.pl\/en\/wp-json\/wp\/v2\/comments?post=12859"}],"version-history":[{"count":5,"href":"https:\/\/www.simpleframe.pl\/en\/wp-json\/wp\/v2\/pages\/12859\/revisions"}],"predecessor-version":[{"id":12865,"href":"https:\/\/www.simpleframe.pl\/en\/wp-json\/wp\/v2\/pages\/12859\/revisions\/12865"}],"wp:attachment":[{"href":"https:\/\/www.simpleframe.pl\/en\/wp-json\/wp\/v2\/media?parent=12859"}],"wp:term":[{"taxonomy":"category","embeddable":true,"href":"https:\/\/www.simpleframe.pl\/en\/wp-json\/wp\/v2\/categories?post=12859"},{"taxonomy":"post_tag","embeddable":true,"href":"https:\/\/www.simpleframe.pl\/en\/wp-json\/wp\/v2\/tags?post=12859"}],"curies":[{"name":"wp","href":"https:\/\/api.w.org\/{rel}","templated":true}]}}