{"id":12835,"date":"2025-08-21T11:28:13","date_gmt":"2025-08-21T09:28:13","guid":{"rendered":"https:\/\/dev108.stwb.pl\/?page_id=12835"},"modified":"2025-08-21T11:29:45","modified_gmt":"2025-08-21T09:29:45","slug":"product-renderings","status":"publish","type":"page","link":"https:\/\/www.simpleframe.pl\/en\/rendering-produktow\/","title":{"rendered":"Rendering of products"},"content":{"rendered":"<div data-elementor-type=\"wp-page\" data-elementor-id=\"12835\" class=\"elementor elementor-12835\" data-elementor-post-type=\"page\">\n\t\t\t\t<div class=\"elementor-element elementor-element-5f844c8 page-video-bar e-flex e-con-boxed e-con e-parent\" data-id=\"5f844c8\" data-element_type=\"container\" data-e-type=\"container\" data-settings=\"{&quot;background_background&quot;:&quot;video&quot;,&quot;background_video_link&quot;:&quot;https:\\\/\\\/www.simpleframe.pl\\\/wp-content\\\/uploads\\\/2025\\\/09\\\/videopodstrony.mp4&quot;,&quot;background_play_on_mobile&quot;:&quot;yes&quot;}\">\n\t\t\t\t\t<div class=\"e-con-inner\">\n\t\t<div class=\"elementor-background-video-container\">\n\t\t\t\t\t\t\t<video class=\"elementor-background-video-hosted\" role=\"presentation\" autoplay muted playsinline loop><\/video>\n\t\t\t\t\t<\/div>\t\t\t<\/div>\n\t\t\t\t<\/div>\n\t\t<div class=\"elementor-element elementor-element-179f7cf e-flex e-con-boxed e-con e-parent\" data-id=\"179f7cf\" data-element_type=\"container\" data-e-type=\"container\">\n\t\t\t\t\t<div class=\"e-con-inner\">\n\t\t\t\t<div class=\"elementor-element elementor-element-a5e0993 elementor-widget elementor-widget-heading\" data-id=\"a5e0993\" data-element_type=\"widget\" data-e-type=\"widget\" data-widget_type=\"heading.default\">\n\t\t\t\t\t<h1 class=\"elementor-heading-title elementor-size-default\">Rendering of products<\/h1>\t\t\t\t<\/div>\n\t\t\t\t<div class=\"elementor-element elementor-element-cdf66f0 elementor-widget__width-initial link-decoration elementor-widget elementor-widget-text-editor\" data-id=\"cdf66f0\" data-element_type=\"widget\" data-e-type=\"widget\" data-widget_type=\"text-editor.default\">\n\t\t\t\t\t\t\t\t\tWe are constantly looking for new and better solutions for ourselves and our companies. In film, animation or photography too. One innovative technique, especially for advertising and marketing, is product rendering. In order to make more and more sales and\u00a0<a href=\"https:\/\/www.film-reklamowy.com.pl\/film-promocyjny\" rel=\"noopener\">promotion<\/a>\u00a0products, successful companies invest in catalogues, brochures or multimedia projects to present their products. They want to meet the expectations of customers, even the most demanding ones. To show the advantages and quality of their offers. Until recently, the only way to create a catalogue or visualisation was through an exhaustive photo shoot. However, progress and technology have suggested other methods and ways. What is more, ways that are just as effective, creative and much cheaper and require less input and work.\t\t\t\t\t\t\t\t<\/div>\n\t\t\t\t<div class=\"elementor-element elementor-element-abb103a elementor-widget__width-initial link-decoration elementor-widget elementor-widget-text-editor\" data-id=\"abb103a\" data-element_type=\"widget\" data-e-type=\"widget\" data-widget_type=\"text-editor.default\">\n\t\t\t\t\t\t\t\t\tProduct Rendering is the creation from files or photos\u00a0<a href=\"https:\/\/www.animacje-komputerowe.com.pl\/\" rel=\"noopener\">advanced images<\/a>. Images that are highly detailed, realistic and confusingly similar to real products. The fact that the product image is created by a graphic designer rather than a photographer in a studio saves time and money. Today's techniques, equipment and gadgets allow graphic designers to create even the most complex, creative and interesting images. The whole process of achieving such visualisation is time-consuming, but the results are very amazing!\t\t\t\t\t\t\t\t<\/div>\n\t\t\t\t<div class=\"elementor-element elementor-element-647cf07 elementor-widget__width-initial link-decoration elementor-widget elementor-widget-text-editor\" data-id=\"647cf07\" data-element_type=\"widget\" data-e-type=\"widget\" data-widget_type=\"text-editor.default\">\n\t\t\t\t\t\t\t\t\tAt Simple Frame studio, we deal with product renderings. We present even the most complex images and visualisations of entire spaces in an attractive way. The right play of shadows, ways of refraction, colours, texture, general atmosphere - we take all this into account when creating an image of your product. We can guarantee that only a skilled, seasoned artist or graphic designer will be able to tell the difference between our render and a traditional high-quality photograph.\t\t\t\t\t\t\t\t<\/div>\n\t\t\t\t\t<\/div>\n\t\t\t\t<\/div>\n\t\t\t\t<\/div>","protected":false},"excerpt":{"rendered":"<p>Rendering produkt\u00f3w Nieustannie szukamy nowych, lepszych rozwi\u0105za\u0144 dla siebie i swoich firm. W filmie, animacji czy fotografii r\u00f3wnie\u017c. Jedn\u0105 z innowacyjnych technik, szczeg\u00f3lnie dla reklamy i marketingu jest rendering produkt\u00f3w. \u017beby sprzeda\u017c by\u0142a coraz wi\u0119ksza, a\u00a0promocja\u00a0produkt\u00f3w skuteczna firmy inwestuj\u0105 w katalogi, broszury czy projekty multimedialne przedstawiaj\u0105ce ich produkty. Chc\u0105 wyj\u015b\u0107 naprzeciw oczekiwaniom klient\u00f3w, nawet tym [&hellip;]<\/p>\n","protected":false},"author":3,"featured_media":0,"parent":0,"menu_order":0,"comment_status":"closed","ping_status":"closed","template":"","meta":{"footnotes":""},"categories":[],"tags":[],"class_list":["post-12835","page","type-page","status-publish","hentry"],"_links":{"self":[{"href":"https:\/\/www.simpleframe.pl\/en\/wp-json\/wp\/v2\/pages\/12835","targetHints":{"allow":["GET"]}}],"collection":[{"href":"https:\/\/www.simpleframe.pl\/en\/wp-json\/wp\/v2\/pages"}],"about":[{"href":"https:\/\/www.simpleframe.pl\/en\/wp-json\/wp\/v2\/types\/page"}],"author":[{"embeddable":true,"href":"https:\/\/www.simpleframe.pl\/en\/wp-json\/wp\/v2\/users\/3"}],"replies":[{"embeddable":true,"href":"https:\/\/www.simpleframe.pl\/en\/wp-json\/wp\/v2\/comments?post=12835"}],"version-history":[{"count":5,"href":"https:\/\/www.simpleframe.pl\/en\/wp-json\/wp\/v2\/pages\/12835\/revisions"}],"predecessor-version":[{"id":12840,"href":"https:\/\/www.simpleframe.pl\/en\/wp-json\/wp\/v2\/pages\/12835\/revisions\/12840"}],"wp:attachment":[{"href":"https:\/\/www.simpleframe.pl\/en\/wp-json\/wp\/v2\/media?parent=12835"}],"wp:term":[{"taxonomy":"category","embeddable":true,"href":"https:\/\/www.simpleframe.pl\/en\/wp-json\/wp\/v2\/categories?post=12835"},{"taxonomy":"post_tag","embeddable":true,"href":"https:\/\/www.simpleframe.pl\/en\/wp-json\/wp\/v2\/tags?post=12835"}],"curies":[{"name":"wp","href":"https:\/\/api.w.org\/{rel}","templated":true}]}}