{"id":12828,"date":"2025-08-21T11:19:20","date_gmt":"2025-08-21T09:19:20","guid":{"rendered":"https:\/\/dev108.stwb.pl\/?page_id=12828"},"modified":"2025-08-21T11:21:18","modified_gmt":"2025-08-21T09:21:18","slug":"film-report-2","status":"publish","type":"page","link":"https:\/\/www.simpleframe.pl\/en\/relacja-filmowa-2\/","title":{"rendered":"Video report"},"content":{"rendered":"<div data-elementor-type=\"wp-page\" data-elementor-id=\"12828\" class=\"elementor elementor-12828\" data-elementor-post-type=\"page\">\n\t\t\t\t<div class=\"elementor-element elementor-element-5f844c8 page-video-bar e-flex e-con-boxed e-con e-parent\" data-id=\"5f844c8\" data-element_type=\"container\" data-e-type=\"container\" data-settings=\"{&quot;background_background&quot;:&quot;video&quot;,&quot;background_video_link&quot;:&quot;https:\\\/\\\/www.simpleframe.pl\\\/wp-content\\\/uploads\\\/2025\\\/09\\\/videopodstrony.mp4&quot;,&quot;background_play_on_mobile&quot;:&quot;yes&quot;}\">\n\t\t\t\t\t<div class=\"e-con-inner\">\n\t\t<div class=\"elementor-background-video-container\">\n\t\t\t\t\t\t\t<video class=\"elementor-background-video-hosted\" role=\"presentation\" autoplay muted playsinline loop><\/video>\n\t\t\t\t\t<\/div>\t\t\t<\/div>\n\t\t\t\t<\/div>\n\t\t<div class=\"elementor-element elementor-element-179f7cf e-flex e-con-boxed e-con e-parent\" data-id=\"179f7cf\" data-element_type=\"container\" data-e-type=\"container\">\n\t\t\t\t\t<div class=\"e-con-inner\">\n\t\t\t\t<div class=\"elementor-element elementor-element-a5e0993 elementor-widget elementor-widget-heading\" data-id=\"a5e0993\" data-element_type=\"widget\" data-e-type=\"widget\" data-widget_type=\"heading.default\">\n\t\t\t\t\t<h1 class=\"elementor-heading-title elementor-size-default\">Video report<\/h1>\t\t\t\t<\/div>\n\t\t\t\t<div class=\"elementor-element elementor-element-cdf66f0 elementor-widget__width-initial link-decoration elementor-widget elementor-widget-text-editor\" data-id=\"cdf66f0\" data-element_type=\"widget\" data-e-type=\"widget\" data-widget_type=\"text-editor.default\">\n\t\t\t\t\t\t\t\t\tNowadays, almost every cultural or entertainment event is covered on TV or the internet. We like and want to know what happens during them, especially as the more prestigious ones are inaccessible to the average viewer. Film coverage is an option that almost every organiser decides on. It is thanks to the coverage that we can see the event and know what it looked like from the inside. Despite the fact that reports are popular, not many filmmakers or cameramen decide to take on this task.\t\t\t\t\t\t\t\t<\/div>\n\t\t\t\t<div class=\"elementor-element elementor-element-60fbad1 elementor-widget elementor-widget-video\" data-id=\"60fbad1\" data-element_type=\"widget\" data-e-type=\"widget\" data-settings=\"{&quot;video_type&quot;:&quot;vimeo&quot;}\" data-widget_type=\"video.default\">\n\t\t\t\t\t\t\t<div class=\"elementor-wrapper elementor-open-inline\">\n\t\t\t<iframe class=\"elementor-video-iframe\" allowfullscreen allow=\"clipboard-write\" title=\"vimeo Video player\" src=\"https:\/\/player.vimeo.com\/video\/305464805?color&amp;autopause=0&amp;loop=0&amp;muted=0&amp;title=1&amp;portrait=1&amp;byline=1#t=\"><\/iframe>\t\t<\/div>\n\t\t\t\t\t\t<\/div>\n\t\t\t\t<div class=\"elementor-element elementor-element-ae05902 elementor-widget__width-initial link-decoration p-reset elementor-widget elementor-widget-text-editor\" data-id=\"ae05902\" data-element_type=\"widget\" data-e-type=\"widget\" data-widget_type=\"text-editor.default\">\n\t\t\t\t\t\t\t\t\t<p>Film coverage requires a great deal of experience, reflexes and a trained cameraman's eye. Only then will the following be captured\u00a0<a href=\"http:\/\/www.film-reklamowy.com.pl\/film-promocyjny\" rel=\"noopener\">highlights.<\/a>\u00a0Also important is good equipment.<br \/>At Simple Frame studio, we create coverage comprehensively. We prepare properly for recording the coverage. We have the best quality equipment at our disposal. Thanks to this, we are sure that the image and sound are always at the highest level. Above all, the cameramen who make up our team are professional and very creative.<\/p><p>During coverage, it is impossible to repeat a certain behaviour, everything happens spontaneously. That's why it's important for the cameraman to have a sense of the moment to capture precious moments and situations.\u00a0<a href=\"http:\/\/www.produkcja-filmowa.pl\/film-reklamowy\" rel=\"noopener\">Interestingly recorded<\/a>\u00a0frames and the right shots are also evidence of a good cameraman and thus of interesting material. All of this we have been able to boast about in our studio for years.<\/p><p>We produce interesting and creative coverage. The editing of the recorded material also takes place at the highest level in a well-equipped post-production studio. All under the supervision of our best editors. Picture and sound always at the highest level!<\/p>\t\t\t\t\t\t\t\t<\/div>\n\t\t\t\t<div class=\"elementor-element elementor-element-5b0369d elementor-widget elementor-widget-video\" data-id=\"5b0369d\" data-element_type=\"widget\" data-e-type=\"widget\" data-settings=\"{&quot;video_type&quot;:&quot;vimeo&quot;}\" data-widget_type=\"video.default\">\n\t\t\t\t\t\t\t<div class=\"elementor-wrapper elementor-open-inline\">\n\t\t\t<iframe class=\"elementor-video-iframe\" allowfullscreen allow=\"clipboard-write\" title=\"vimeo Video player\" src=\"https:\/\/player.vimeo.com\/video\/297446351?color&amp;autopause=0&amp;loop=0&amp;muted=0&amp;title=1&amp;portrait=1&amp;byline=1#t=\"><\/iframe>\t\t<\/div>\n\t\t\t\t\t\t<\/div>\n\t\t\t\t\t<\/div>\n\t\t\t\t<\/div>\n\t\t\t\t<\/div>","protected":false},"excerpt":{"rendered":"<p>Relacja filmowa Obecnie niemal ka\u017cde wydarzenie kulturowe czy rozrywkowe jest relacjonowane w telewizji lub internecie. Lubimy i chcemy wiedzie\u0107 co si\u0119 dzieje podczas nich, tym bardziej \u017ce te bardziej presti\u017cowe s\u0105 niedost\u0119pne dla przeci\u0119tnego widza. Relacja filmowa jest wyj\u015bciem, na kt\u00f3re decyduje si\u0119 niemal ka\u017cdy organizator. W\u0142a\u015bnie dzi\u0119ki relacji mo\u017cemy obejrze\u0107 event i wiedzie\u0107 jak [&hellip;]<\/p>\n","protected":false},"author":3,"featured_media":0,"parent":0,"menu_order":0,"comment_status":"closed","ping_status":"closed","template":"","meta":{"footnotes":""},"categories":[],"tags":[],"class_list":["post-12828","page","type-page","status-publish","hentry"],"_links":{"self":[{"href":"https:\/\/www.simpleframe.pl\/en\/wp-json\/wp\/v2\/pages\/12828","targetHints":{"allow":["GET"]}}],"collection":[{"href":"https:\/\/www.simpleframe.pl\/en\/wp-json\/wp\/v2\/pages"}],"about":[{"href":"https:\/\/www.simpleframe.pl\/en\/wp-json\/wp\/v2\/types\/page"}],"author":[{"embeddable":true,"href":"https:\/\/www.simpleframe.pl\/en\/wp-json\/wp\/v2\/users\/3"}],"replies":[{"embeddable":true,"href":"https:\/\/www.simpleframe.pl\/en\/wp-json\/wp\/v2\/comments?post=12828"}],"version-history":[{"count":4,"href":"https:\/\/www.simpleframe.pl\/en\/wp-json\/wp\/v2\/pages\/12828\/revisions"}],"predecessor-version":[{"id":12833,"href":"https:\/\/www.simpleframe.pl\/en\/wp-json\/wp\/v2\/pages\/12828\/revisions\/12833"}],"wp:attachment":[{"href":"https:\/\/www.simpleframe.pl\/en\/wp-json\/wp\/v2\/media?parent=12828"}],"wp:term":[{"taxonomy":"category","embeddable":true,"href":"https:\/\/www.simpleframe.pl\/en\/wp-json\/wp\/v2\/categories?post=12828"},{"taxonomy":"post_tag","embeddable":true,"href":"https:\/\/www.simpleframe.pl\/en\/wp-json\/wp\/v2\/tags?post=12828"}],"curies":[{"name":"wp","href":"https:\/\/api.w.org\/{rel}","templated":true}]}}