{"id":12704,"date":"2025-08-20T16:56:37","date_gmt":"2025-08-20T14:56:37","guid":{"rendered":"https:\/\/dev108.stwb.pl\/?page_id=12704"},"modified":"2025-08-20T17:00:42","modified_gmt":"2025-08-20T15:00:42","slug":"3d-multimedia-presentation","status":"publish","type":"page","link":"https:\/\/www.simpleframe.pl\/en\/prezentacja-multimedialna-3d\/","title":{"rendered":"3D multimedia presentation"},"content":{"rendered":"<div data-elementor-type=\"wp-page\" data-elementor-id=\"12704\" class=\"elementor elementor-12704\" data-elementor-post-type=\"page\">\n\t\t\t\t<div class=\"elementor-element elementor-element-8234f59 page-video-bar e-flex e-con-boxed e-con e-parent\" data-id=\"8234f59\" data-element_type=\"container\" data-e-type=\"container\" data-settings=\"{&quot;background_background&quot;:&quot;video&quot;,&quot;background_video_link&quot;:&quot;https:\\\/\\\/old.simpleframe.pl\\\/wp-content\\\/uploads\\\/2023\\\/04\\\/Produkcja-animacji.mp4&quot;,&quot;background_play_on_mobile&quot;:&quot;yes&quot;}\">\n\t\t\t\t\t<div class=\"e-con-inner\">\n\t\t<div class=\"elementor-background-video-container\">\n\t\t\t\t\t\t\t<video class=\"elementor-background-video-hosted\" role=\"presentation\" autoplay muted playsinline loop><\/video>\n\t\t\t\t\t<\/div>\t\t\t<\/div>\n\t\t\t\t<\/div>\n\t\t<div class=\"elementor-element elementor-element-78da1b0 e-flex e-con-boxed e-con e-parent\" data-id=\"78da1b0\" data-element_type=\"container\" data-e-type=\"container\">\n\t\t\t\t\t<div class=\"e-con-inner\">\n\t\t\t\t<div class=\"elementor-element elementor-element-1b99294 elementor-widget elementor-widget-heading\" data-id=\"1b99294\" data-element_type=\"widget\" data-e-type=\"widget\" data-widget_type=\"heading.default\">\n\t\t\t\t\t<h1 class=\"elementor-heading-title elementor-size-default\">Multimedia presentation - a modern way of communication.<\/h1>\t\t\t\t<\/div>\n\t\t\t\t<div class=\"elementor-element elementor-element-fbb4f9d elementor-widget__width-initial link-decoration p-reset elementor-widget elementor-widget-text-editor\" data-id=\"fbb4f9d\" data-element_type=\"widget\" data-e-type=\"widget\" data-widget_type=\"text-editor.default\">\n\t\t\t\t\t\t\t\t\t<p><a href=\"https:\/\/prezentacje-multimedialne.com.pl\/\" rel=\"noopener\">Multimedia presentation<\/a>\u00a03D is the main and most important point of a business meeting, fair, company event, training. The way the presentation looks in the eyes of the audience, this is how they will later perceive you and your company, which is why it is very important for the multimedia presentation to be professional, modern and interesting for the audience.<\/p><p>A 3D multimedia presentation is an investment that will serve more than once and can enhance the prestige of a company. Thanks to it, we can show how to use products and services correctly, how the company's products are made, what the benefits of choosing this particular brand are or what new products are used for. The presentation will show us the offer, instructions and image of the company.<\/p><p>We can show everything with a presentation. But you have to show it in such a way that you draw the viewer into this world and convince him or her of the offer you are presenting, not only with assurances and words, but above all with images. A modern, light-hearted and uncluttered image says more than the company's longest instructions, which assure the quality of the brand. As they see us, so they write us. A principle as old as time itself, but still very much up to date and also applies to multimedia presentations.<\/p>\t\t\t\t\t\t\t\t<\/div>\n\t\t\t\t<div class=\"elementor-element elementor-element-52bcdbc elementor-widget elementor-widget-video\" data-id=\"52bcdbc\" data-element_type=\"widget\" data-e-type=\"widget\" data-settings=\"{&quot;video_type&quot;:&quot;vimeo&quot;}\" data-widget_type=\"video.default\">\n\t\t\t\t\t\t\t<div class=\"elementor-wrapper elementor-open-inline\">\n\t\t\t<iframe class=\"elementor-video-iframe\" allowfullscreen allow=\"clipboard-write\" title=\"vimeo Video player\" src=\"https:\/\/player.vimeo.com\/video\/364750803?color&amp;autopause=0&amp;loop=0&amp;muted=0&amp;title=1&amp;portrait=1&amp;byline=1&amp;h=870072126c#t=\"><\/iframe>\t\t<\/div>\n\t\t\t\t\t\t<\/div>\n\t\t\t\t<div class=\"elementor-element elementor-element-49daecb elementor-widget__width-initial link-decoration p-reset elementor-widget elementor-widget-text-editor\" data-id=\"49daecb\" data-element_type=\"widget\" data-e-type=\"widget\" data-widget_type=\"text-editor.default\">\n\t\t\t\t\t\t\t\t\t<p><a href=\"https:\/\/prezentacje-multimedialne.com.pl\/\" rel=\"noopener\">Multimedia presentation<\/a>\u00a03D is the main and most important point of a business meeting, fair, company event, training. The way the presentation looks in the eyes of the audience, this is how they will later perceive you and your company, which is why it is very important for the multimedia presentation to be professional, modern and interesting for the audience.<\/p><p>A 3D multimedia presentation is an investment that will serve more than once and can enhance the prestige of a company. Thanks to it, we can show how to use products and services correctly, how the company's products are made, what the benefits of choosing this particular brand are or what new products are used for. The presentation will show us the offer, instructions and image of the company.<\/p><p>We can show everything with a presentation. But you have to show it in such a way that you draw the viewer into this world and convince him or her of the offer you are presenting, not only with assurances and words, but above all with images. A modern, light-hearted and uncluttered image says more than the company's longest instructions, which assure the quality of the brand. As they see us, so they write us. A principle as old as time itself, but still very much up to date and also applies to multimedia presentations.<\/p>\t\t\t\t\t\t\t\t<\/div>\n\t\t\t\t<div class=\"elementor-element elementor-element-bb6685d elementor-widget elementor-widget-video\" data-id=\"bb6685d\" data-element_type=\"widget\" data-e-type=\"widget\" data-settings=\"{&quot;video_type&quot;:&quot;vimeo&quot;}\" data-widget_type=\"video.default\">\n\t\t\t\t\t\t\t<div class=\"elementor-wrapper elementor-open-inline\">\n\t\t\t<iframe class=\"elementor-video-iframe\" allowfullscreen allow=\"clipboard-write\" title=\"vimeo Video player\" src=\"https:\/\/player.vimeo.com\/video\/364750995?color&amp;autopause=0&amp;loop=0&amp;muted=0&amp;title=1&amp;portrait=1&amp;byline=1&amp;h=870072126c#t=\"><\/iframe>\t\t<\/div>\n\t\t\t\t\t\t<\/div>\n\t\t\t\t\t<\/div>\n\t\t\t\t<\/div>\n\t\t<div class=\"elementor-element elementor-element-6890f93 e-flex e-con-boxed e-con e-parent\" data-id=\"6890f93\" data-element_type=\"container\" data-e-type=\"container\">\n\t\t\t\t\t<div class=\"e-con-inner\">\n\t\t\t\t<div class=\"elementor-element elementor-element-5081396 elementor-widget elementor-widget-heading\" data-id=\"5081396\" data-element_type=\"widget\" data-e-type=\"widget\" data-widget_type=\"heading.default\">\n\t\t\t\t\t<h2 class=\"elementor-heading-title elementor-size-default\">A professional studio the basis of a good presentation.<\/h2>\t\t\t\t<\/div>\n\t\t\t\t<div class=\"elementor-element elementor-element-8a27b61 elementor-widget__width-initial link-decoration elementor-widget elementor-widget-text-editor\" data-id=\"8a27b61\" data-element_type=\"widget\" data-e-type=\"widget\" data-widget_type=\"text-editor.default\">\n\t\t\t\t\t\t\t\t\tSimpleFrame studio has been in existence for over 15 years. During this time we have managed to get to know the market and clients' expectations thoroughly. We know the trends in the industry very well, we know what was fashionable and what is still to come. Customers are increasingly demanding. They have already seen a lot, so it is becoming increasingly difficult to surprise them and hold their attention. In our studio, we rely on people. Even with the best equipment, we would not be at the forefront of the industry for long if it were not for the creative, challenge-loving people who make up this company.\n\t\t\t\t\t\t\t\t<\/div>\n\t\t\t\t\t<\/div>\n\t\t\t\t<\/div>\n\t\t<div class=\"elementor-element elementor-element-9fb93be e-flex e-con-boxed e-con e-parent\" data-id=\"9fb93be\" data-element_type=\"container\" data-e-type=\"container\">\n\t\t\t\t\t<div class=\"e-con-inner\">\n\t\t\t\t<div class=\"elementor-element elementor-element-d10c221 elementor-widget elementor-widget-heading\" data-id=\"d10c221\" data-element_type=\"widget\" data-e-type=\"widget\" data-widget_type=\"heading.default\">\n\t\t\t\t\t<h2 class=\"elementor-heading-title elementor-size-default\">Creativity the key to success.<\/h2>\t\t\t\t<\/div>\n\t\t\t\t<div class=\"elementor-element elementor-element-2da7cbe elementor-widget__width-initial link-decoration p-reset elementor-widget elementor-widget-text-editor\" data-id=\"2da7cbe\" data-element_type=\"widget\" data-e-type=\"widget\" data-widget_type=\"text-editor.default\">\n\t\t\t\t\t\t\t\t\t<p>We recently created a multimedia presentation type production for Plastwil that shows very clearly and concretely, without unnecessary text, how to fix the rails. We focused on a few muted, non-aggressive colours, which are obviously not random. This was a good move.<\/p><p>This makes the product presentation very clear, the message clear. Only when opening and closing the presentation did we break the colour scheme with red, which enlivens and at the same time also alludes to one of the colours associated with Plastwil. We have embellished the whole\u00a0<a href=\"https:\/\/www.simpleframe.pl\/en\/sound-studio\/\" rel=\"noopener\">melodic line<\/a>which, in a very moderate, positive tone, makes the presentation enjoyable to watch. It doesn't dampen it with too fast a pace, but it doesn't bore either. It complements the whole perfectly.<\/p><p>The smooth effects, transitions and visuals are produced with the greatest care and attention. This ensures that the multimedia image is very faithful to reality and is not graphically exaggerated, so that the viewer does not feel cheated.\u00a0<a href=\"https:\/\/prezentacje-multimedialne.com.pl\/\" rel=\"noopener\">PORTFOLIO<\/a><\/p>\t\t\t\t\t\t\t\t<\/div>\n\t\t\t\t\t<\/div>\n\t\t\t\t<\/div>\n\t\t\t\t<\/div>","protected":false},"excerpt":{"rendered":"<p>Prezentacja multimedialna \u2013 nowoczesny spos\u00f3b komunikacji. Prezentacja multimedialna\u00a03D to g\u0142\u00f3wny i najwa\u017cniejszy punkt spotkania biznesowego, targ\u00f3w, event\u00f3w firmowych, szkole\u0144. Tak jak wypadnie prezentacja w oczach widz\u00f3w, tak b\u0119d\u0105 p\u00f3\u017aniej postrzega\u0107 Ciebie i Twoj\u0105 firm\u0119, dlatego w\u0142a\u015bnie bardzo wa\u017cne jest \u017ceby prezentacja multimedialna by\u0142a profesjonalna, nowoczesna i ciekawa dla widz\u00f3w. Prezentacja multimedialna 3D to inwestycja, kt\u00f3ra [&hellip;]<\/p>\n","protected":false},"author":3,"featured_media":0,"parent":0,"menu_order":0,"comment_status":"closed","ping_status":"closed","template":"","meta":{"footnotes":""},"categories":[],"tags":[],"class_list":["post-12704","page","type-page","status-publish","hentry"],"_links":{"self":[{"href":"https:\/\/www.simpleframe.pl\/en\/wp-json\/wp\/v2\/pages\/12704","targetHints":{"allow":["GET"]}}],"collection":[{"href":"https:\/\/www.simpleframe.pl\/en\/wp-json\/wp\/v2\/pages"}],"about":[{"href":"https:\/\/www.simpleframe.pl\/en\/wp-json\/wp\/v2\/types\/page"}],"author":[{"embeddable":true,"href":"https:\/\/www.simpleframe.pl\/en\/wp-json\/wp\/v2\/users\/3"}],"replies":[{"embeddable":true,"href":"https:\/\/www.simpleframe.pl\/en\/wp-json\/wp\/v2\/comments?post=12704"}],"version-history":[{"count":8,"href":"https:\/\/www.simpleframe.pl\/en\/wp-json\/wp\/v2\/pages\/12704\/revisions"}],"predecessor-version":[{"id":12715,"href":"https:\/\/www.simpleframe.pl\/en\/wp-json\/wp\/v2\/pages\/12704\/revisions\/12715"}],"wp:attachment":[{"href":"https:\/\/www.simpleframe.pl\/en\/wp-json\/wp\/v2\/media?parent=12704"}],"wp:term":[{"taxonomy":"category","embeddable":true,"href":"https:\/\/www.simpleframe.pl\/en\/wp-json\/wp\/v2\/categories?post=12704"},{"taxonomy":"post_tag","embeddable":true,"href":"https:\/\/www.simpleframe.pl\/en\/wp-json\/wp\/v2\/tags?post=12704"}],"curies":[{"name":"wp","href":"https:\/\/api.w.org\/{rel}","templated":true}]}}