{"id":12675,"date":"2025-08-20T16:23:57","date_gmt":"2025-08-20T14:23:57","guid":{"rendered":"https:\/\/dev108.stwb.pl\/?page_id=12675"},"modified":"2025-08-20T16:35:32","modified_gmt":"2025-08-20T14:35:32","slug":"animated-presentation","status":"publish","type":"page","link":"https:\/\/www.simpleframe.pl\/en\/prezentacja-animowana\/","title":{"rendered":"Animated presentation"},"content":{"rendered":"<div data-elementor-type=\"wp-page\" data-elementor-id=\"12675\" class=\"elementor elementor-12675\" data-elementor-post-type=\"page\">\n\t\t\t\t<div class=\"elementor-element elementor-element-8234f59 page-video-bar e-flex e-con-boxed e-con e-parent\" data-id=\"8234f59\" data-element_type=\"container\" data-e-type=\"container\" data-settings=\"{&quot;background_background&quot;:&quot;video&quot;,&quot;background_video_link&quot;:&quot;https:\\\/\\\/old.simpleframe.pl\\\/wp-content\\\/uploads\\\/2023\\\/04\\\/Produkcja-animacji.mp4&quot;,&quot;background_play_on_mobile&quot;:&quot;yes&quot;}\">\n\t\t\t\t\t<div class=\"e-con-inner\">\n\t\t<div class=\"elementor-background-video-container\">\n\t\t\t\t\t\t\t<video class=\"elementor-background-video-hosted\" role=\"presentation\" autoplay muted playsinline loop><\/video>\n\t\t\t\t\t<\/div>\t\t\t<\/div>\n\t\t\t\t<\/div>\n\t\t<div class=\"elementor-element elementor-element-78da1b0 e-flex e-con-boxed e-con e-parent\" data-id=\"78da1b0\" data-element_type=\"container\" data-e-type=\"container\">\n\t\t\t\t\t<div class=\"e-con-inner\">\n\t\t\t\t<div class=\"elementor-element elementor-element-1b99294 elementor-widget elementor-widget-heading\" data-id=\"1b99294\" data-element_type=\"widget\" data-e-type=\"widget\" data-widget_type=\"heading.default\">\n\t\t\t\t\t<h1 class=\"elementor-heading-title elementor-size-default\">Simple Frame animated presentation<\/h1>\t\t\t\t<\/div>\n\t\t\t\t<div class=\"elementor-element elementor-element-fbb4f9d elementor-widget__width-initial link-decoration elementor-widget elementor-widget-text-editor\" data-id=\"fbb4f9d\" data-element_type=\"widget\" data-e-type=\"widget\" data-widget_type=\"text-editor.default\">\n\t\t\t\t\t\t\t\t\tThe world of animation knows no boundaries or patterns. The animated presentation shows and explains everything, which is its greatest advantage. In addition, it is very pleasing to the eye and attractive. Today, there are different types of animation.\t\t\t\t\t\t\t\t<\/div>\n\t\t\t\t<div class=\"elementor-element elementor-element-2280295 elementor-widget__width-initial link-decoration p-reset elementor-widget elementor-widget-text-editor\" data-id=\"2280295\" data-element_type=\"widget\" data-e-type=\"widget\" data-widget_type=\"text-editor.default\">\n\t\t\t\t\t\t\t\t\t<p>By showing the image in a slightly different way, they are equally attractive and have great potential and possibilities<a href=\"https:\/\/marketingvideo.com.pl\/animacje-komputerowe\/\" rel=\"noopener\">\u00a0showing everything<\/a>.<\/p><p>Until now, animation has been associated primarily with cheerful fairy tales. Thanks to this association, today even a technical animation showing the workings of an engine or furnace is pleasantly received and interesting.<\/p><div><p>Increasingly, we are creating projects just with elements or fully animated for our clients. This is what makes an animated presentation a great example of the fact that this technique will work anywhere.<\/p><\/div>\t\t\t\t\t\t\t\t<\/div>\n\t\t\t\t<div class=\"elementor-element elementor-element-3d81fdb elementor-widget elementor-widget-video\" data-id=\"3d81fdb\" data-element_type=\"widget\" data-e-type=\"widget\" data-settings=\"{&quot;video_type&quot;:&quot;vimeo&quot;}\" data-widget_type=\"video.default\">\n\t\t\t\t\t\t\t<div class=\"elementor-wrapper elementor-open-inline\">\n\t\t\t<iframe class=\"elementor-video-iframe\" allowfullscreen allow=\"clipboard-write\" title=\"vimeo Video player\" src=\"https:\/\/player.vimeo.com\/video\/250253282?color&amp;autopause=0&amp;loop=0&amp;muted=0&amp;title=1&amp;portrait=1&amp;byline=1&amp;h=870072126c#t=\"><\/iframe>\t\t<\/div>\n\t\t\t\t\t\t<\/div>\n\t\t\t\t<div class=\"elementor-element elementor-element-db393ae elementor-widget__width-initial link-decoration elementor-widget elementor-widget-text-editor\" data-id=\"db393ae\" data-element_type=\"widget\" data-e-type=\"widget\" data-widget_type=\"text-editor.default\">\n\t\t\t\t\t\t\t\t\t<div>Simple Frame is a very experienced film, animation and presentation studio. No one like us knows the potential of animation and how it has changed over the years and the wide range of applications it can have. Furthermore, adding our knowledge, artistic ability and the best equipment, we can confidently say that our animation studio is<a href=\"https:\/\/www.simpleframe.pl\/en\/pl\/animacja3d\/\" rel=\"noopener\">\u00a0one of the best<\/a>.<\/div>\n<div>First of all, when creating any project, we start by writing a detailed script. First of all, we choose the techniques and effects that we will use in the implementation and we start working. The animated presentation should be modern.<\/div>\t\t\t\t\t\t\t\t<\/div>\n\t\t\t\t<div class=\"elementor-element elementor-element-da8cfb7 elementor-widget elementor-widget-video\" data-id=\"da8cfb7\" data-element_type=\"widget\" data-e-type=\"widget\" data-settings=\"{&quot;video_type&quot;:&quot;vimeo&quot;}\" data-widget_type=\"video.default\">\n\t\t\t\t\t\t\t<div class=\"elementor-wrapper elementor-open-inline\">\n\t\t\t<iframe class=\"elementor-video-iframe\" allowfullscreen allow=\"clipboard-write\" title=\"vimeo Video player\" src=\"https:\/\/player.vimeo.com\/video\/403637596?color&amp;autopause=0&amp;loop=0&amp;muted=0&amp;title=1&amp;portrait=1&amp;byline=1&amp;h=870072126c#t=\"><\/iframe>\t\t<\/div>\n\t\t\t\t\t\t<\/div>\n\t\t\t\t<div class=\"elementor-element elementor-element-1dcced4 elementor-widget__width-initial link-decoration elementor-widget elementor-widget-text-editor\" data-id=\"1dcced4\" data-element_type=\"widget\" data-e-type=\"widget\" data-widget_type=\"text-editor.default\">\n\t\t\t\t\t\t\t\t\tWe can use many effects in it, add appropriate music, subtitles or voiceover. We always look at the project as a coherent whole. We convey exactly what the client wants to show. We are in contact with the client at every stage of the creation of the presentation. We always advise and suggest the best solutions.\nYears of experience allow us to boldly take on even the most difficult project. With animation and our skills, we will convey everything.\nSuch an animated presentation can be used both as an addition to an e-mail business offer, support during a business conversation, be displayed at a company gala as a summary or simply as a product advertisement.  We invite you to take a look at our past achievements and our full offer.\t\t\t\t\t\t\t\t<\/div>\n\t\t\t\t<div class=\"elementor-element elementor-element-a9dfc8b elementor-widget elementor-widget-video\" data-id=\"a9dfc8b\" data-element_type=\"widget\" data-e-type=\"widget\" data-settings=\"{&quot;video_type&quot;:&quot;vimeo&quot;}\" data-widget_type=\"video.default\">\n\t\t\t\t\t\t\t<div class=\"elementor-wrapper elementor-open-inline\">\n\t\t\t<iframe class=\"elementor-video-iframe\" allowfullscreen allow=\"clipboard-write\" title=\"vimeo Video player\" src=\"https:\/\/player.vimeo.com\/video\/150752863?color&amp;autopause=0&amp;loop=0&amp;muted=0&amp;title=1&amp;portrait=1&amp;byline=1&amp;h=870072126c#t=\"><\/iframe>\t\t<\/div>\n\t\t\t\t\t\t<\/div>\n\t\t\t\t\t<\/div>\n\t\t\t\t<\/div>\n\t\t\t\t<\/div>","protected":false},"excerpt":{"rendered":"<p>Prezentacja animowana Simple Frame \u015awiat animacji nie zna granic i schemat\u00f3w. Prezentacja animowana pokazuje i t\u0142umaczy wszystko, co jest jej najwi\u0119ksz\u0105 zalet\u0105. Opr\u00f3cz tego jest bardzo przyjemna dla oka i atrakcyjna. Obecnie istniej\u0105 r\u00f3\u017cne rodzaje animacji. Przez to, \u017ce pokazuj\u0105 obraz w nieco inny spos\u00f3b s\u0105 r\u00f3wnie atrakcyjne, maj\u0105 ogromny potencja\u0142 i mo\u017cliwo\u015bci\u00a0pokazania wszystkiego. Dotychczas [&hellip;]<\/p>\n","protected":false},"author":3,"featured_media":0,"parent":0,"menu_order":0,"comment_status":"closed","ping_status":"closed","template":"","meta":{"footnotes":""},"categories":[],"tags":[],"class_list":["post-12675","page","type-page","status-publish","hentry"],"_links":{"self":[{"href":"https:\/\/www.simpleframe.pl\/en\/wp-json\/wp\/v2\/pages\/12675","targetHints":{"allow":["GET"]}}],"collection":[{"href":"https:\/\/www.simpleframe.pl\/en\/wp-json\/wp\/v2\/pages"}],"about":[{"href":"https:\/\/www.simpleframe.pl\/en\/wp-json\/wp\/v2\/types\/page"}],"author":[{"embeddable":true,"href":"https:\/\/www.simpleframe.pl\/en\/wp-json\/wp\/v2\/users\/3"}],"replies":[{"embeddable":true,"href":"https:\/\/www.simpleframe.pl\/en\/wp-json\/wp\/v2\/comments?post=12675"}],"version-history":[{"count":5,"href":"https:\/\/www.simpleframe.pl\/en\/wp-json\/wp\/v2\/pages\/12675\/revisions"}],"predecessor-version":[{"id":12682,"href":"https:\/\/www.simpleframe.pl\/en\/wp-json\/wp\/v2\/pages\/12675\/revisions\/12682"}],"wp:attachment":[{"href":"https:\/\/www.simpleframe.pl\/en\/wp-json\/wp\/v2\/media?parent=12675"}],"wp:term":[{"taxonomy":"category","embeddable":true,"href":"https:\/\/www.simpleframe.pl\/en\/wp-json\/wp\/v2\/categories?post=12675"},{"taxonomy":"post_tag","embeddable":true,"href":"https:\/\/www.simpleframe.pl\/en\/wp-json\/wp\/v2\/tags?post=12675"}],"curies":[{"name":"wp","href":"https:\/\/api.w.org\/{rel}","templated":true}]}}