{"id":12593,"date":"2025-08-20T14:16:15","date_gmt":"2025-08-20T12:16:15","guid":{"rendered":"https:\/\/dev108.stwb.pl\/?page_id=12593"},"modified":"2025-08-20T14:17:43","modified_gmt":"2025-08-20T12:17:43","slug":"photography","status":"publish","type":"page","link":"https:\/\/www.simpleframe.pl\/en\/fotografia\/","title":{"rendered":"Photography"},"content":{"rendered":"<div data-elementor-type=\"wp-page\" data-elementor-id=\"12593\" class=\"elementor elementor-12593\" data-elementor-post-type=\"page\">\n\t\t\t\t<div class=\"elementor-element elementor-element-9cea6a2 page-video-bar e-flex e-con-boxed e-con e-parent\" data-id=\"9cea6a2\" data-element_type=\"container\" data-e-type=\"container\" data-settings=\"{&quot;background_background&quot;:&quot;video&quot;,&quot;background_video_link&quot;:&quot;https:\\\/\\\/www.simpleframe.pl\\\/wp-content\\\/uploads\\\/2025\\\/09\\\/videopodstrony.mp4&quot;,&quot;background_play_on_mobile&quot;:&quot;yes&quot;}\">\n\t\t\t\t\t<div class=\"e-con-inner\">\n\t\t<div class=\"elementor-background-video-container\">\n\t\t\t\t\t\t\t<video class=\"elementor-background-video-hosted\" role=\"presentation\" autoplay muted playsinline loop><\/video>\n\t\t\t\t\t<\/div>\t\t\t<\/div>\n\t\t\t\t<\/div>\n\t\t<div class=\"elementor-element elementor-element-0ffe0d0 e-flex e-con-boxed e-con e-parent\" data-id=\"0ffe0d0\" data-element_type=\"container\" data-e-type=\"container\">\n\t\t\t\t\t<div class=\"e-con-inner\">\n\t\t\t\t<div class=\"elementor-element elementor-element-44a291e elementor-widget elementor-widget-heading\" data-id=\"44a291e\" data-element_type=\"widget\" data-e-type=\"widget\" data-widget_type=\"heading.default\">\n\t\t\t\t\t<h1 class=\"elementor-heading-title elementor-size-default\">Photography - Simple Frame sessions<\/h1>\t\t\t\t<\/div>\n\t\t\t\t<div class=\"elementor-element elementor-element-f220a39 elementor-widget__width-initial link-decoration p-reset elementor-widget elementor-widget-text-editor\" data-id=\"f220a39\" data-element_type=\"widget\" data-e-type=\"widget\" data-widget_type=\"text-editor.default\">\n\t\t\t\t\t\t\t\t\t<p>Simple Frame is made up of a team of creative producers with a passion, ready to organise and execute the photo shoot of your choice. Photography is our passion! We treat each project individually, so the initial stage of planning the work from A to Z is always the most important. Together with the client we analyse the needs, possible solutions and expected effects. Many years of experience in organising productions, professional photographic and lighting equipment and the latest post-production techniques guarantee the highest quality and best effect. Post-production is carried out by a team of specialists in our\u00a0<a href=\"https:\/\/www.simpleframe.pl\/en\/sound-studio\/\" rel=\"noopener\">Studio<\/a>\u00a0Simple Frame.<\/p><p>What characterises our photo shoots<\/p><p>We offer services at every stage of your photo shoot. We give shape to your ideas, organise the photographic studio and the necessary photographic and lighting equipment. We cooperate with the best photographers, make-up artists, stylists and post-production specialists, thanks to whom we work comprehensively and efficiently. To ensure that the photos are professional and meet the requirements of the most demanding clients, we always take care of every detail of the photo session. We provide appropriate scenography and extras. Our photography is always of the highest standard. We execute it correctly but if you want, we add a touch of madness. Art, after all, does not have just one face!<\/p><p>We focus on creativity and unconventionality while ensuring the highest quality of the images we create. Years of working in the industry have allowed us to gain valuable experience and skills, which translate into the success of satisfied clients. We will also be pleased to realise your\u00a0<a href=\"https:\/\/prezentacje-multimedialne.com.pl\/\" target=\"&quot;\" rel=\"noopener\">projects<\/a>! Share your idea with us and we'll take care of the rest! What if you don't have an idea for a suitable photo shoot for your company or a specific project? No problem! We'll take care of that too.<\/p>\t\t\t\t\t\t\t\t<\/div>\n\t\t\t\t\t<\/div>\n\t\t\t\t<\/div>\n\t\t\t\t<\/div>","protected":false},"excerpt":{"rendered":"<p>Fotografia \u2013 sesje w Simple Frame Simple Frame tworzy zesp\u00f3\u0142 kreatywnych producent\u00f3w z pasj\u0105, gotowych do zorganizowania i zrealizowania wybranej przez Ciebie sesji fotograficznej. Fotografia to nasza pasja! Ka\u017cdy projekt traktujemy indywidualnie, dlatego zawsze najwa\u017cniejszy jest pocz\u0105tkowy etap zaplanowania pracy od A do Z. Wraz z Klientem analizujemy potrzeby, mo\u017cliwe rozwi\u0105zania oraz oczekiwane efekty. Wieloletnie [&hellip;]<\/p>\n","protected":false},"author":3,"featured_media":0,"parent":0,"menu_order":0,"comment_status":"closed","ping_status":"closed","template":"","meta":{"footnotes":""},"categories":[],"tags":[],"class_list":["post-12593","page","type-page","status-publish","hentry"],"_links":{"self":[{"href":"https:\/\/www.simpleframe.pl\/en\/wp-json\/wp\/v2\/pages\/12593","targetHints":{"allow":["GET"]}}],"collection":[{"href":"https:\/\/www.simpleframe.pl\/en\/wp-json\/wp\/v2\/pages"}],"about":[{"href":"https:\/\/www.simpleframe.pl\/en\/wp-json\/wp\/v2\/types\/page"}],"author":[{"embeddable":true,"href":"https:\/\/www.simpleframe.pl\/en\/wp-json\/wp\/v2\/users\/3"}],"replies":[{"embeddable":true,"href":"https:\/\/www.simpleframe.pl\/en\/wp-json\/wp\/v2\/comments?post=12593"}],"version-history":[{"count":8,"href":"https:\/\/www.simpleframe.pl\/en\/wp-json\/wp\/v2\/pages\/12593\/revisions"}],"predecessor-version":[{"id":12601,"href":"https:\/\/www.simpleframe.pl\/en\/wp-json\/wp\/v2\/pages\/12593\/revisions\/12601"}],"wp:attachment":[{"href":"https:\/\/www.simpleframe.pl\/en\/wp-json\/wp\/v2\/media?parent=12593"}],"wp:term":[{"taxonomy":"category","embeddable":true,"href":"https:\/\/www.simpleframe.pl\/en\/wp-json\/wp\/v2\/categories?post=12593"},{"taxonomy":"post_tag","embeddable":true,"href":"https:\/\/www.simpleframe.pl\/en\/wp-json\/wp\/v2\/tags?post=12593"}],"curies":[{"name":"wp","href":"https:\/\/api.w.org\/{rel}","templated":true}]}}