{"id":12548,"date":"2025-08-20T12:34:05","date_gmt":"2025-08-20T10:34:05","guid":{"rendered":"https:\/\/dev108.stwb.pl\/?page_id=12548"},"modified":"2025-08-20T12:36:54","modified_gmt":"2025-08-20T10:36:54","slug":"video-on-instagram-2","status":"publish","type":"page","link":"https:\/\/www.simpleframe.pl\/en\/filmik-na-instagram\/","title":{"rendered":"Video on Instagram"},"content":{"rendered":"<div data-elementor-type=\"wp-page\" data-elementor-id=\"12548\" class=\"elementor elementor-12548\" data-elementor-post-type=\"page\">\n\t\t\t\t<div class=\"elementor-element elementor-element-9931dc4 page-video-bar e-flex e-con-boxed e-con e-parent\" data-id=\"9931dc4\" data-element_type=\"container\" data-e-type=\"container\" data-settings=\"{&quot;background_background&quot;:&quot;video&quot;,&quot;background_video_link&quot;:&quot;https:\\\/\\\/www.simpleframe.pl\\\/wp-content\\\/uploads\\\/2025\\\/09\\\/videopodstrony.mp4&quot;,&quot;background_play_on_mobile&quot;:&quot;yes&quot;}\">\n\t\t\t\t\t<div class=\"e-con-inner\">\n\t\t<div class=\"elementor-background-video-container\">\n\t\t\t\t\t\t\t<video class=\"elementor-background-video-hosted\" role=\"presentation\" autoplay muted playsinline loop><\/video>\n\t\t\t\t\t<\/div>\t\t\t<\/div>\n\t\t\t\t<\/div>\n\t\t<div class=\"elementor-element elementor-element-2cf52c9 e-flex e-con-boxed e-con e-parent\" data-id=\"2cf52c9\" data-element_type=\"container\" data-e-type=\"container\">\n\t\t\t\t\t<div class=\"e-con-inner\">\n\t\t\t\t<div class=\"elementor-element elementor-element-0fb2e12 elementor-widget elementor-widget-heading\" data-id=\"0fb2e12\" data-element_type=\"widget\" data-e-type=\"widget\" data-widget_type=\"heading.default\">\n\t\t\t\t\t<h1 class=\"elementor-heading-title elementor-size-default\">Use the internet wisely - Video on Instagram<\/h1>\t\t\t\t<\/div>\n\t\t\t\t<div class=\"elementor-element elementor-element-b3706a7 elementor-widget__width-initial link-decoration p-reset elementor-widget elementor-widget-text-editor\" data-id=\"b3706a7\" data-element_type=\"widget\" data-e-type=\"widget\" data-widget_type=\"text-editor.default\">\n\t\t\t\t\t\t\t\t\tInstagram is chasing Facebook with its reach and popularity. However, the two applications work on a slightly different basis, which is why it makes sense to show your audience in parallel on both social media. Unlike Facebook, Instagram's operation is oriented exclusively towards photos and videos. It is a completely different way of communication to FB. All the most important information, the advantages of the company or the offer must be included in a multimedia project. A video on Instagram is the best way to\u00a0<a href=\"https:\/\/marketingvideo.com.pl\/film-promocyjny\/\" rel=\"noopener\">attention<\/a>\u00a0the target audience and get them interested in your profile, and thus in yourself and your offer. This is the most important step on the way to acquiring a new customer. As a result, the video translates into brand success.\t\t\t\t\t\t\t\t<\/div>\n\t\t\t\t<div class=\"elementor-element elementor-element-749230d elementor-widget elementor-widget-video\" data-id=\"749230d\" data-element_type=\"widget\" data-e-type=\"widget\" data-settings=\"{&quot;video_type&quot;:&quot;vimeo&quot;}\" data-widget_type=\"video.default\">\n\t\t\t\t\t\t\t<div class=\"elementor-wrapper elementor-open-inline\">\n\t\t\t<iframe class=\"elementor-video-iframe\" allowfullscreen allow=\"clipboard-write\" title=\"vimeo Video Player\" src=\"https:\/\/player.vimeo.com\/video\/411557329?color&amp;autopause=0&amp;loop=0&amp;muted=0&amp;title=1&amp;portrait=1&amp;byline=1#t=\" data-no-translation-title=\"\"><\/iframe>\t\t<\/div>\n\t\t\t\t\t\t<\/div>\n\t\t\t\t\t<\/div>\n\t\t\t\t<\/div>\n\t\t<div class=\"elementor-element elementor-element-eab1816 e-flex e-con-boxed e-con e-parent\" data-id=\"eab1816\" data-element_type=\"container\" data-e-type=\"container\">\n\t\t\t\t\t<div class=\"e-con-inner\">\n\t\t\t\t<div class=\"elementor-element elementor-element-00e5c36 elementor-widget__width-initial elementor-widget elementor-widget-heading\" data-id=\"00e5c36\" data-element_type=\"widget\" data-e-type=\"widget\" data-widget_type=\"heading.default\">\n\t\t\t\t\t<h2 class=\"elementor-heading-title elementor-size-default\">Creative studio and interesting idea<\/h2>\t\t\t\t<\/div>\n\t\t\t\t<div class=\"elementor-element elementor-element-4c70e91 elementor-widget__width-initial link-decoration elementor-widget elementor-widget-text-editor\" data-id=\"4c70e91\" data-element_type=\"widget\" data-e-type=\"widget\" data-widget_type=\"text-editor.default\">\n\t\t\t\t\t\t\t\t\tThe modern Instagram user has seen almost everything. The content that surrounds him every day on his social media and apps is not as impressive as it once was. Over time, we become immune to constantly repeating stimuli, effects and no longer make such an impression. Therefore, in order to surprise and interest yourself, you need to go outside the box and give users something they haven't seen before. Then you will certainly gain their attention.\t\t\t\t\t\t\t\t<\/div>\n\t\t\t\t\t<\/div>\n\t\t\t\t<\/div>\n\t\t<div class=\"elementor-element elementor-element-390f5e5 e-flex e-con-boxed e-con e-parent\" data-id=\"390f5e5\" data-element_type=\"container\" data-e-type=\"container\">\n\t\t\t\t\t<div class=\"e-con-inner\">\n\t\t\t\t<div class=\"elementor-element elementor-element-072befb elementor-widget__width-initial elementor-widget elementor-widget-heading\" data-id=\"072befb\" data-element_type=\"widget\" data-e-type=\"widget\" data-widget_type=\"heading.default\">\n\t\t\t\t\t<h2 class=\"elementor-heading-title elementor-size-default\">The video on Instagram must be spot on!<\/h2>\t\t\t\t<\/div>\n\t\t\t\t<div class=\"elementor-element elementor-element-a8f451f elementor-widget__width-initial link-decoration elementor-widget elementor-widget-text-editor\" data-id=\"a8f451f\" data-element_type=\"widget\" data-e-type=\"widget\" data-widget_type=\"text-editor.default\">\n\t\t\t\t\t\t\t\t\tSimple Frame studio is dedicated to creating videos for companies and videos for social networks. Instagram is quite a demanding medium. However, thanks to many years of experience, we are able to very accurately and precisely create a video on Instagram that will gain the audience's sympathy and be very effective. Ingenious script,\u00a0<a href=\"https:\/\/www.simpleframe.pl\/en\/animacja-trojwymiarowa\/\" rel=\"noopener\">proper technique<\/a>\u00a0and the best equipment mean that nothing is impossible for us. Above all, it is our passion, which we are keen to develop and deepen. Therefore, we are happy to take on the task of creating difficult films for others.  We look forward to working with you. We will be happy to surprise you and your customers!\t\t\t\t\t\t\t\t<\/div>\n\t\t\t\t<div class=\"elementor-element elementor-element-92bcafe elementor-widget elementor-widget-video\" data-id=\"92bcafe\" data-element_type=\"widget\" data-e-type=\"widget\" data-settings=\"{&quot;video_type&quot;:&quot;vimeo&quot;}\" data-widget_type=\"video.default\">\n\t\t\t\t\t\t\t<div class=\"elementor-wrapper elementor-open-inline\">\n\t\t\t<iframe class=\"elementor-video-iframe\" allowfullscreen allow=\"clipboard-write\" title=\"vimeo Video Player\" src=\"https:\/\/player.vimeo.com\/video\/112815257?color&amp;autopause=0&amp;loop=0&amp;muted=0&amp;title=1&amp;portrait=1&amp;byline=1#t=\" data-no-translation-title=\"\"><\/iframe>\t\t<\/div>\n\t\t\t\t\t\t<\/div>\n\t\t\t\t\t<\/div>\n\t\t\t\t<\/div>\n\t\t\t\t<\/div>","protected":false},"excerpt":{"rendered":"<p>Korzystaj m\u0105drze z mo\u017cliwo\u015bci Internetu \u2013 Filmik na Instagram Instagram swoimi zasi\u0119gami i popularno\u015bci\u0105 coraz szybciej goni Facebooka. Jednak obie aplikacje dzia\u0142aj\u0105 na nieco innych zasadach dlatego warto pokazywa\u0107 si\u0119 odbiorcom r\u00f3wnolegle w obu tych mediach spo\u0142eczno\u015bciowych. W przeciwie\u0144stwie do Facebooka\u00a0 dzia\u0142anie Instagrama zorientowane jest wy\u0142\u0105cznie na zdj\u0119cia i filmiki. To zupe\u0142nie inny na FB [&hellip;]<\/p>\n","protected":false},"author":3,"featured_media":0,"parent":0,"menu_order":0,"comment_status":"closed","ping_status":"closed","template":"","meta":{"footnotes":""},"categories":[],"tags":[],"class_list":["post-12548","page","type-page","status-publish","hentry"],"_links":{"self":[{"href":"https:\/\/www.simpleframe.pl\/en\/wp-json\/wp\/v2\/pages\/12548","targetHints":{"allow":["GET"]}}],"collection":[{"href":"https:\/\/www.simpleframe.pl\/en\/wp-json\/wp\/v2\/pages"}],"about":[{"href":"https:\/\/www.simpleframe.pl\/en\/wp-json\/wp\/v2\/types\/page"}],"author":[{"embeddable":true,"href":"https:\/\/www.simpleframe.pl\/en\/wp-json\/wp\/v2\/users\/3"}],"replies":[{"embeddable":true,"href":"https:\/\/www.simpleframe.pl\/en\/wp-json\/wp\/v2\/comments?post=12548"}],"version-history":[{"count":5,"href":"https:\/\/www.simpleframe.pl\/en\/wp-json\/wp\/v2\/pages\/12548\/revisions"}],"predecessor-version":[{"id":12556,"href":"https:\/\/www.simpleframe.pl\/en\/wp-json\/wp\/v2\/pages\/12548\/revisions\/12556"}],"wp:attachment":[{"href":"https:\/\/www.simpleframe.pl\/en\/wp-json\/wp\/v2\/media?parent=12548"}],"wp:term":[{"taxonomy":"category","embeddable":true,"href":"https:\/\/www.simpleframe.pl\/en\/wp-json\/wp\/v2\/categories?post=12548"},{"taxonomy":"post_tag","embeddable":true,"href":"https:\/\/www.simpleframe.pl\/en\/wp-json\/wp\/v2\/tags?post=12548"}],"curies":[{"name":"wp","href":"https:\/\/api.w.org\/{rel}","templated":true}]}}