{"id":12493,"date":"2025-08-19T17:05:41","date_gmt":"2025-08-19T15:05:41","guid":{"rendered":"https:\/\/dev108.stwb.pl\/?page_id=12493"},"modified":"2025-08-21T14:15:52","modified_gmt":"2025-08-21T12:15:52","slug":"reference-film-2","status":"publish","type":"page","link":"https:\/\/www.simpleframe.pl\/en\/film-referencyjny-2\/","title":{"rendered":"Reference film"},"content":{"rendered":"<div data-elementor-type=\"wp-page\" data-elementor-id=\"12493\" class=\"elementor elementor-12493\" data-elementor-post-type=\"page\">\n\t\t\t\t<div class=\"elementor-element elementor-element-8e732ab page-video-bar e-flex e-con-boxed e-con e-parent\" data-id=\"8e732ab\" data-element_type=\"container\" data-e-type=\"container\" data-settings=\"{&quot;background_background&quot;:&quot;video&quot;,&quot;background_video_link&quot;:&quot;https:\\\/\\\/www.simpleframe.pl\\\/wp-content\\\/uploads\\\/2025\\\/09\\\/videopodstrony.mp4&quot;,&quot;background_play_on_mobile&quot;:&quot;yes&quot;}\">\n\t\t\t\t\t<div class=\"e-con-inner\">\n\t\t<div class=\"elementor-background-video-container\">\n\t\t\t\t\t\t\t<video class=\"elementor-background-video-hosted\" role=\"presentation\" autoplay muted playsinline loop><\/video>\n\t\t\t\t\t<\/div>\t\t\t<\/div>\n\t\t\t\t<\/div>\n\t\t<div class=\"elementor-element elementor-element-4fb3494 e-flex e-con-boxed e-con e-parent\" data-id=\"4fb3494\" data-element_type=\"container\" data-e-type=\"container\">\n\t\t\t\t\t<div class=\"e-con-inner\">\n\t\t\t\t<div class=\"elementor-element elementor-element-c7bbafa elementor-widget elementor-widget-heading\" data-id=\"c7bbafa\" data-element_type=\"widget\" data-e-type=\"widget\" data-widget_type=\"heading.default\">\n\t\t\t\t\t<h1 class=\"elementor-heading-title elementor-size-default\">We use verified sources - reference film<\/h1>\t\t\t\t<\/div>\n\t\t\t\t<div class=\"elementor-element elementor-element-0ceebad elementor-widget__width-initial link-decoration p-reset elementor-widget elementor-widget-text-editor\" data-id=\"0ceebad\" data-element_type=\"widget\" data-e-type=\"widget\" data-widget_type=\"text-editor.default\">\n\t\t\t\t\t\t\t\t\t<p>Method<a href=\"https:\/\/www.simpleframe.pl\/en\/pl\/film\/\" rel=\"noopener\">\u00a0advertising<\/a>\u00a0of its products and services is constantly evolving. More and more customer outreach ideas and forms of communication are emerging. There are also more and more companies offering similar products! How do we convince the customer that ours is the best? How do we get them to do business with our brand? The best way with the most possibilities and combinations is with a reference video.<\/p><p>With a variety of interesting and surprising ways and techniques, we can advertise an entire brand, a new product or improve an image. Consumers are flooded by manufacturers with advertisements and assurances that their products work well and are of the highest quality. However, they have less and less faith in these assurances. They are therefore looking for confirmation of these assurances from users, people like themselves. They want guarantees and recommendations from people who have already bought, used, are satisfied and confirm the words of manufacturers, who, after all, will always praise only \"their own\". The opinion of other users simply inspires more confidence and influences our decisions.<\/p>\t\t\t\t\t\t\t\t<\/div>\n\t\t\t\t<div class=\"elementor-element elementor-element-bc7426f elementor-widget elementor-widget-video\" data-id=\"bc7426f\" data-element_type=\"widget\" data-e-type=\"widget\" data-settings=\"{&quot;video_type&quot;:&quot;vimeo&quot;}\" data-widget_type=\"video.default\">\n\t\t\t\t\t\t\t<div class=\"elementor-wrapper elementor-open-inline\">\n\t\t\t<iframe class=\"elementor-video-iframe\" allowfullscreen allow=\"clipboard-write\" title=\"Vimeo Video Player\" src=\"https:\/\/player.vimeo.com\/video\/348811459?color&amp;autopause=0&amp;loop=0&amp;muted=0&amp;title=1&amp;portrait=1&amp;byline=1&amp;h=649e37fe4e#t=\"><\/iframe>\t\t<\/div>\n\t\t\t\t\t\t<\/div>\n\t\t\t\t\t<\/div>\n\t\t\t\t<\/div>\n\t\t<div class=\"elementor-element elementor-element-376a7f8 e-flex e-con-boxed e-con e-parent\" data-id=\"376a7f8\" data-element_type=\"container\" data-e-type=\"container\">\n\t\t\t\t\t<div class=\"e-con-inner\">\n\t\t\t\t<div class=\"elementor-element elementor-element-9f261dc elementor-widget elementor-widget-heading\" data-id=\"9f261dc\" data-element_type=\"widget\" data-e-type=\"widget\" data-widget_type=\"heading.default\">\n\t\t\t\t\t<h2 class=\"elementor-heading-title elementor-size-default\">An opinion worth its weight in gold - reference film<\/h2>\t\t\t\t<\/div>\n\t\t\t\t<div class=\"elementor-element elementor-element-c68339e elementor-widget__width-initial link-decoration p-reset elementor-widget elementor-widget-text-editor\" data-id=\"c68339e\" data-element_type=\"widget\" data-e-type=\"widget\" data-widget_type=\"text-editor.default\">\n\t\t\t\t\t\t\t\t\tAnd indeed! We tend to reach for whatever has the most good reviews. After all, if so many people are praising it, it must be good! The satisfaction of people who have already dealt with the product we are interested in is more credible to us than any\u00a0<a href=\"https:\/\/marketingvideo.com.pl\/\" rel=\"noopener\">form of promotion<\/a>\u00a0of this product. Good feedback from users is the best advertising a brand can provide. So it is worth meeting this need and providing your brand with a video of recommendations from users.\t\t\t\t\t\t\t\t<\/div>\n\t\t\t\t<div class=\"elementor-element elementor-element-6521efb elementor-widget elementor-widget-video\" data-id=\"6521efb\" data-element_type=\"widget\" data-e-type=\"widget\" data-settings=\"{&quot;video_type&quot;:&quot;vimeo&quot;}\" data-widget_type=\"video.default\">\n\t\t\t\t\t\t\t<div class=\"elementor-wrapper elementor-open-inline\">\n\t\t\t<iframe class=\"elementor-video-iframe\" allowfullscreen allow=\"clipboard-write\" title=\"Vimeo Video Player\" src=\"https:\/\/player.vimeo.com\/video\/290681550?color&amp;autopause=0&amp;loop=0&amp;muted=0&amp;title=1&amp;portrait=1&amp;byline=1&amp;h=5b74a617ca#t=\"><\/iframe>\t\t<\/div>\n\t\t\t\t\t\t<\/div>\n\t\t\t\t\t<\/div>\n\t\t\t\t<\/div>\n\t\t<div class=\"elementor-element elementor-element-1698508 e-flex e-con-boxed e-con e-parent\" data-id=\"1698508\" data-element_type=\"container\" data-e-type=\"container\">\n\t\t\t\t\t<div class=\"e-con-inner\">\n\t\t\t\t<div class=\"elementor-element elementor-element-f7d055e elementor-widget elementor-widget-heading\" data-id=\"f7d055e\" data-element_type=\"widget\" data-e-type=\"widget\" data-widget_type=\"heading.default\">\n\t\t\t\t\t<h2 class=\"elementor-heading-title elementor-size-default\">Reference film? Great advertising!<\/h2>\t\t\t\t<\/div>\n\t\t\t\t<div class=\"elementor-element elementor-element-aa5a1a1 elementor-widget__width-initial link-decoration p-reset elementor-widget elementor-widget-text-editor\" data-id=\"aa5a1a1\" data-element_type=\"widget\" data-e-type=\"widget\" data-widget_type=\"text-editor.default\">\n\t\t\t\t\t\t\t\t\tCreating a video that includes people's opinions about the quality of the products, how the product performs on a day-to-day basis, what its greatest benefits are, will ultimately convince the customer to choose your brand. The customer identifies with other users more than with the actor playing in the commercial. However, as much as a reference video can help, it can also hurt. You therefore need to rely on the very high quality of such a film and place the work on it in the hands of professionals with experience. The film must be credible, enjoyable to watch and very natural. It is the form of promotion that will have the greatest impact on the success of your brand. It must be both very thoughtful and spontaneous, confirming the sincerity and authenticity of the quality of your product or service. \t\t\t\t\t\t\t\t<\/div>\n\t\t\t\t\t<\/div>\n\t\t\t\t<\/div>\n\t\t<div class=\"elementor-element elementor-element-e8c5594 e-flex e-con-boxed e-con e-parent\" data-id=\"e8c5594\" data-element_type=\"container\" data-e-type=\"container\">\n\t\t\t\t\t<div class=\"e-con-inner\">\n\t\t\t\t<div class=\"elementor-element elementor-element-71e67fe elementor-widget elementor-widget-heading\" data-id=\"71e67fe\" data-element_type=\"widget\" data-e-type=\"widget\" data-widget_type=\"heading.default\">\n\t\t\t\t\t<h2 class=\"elementor-heading-title elementor-size-default\">Simple Frame will create your best business card<\/h2>\t\t\t\t<\/div>\n\t\t\t\t<div class=\"elementor-element elementor-element-26e97ce elementor-widget__width-initial link-decoration p-reset elementor-widget elementor-widget-text-editor\" data-id=\"26e97ce\" data-element_type=\"widget\" data-e-type=\"widget\" data-widget_type=\"text-editor.default\">\n\t\t\t\t\t\t\t\t\t<p>At SIMPLE FRAME we have created for many well-known companies and institutions. Thanks to the experience we have gained over the years of working in the industry, we know the current trends as well as the forms of film that have already bored the eye of the recipient. We know what to avoid and what to put more emphasis on. Which techniques and forms of communication suit which product and audience. The equipment we use is of the best quality, which of course also helps to create good material. The way we edit is tailored to the type of film and the circumstances... All this has given us years of working with and for people. We look forward to working with you!<\/p>\t\t\t\t\t\t\t\t<\/div>\n\t\t\t\t<div class=\"elementor-element elementor-element-7b32feb elementor-widget elementor-widget-video\" data-id=\"7b32feb\" data-element_type=\"widget\" data-e-type=\"widget\" data-settings=\"{&quot;video_type&quot;:&quot;vimeo&quot;}\" data-widget_type=\"video.default\">\n\t\t\t\t\t\t\t<div class=\"elementor-wrapper elementor-open-inline\">\n\t\t\t<iframe class=\"elementor-video-iframe\" allowfullscreen allow=\"clipboard-write\" title=\"Vimeo Video Player\" src=\"https:\/\/player.vimeo.com\/video\/389994468?color&amp;autopause=0&amp;loop=0&amp;muted=0&amp;title=1&amp;portrait=1&amp;byline=1&amp;h=1d80e50713#t=\"><\/iframe>\t\t<\/div>\n\t\t\t\t\t\t<\/div>\n\t\t\t\t\t<\/div>\n\t\t\t\t<\/div>\n\t\t\t\t<\/div>","protected":false},"excerpt":{"rendered":"<p>Korzystamy ze sprawdzonych \u017ar\u00f3de\u0142 \u2013 film referencyjny Spos\u00f3b\u00a0reklamowania\u00a0swoich produkt\u00f3w i us\u0142ug nieustannie ewoluuje. Pojawia si\u0119 coraz wi\u0119cej pomys\u0142\u00f3w dotarcia do klienta i form przekazu. Pojawia si\u0119 r\u00f3wnie\u017c coraz wi\u0119cej firm oferuj\u0105cych podobne produkty! Jak przekona\u0107 klienta, \u017ce to w\u0142a\u015bnie nasze s\u0105 najlepsze? Jak sprawi\u0107 \u017ceby podj\u0105\u0142 wsp\u00f3\u0142prac\u0119 w\u0142a\u015bnie z nasz\u0105 mark\u0105? Najlepsz\u0105 drog\u0105 daj\u0105c\u0105 najwi\u0119cej [&hellip;]<\/p>\n","protected":false},"author":3,"featured_media":0,"parent":0,"menu_order":0,"comment_status":"closed","ping_status":"closed","template":"","meta":{"footnotes":""},"categories":[],"tags":[],"class_list":["post-12493","page","type-page","status-publish","hentry"],"_links":{"self":[{"href":"https:\/\/www.simpleframe.pl\/en\/wp-json\/wp\/v2\/pages\/12493","targetHints":{"allow":["GET"]}}],"collection":[{"href":"https:\/\/www.simpleframe.pl\/en\/wp-json\/wp\/v2\/pages"}],"about":[{"href":"https:\/\/www.simpleframe.pl\/en\/wp-json\/wp\/v2\/types\/page"}],"author":[{"embeddable":true,"href":"https:\/\/www.simpleframe.pl\/en\/wp-json\/wp\/v2\/users\/3"}],"replies":[{"embeddable":true,"href":"https:\/\/www.simpleframe.pl\/en\/wp-json\/wp\/v2\/comments?post=12493"}],"version-history":[{"count":13,"href":"https:\/\/www.simpleframe.pl\/en\/wp-json\/wp\/v2\/pages\/12493\/revisions"}],"predecessor-version":[{"id":13063,"href":"https:\/\/www.simpleframe.pl\/en\/wp-json\/wp\/v2\/pages\/12493\/revisions\/13063"}],"wp:attachment":[{"href":"https:\/\/www.simpleframe.pl\/en\/wp-json\/wp\/v2\/media?parent=12493"}],"wp:term":[{"taxonomy":"category","embeddable":true,"href":"https:\/\/www.simpleframe.pl\/en\/wp-json\/wp\/v2\/categories?post=12493"},{"taxonomy":"post_tag","embeddable":true,"href":"https:\/\/www.simpleframe.pl\/en\/wp-json\/wp\/v2\/tags?post=12493"}],"curies":[{"name":"wp","href":"https:\/\/api.w.org\/{rel}","templated":true}]}}