{"id":13000,"date":"2025-08-21T13:54:30","date_gmt":"2025-08-21T11:54:30","guid":{"rendered":"https:\/\/dev108.stwb.pl\/?page_id=13000"},"modified":"2025-08-21T13:55:45","modified_gmt":"2025-08-21T11:55:45","slug":"aufzeichnung-von-webinaren","status":"publish","type":"page","link":"https:\/\/www.simpleframe.pl\/de\/nagrywanie-webinarow\/","title":{"rendered":"Aufzeichnung von Webinaren"},"content":{"rendered":"<div data-elementor-type=\"wp-page\" data-elementor-id=\"13000\" class=\"elementor elementor-13000\" data-elementor-post-type=\"page\">\n\t\t\t\t<div class=\"elementor-element elementor-element-41b9ee8 page-video-bar e-flex e-con-boxed e-con e-parent\" data-id=\"41b9ee8\" data-element_type=\"container\" data-e-type=\"container\" data-settings=\"{&quot;background_background&quot;:&quot;video&quot;,&quot;background_video_link&quot;:&quot;https:\\\/\\\/www.simpleframe.pl\\\/wp-content\\\/uploads\\\/2025\\\/09\\\/videopodstrony.mp4&quot;,&quot;background_play_on_mobile&quot;:&quot;yes&quot;}\">\n\t\t\t\t\t<div class=\"e-con-inner\">\n\t\t<div class=\"elementor-background-video-container\">\n\t\t\t\t\t\t\t<video class=\"elementor-background-video-hosted\" role=\"presentation\" autoplay muted playsinline loop><\/video>\n\t\t\t\t\t<\/div>\t\t\t<\/div>\n\t\t\t\t<\/div>\n\t\t<div class=\"elementor-element elementor-element-c7f70ce e-flex e-con-boxed e-con e-parent\" data-id=\"c7f70ce\" data-element_type=\"container\" data-e-type=\"container\">\n\t\t\t\t\t<div class=\"e-con-inner\">\n\t\t\t\t<div class=\"elementor-element elementor-element-fd304a1 elementor-widget__width-initial link-decoration elementor-widget elementor-widget-text-editor\" data-id=\"fd304a1\" data-element_type=\"widget\" data-e-type=\"widget\" data-widget_type=\"text-editor.default\">\n\t\t\t\t\t\t\t\t\tDie klassischen Schulungen und Vortr\u00e4ge weichen langsam den Webinaren. Was sind Webinar-Aufzeichnungen? Sind sie besser als traditionelle Lernformen? Sicherlich gibt es sowohl Bef\u00fcrworter als auch Gegner der Online-Lernform. Letztere sind jedoch weitaus zahlreicher. Vor allem jetzt, da wir gezwungen sind, online zu lernen. Es hat sich herausgestellt, dass Webinare viel bequemer und genauso oder sogar noch besser sind.\u00a0<a href=\"http:\/\/www.film-reklamowy.com.pl\/produkcja-filmowa\" rel=\"noopener\">effektiv<\/a>\u00a0als Klassenzimmerschulungen und Vortr\u00e4ge. Wir wissen jetzt auch, dass sie die unausweichliche Zukunft der Bildung und Entwicklung sind.\t\t\t\t\t\t\t\t<\/div>\n\t\t\t\t<div class=\"elementor-element elementor-element-61a94cc elementor-widget__width-initial link-decoration elementor-widget elementor-widget-text-editor\" data-id=\"61a94cc\" data-element_type=\"widget\" data-e-type=\"widget\" data-widget_type=\"text-editor.default\">\n\t\t\t\t\t\t\t\t\tWebinare sind nichts anderes als Schulungen, Vortr\u00e4ge und Seminare, die online \u00fcber das Internet durchgef\u00fchrt werden. Alles, was Sie brauchen, ist ein Computer und das Internet, um daran teilzunehmen. An einem bestimmten Tag und zu einer bestimmten Uhrzeit, aber von jedem Ort der Welt aus! Dies ist der gr\u00f6\u00dfte und unbestreitbare Vorteil von Webinaren. Sie m\u00fcssen nicht viele Kilometer zur\u00fccklegen, um in den Schulungsraum zu gelangen. Es geht keine wertvolle Zeit verloren. Sie werden nicht durch direkten Kontakt gestresst. Und in einer Zeit, in der es darum geht, auf die eigene Gesundheit zu achten und das Ansteckungsrisiko zu minimieren, hat man keinen Kontakt zu Fremden. Dar\u00fcber hinaus sind Webinare genauso effektiv wie Pr\u00e4senzveranstaltungen. Dank fortschrittlicher Technologie erm\u00f6glicht die Aufzeichnung von Webinaren, die vollst\u00e4ndig interaktiv sind, die aktive Teilnahme an jeder Schulungssitzung. Der Communicator erm\u00f6glicht einen st\u00e4ndigen Kontakt zwischen den Teilnehmern. \t\t\t\t\t\t\t\t<\/div>\n\t\t\t\t<div class=\"elementor-element elementor-element-6295f2a elementor-widget elementor-widget-video\" data-id=\"6295f2a\" data-element_type=\"widget\" data-e-type=\"widget\" data-settings=\"{&quot;video_type&quot;:&quot;vimeo&quot;}\" data-widget_type=\"video.default\">\n\t\t\t\t\t\t\t<div class=\"elementor-wrapper elementor-open-inline\">\n\t\t\t<iframe class=\"elementor-video-iframe\" allowfullscreen allow=\"clipboard-write\" title=\"Vimeo-Videoplayer\" src=\"https:\/\/player.vimeo.com\/video\/32221543?color&amp;autopause=0&amp;loop=0&amp;muted=0&amp;title=1&amp;portrait=1&amp;byline=1#t=\"><\/iframe>\t\t<\/div>\n\t\t\t\t\t\t<\/div>\n\t\t\t\t<div class=\"elementor-element elementor-element-8bc0e9b elementor-widget__width-initial link-decoration elementor-widget elementor-widget-text-editor\" data-id=\"8bc0e9b\" data-element_type=\"widget\" data-e-type=\"widget\" data-widget_type=\"text-editor.default\">\n\t\t\t\t\t\t\t\t\tBei Simple Frame besch\u00e4ftigen wir uns mit der Erstellung von\u00a0<a href=\"http:\/\/www.animacje-komputerowe.com.pl\/nagrywanie-webinarow\/\" rel=\"noopener\">interaktives Material<\/a>\u00a0Ausbildung seit mehr als einem Dutzend Jahren. Dank unserer langj\u00e4hrigen Erfahrung kennen wir uns mit modernen Webinaren bestens aus. Wir erstellen Materialien f\u00fcr jede Branche, zu jedem Thema. Die hohe Qualit\u00e4t des Materials, mit dem wir arbeiten, spiegelt sich in der Qualit\u00e4t unserer Projekte wider. Interessante Gestaltung und unkonventionelle Herangehensweise an Themen wecken immer Sympathie und Interesse bei den Zuschauern.\t\t\t\t\t\t\t\t<\/div>\n\t\t\t\t\t<\/div>\n\t\t\t\t<\/div>\n\t\t\t\t<\/div>","protected":false},"excerpt":{"rendered":"<p>Powoli klasyczne szkolenia i wyk\u0142ady ust\u0119puj\u0105 miejsca webinarom. Czym jest nagrywanie webinar\u00f3w? Czy s\u0105 lepsze od tradycyjnych form nauki? Z pewno\u015bci\u0105 s\u0105 zar\u00f3wno zwolennicy jak i przeciwnicy internetowej formie nauki. Jednak tych drugich jest znacznie wi\u0119cej. Szczeg\u00f3lnie teraz, kiedy byli\u015bmy zmuszeni do nauki przez internet. Okaza\u0142o si\u0119, \u017ce webinary s\u0105 znacznie wygodniejsze i r\u00f3wnie, a [&hellip;]<\/p>\n","protected":false},"author":3,"featured_media":0,"parent":0,"menu_order":0,"comment_status":"closed","ping_status":"closed","template":"","meta":{"footnotes":""},"categories":[],"tags":[],"class_list":["post-13000","page","type-page","status-publish","hentry"],"_links":{"self":[{"href":"https:\/\/www.simpleframe.pl\/de\/wp-json\/wp\/v2\/pages\/13000","targetHints":{"allow":["GET"]}}],"collection":[{"href":"https:\/\/www.simpleframe.pl\/de\/wp-json\/wp\/v2\/pages"}],"about":[{"href":"https:\/\/www.simpleframe.pl\/de\/wp-json\/wp\/v2\/types\/page"}],"author":[{"embeddable":true,"href":"https:\/\/www.simpleframe.pl\/de\/wp-json\/wp\/v2\/users\/3"}],"replies":[{"embeddable":true,"href":"https:\/\/www.simpleframe.pl\/de\/wp-json\/wp\/v2\/comments?post=13000"}],"version-history":[{"count":5,"href":"https:\/\/www.simpleframe.pl\/de\/wp-json\/wp\/v2\/pages\/13000\/revisions"}],"predecessor-version":[{"id":13007,"href":"https:\/\/www.simpleframe.pl\/de\/wp-json\/wp\/v2\/pages\/13000\/revisions\/13007"}],"wp:attachment":[{"href":"https:\/\/www.simpleframe.pl\/de\/wp-json\/wp\/v2\/media?parent=13000"}],"wp:term":[{"taxonomy":"category","embeddable":true,"href":"https:\/\/www.simpleframe.pl\/de\/wp-json\/wp\/v2\/categories?post=13000"},{"taxonomy":"post_tag","embeddable":true,"href":"https:\/\/www.simpleframe.pl\/de\/wp-json\/wp\/v2\/tags?post=13000"}],"curies":[{"name":"wp","href":"https:\/\/api.w.org\/{rel}","templated":true}]}}