{"id":12991,"date":"2025-08-21T13:50:13","date_gmt":"2025-08-21T11:50:13","guid":{"rendered":"https:\/\/dev108.stwb.pl\/?page_id=12991"},"modified":"2025-08-21T13:52:34","modified_gmt":"2025-08-21T11:52:34","slug":"kummern-sie-sich-um-ihre-kunden-ein-lehrvideo","status":"publish","type":"page","link":"https:\/\/www.simpleframe.pl\/de\/zatroszcz-sie-o-klienta-czyli-film-instruktazowy\/","title":{"rendered":"K\u00fcmmere dich um den Kunden, ein Lehrvideo"},"content":{"rendered":"<div data-elementor-type=\"wp-page\" data-elementor-id=\"12991\" class=\"elementor elementor-12991\" data-elementor-post-type=\"page\">\n\t\t\t\t<div class=\"elementor-element elementor-element-41b9ee8 page-video-bar e-flex e-con-boxed e-con e-parent\" data-id=\"41b9ee8\" data-element_type=\"container\" data-e-type=\"container\" data-settings=\"{&quot;background_background&quot;:&quot;video&quot;,&quot;background_video_link&quot;:&quot;https:\\\/\\\/www.simpleframe.pl\\\/wp-content\\\/uploads\\\/2025\\\/09\\\/videopodstrony.mp4&quot;,&quot;background_play_on_mobile&quot;:&quot;yes&quot;}\">\n\t\t\t\t\t<div class=\"e-con-inner\">\n\t\t<div class=\"elementor-background-video-container\">\n\t\t\t\t\t\t\t<video class=\"elementor-background-video-hosted\" role=\"presentation\" autoplay muted playsinline loop><\/video>\n\t\t\t\t\t<\/div>\t\t\t<\/div>\n\t\t\t\t<\/div>\n\t\t<div class=\"elementor-element elementor-element-c7f70ce e-flex e-con-boxed e-con e-parent\" data-id=\"c7f70ce\" data-element_type=\"container\" data-e-type=\"container\">\n\t\t\t\t\t<div class=\"e-con-inner\">\n\t\t\t\t<div class=\"elementor-element elementor-element-fd304a1 elementor-widget__width-initial link-decoration elementor-widget elementor-widget-text-editor\" data-id=\"fd304a1\" data-element_type=\"widget\" data-e-type=\"widget\" data-widget_type=\"text-editor.default\">\n\t\t\t\t\t\t\t\t\tFast alles, was bis vor kurzem nur in schriftlicher Form vorlag, wurde bereits durch eine elektronische Version ersetzt. Das beste Beispiel daf\u00fcr ist\u00a0<strong>Lehrvideo<\/strong>.\u00a0<a href=\"https:\/\/www.simpleframe.pl\/de\/lehrvideo\/\" rel=\"noopener\">Betriebsanleitung<\/a>Die Bedienungsanleitungen, der Betrieb und die Montage waren bisher Pflichtlekt\u00fcre f\u00fcr die Nutzer. Da aber Filme viel mehr Neugierde wecken, werden Anleitungen auch in Form von Filmen produziert. \t\t\t\t\t\t\t\t<\/div>\n\t\t\t\t<div class=\"elementor-element elementor-element-b364cbf elementor-widget elementor-widget-video\" data-id=\"b364cbf\" data-element_type=\"widget\" data-e-type=\"widget\" data-settings=\"{&quot;video_type&quot;:&quot;vimeo&quot;}\" data-widget_type=\"video.default\">\n\t\t\t\t\t\t\t<div class=\"elementor-wrapper elementor-open-inline\">\n\t\t\t<iframe class=\"elementor-video-iframe\" allowfullscreen allow=\"clipboard-write\" title=\"vimeo Videoplayer\" src=\"https:\/\/player.vimeo.com\/video\/919548021?color&amp;autopause=0&amp;loop=0&amp;muted=0&amp;title=1&amp;portrait=1&amp;byline=1#t=\"><\/iframe>\t\t<\/div>\n\t\t\t\t\t\t<\/div>\n\t\t\t\t<div class=\"elementor-element elementor-element-3dc9148 elementor-widget__width-initial link-decoration p-reset elementor-widget elementor-widget-text-editor\" data-id=\"3dc9148\" data-element_type=\"widget\" data-e-type=\"widget\" data-widget_type=\"text-editor.default\">\n\t\t\t\t\t\t\t\t\t<p>In jeder Branche gibt es Produkte oder Dienstleistungen, deren Verwendung und Verst\u00e4ndnis man erst lernen muss. Dank der Tatsache, dass viele Lehrvideos produziert werden, k\u00f6nnen wir leicht lernen, wie man eine Krawatte bindet oder ein M\u00f6belst\u00fcck verdreht.\u00a0<a href=\"https:\/\/old.simpleframe.pl\/kategoria\/film-instruktazowy\/\" rel=\"noopener\">Soziale Medien<\/a>\u00a0ob die Websites der Hersteller auch Folgendes enthalten\u00a0<strong>Lehrvideos<\/strong>\u00a0die sich f\u00fcr ihre Kunden einsetzen. Das schafft gro\u00dfes Vertrauen und Sympathie f\u00fcr die Marke. Umso mehr, weil wir das Material so lange spielen k\u00f6nnen, bis es verst\u00e4ndlich ist.<\/p><p>Das ist sehr hilfreich und vor allem sehr effektiv.\u00a0<a href=\"https:\/\/www.simpleframe.pl\/de\/lehrvideo\/\" rel=\"noopener\">Filmaufnahmen\u00a0<\/a>viel einfacher zu erkl\u00e4ren und zu \u00fcbersetzen als schriftliche Anweisungen.<strong>\u00a0Lehrreiches Video<\/strong>\u00a0Allerdings sollte sie richtig konzipiert und erstellt werden. Vor allem muss sie bestimmte T\u00e4tigkeiten zuverl\u00e4ssig abbilden und zeigen, damit sie ein perfektes Abbild in der Realit\u00e4t haben.<\/p>\t\t\t\t\t\t\t\t<\/div>\n\t\t\t\t<div class=\"elementor-element elementor-element-11b8323 elementor-widget elementor-widget-video\" data-id=\"11b8323\" data-element_type=\"widget\" data-e-type=\"widget\" data-settings=\"{&quot;video_type&quot;:&quot;vimeo&quot;}\" data-widget_type=\"video.default\">\n\t\t\t\t\t\t\t<div class=\"elementor-wrapper elementor-open-inline\">\n\t\t\t<iframe class=\"elementor-video-iframe\" allowfullscreen allow=\"clipboard-write\" title=\"vimeo Videoplayer\" src=\"https:\/\/player.vimeo.com\/video\/815346451?color&amp;autopause=0&amp;loop=0&amp;muted=0&amp;title=1&amp;portrait=1&amp;byline=1#t=\"><\/iframe>\t\t<\/div>\n\t\t\t\t\t\t<\/div>\n\t\t\t\t<div class=\"elementor-element elementor-element-f9ea152 elementor-widget__width-initial link-decoration p-reset elementor-widget elementor-widget-text-editor\" data-id=\"f9ea152\" data-element_type=\"widget\" data-e-type=\"widget\" data-widget_type=\"text-editor.default\">\n\t\t\t\t\t\t\t\t\tDeshalb lohnt es sich, in Lehrvideos zu investieren, wenn Sie Ihr Unternehmen gr\u00fcnden, Ihre Produkte verkaufen oder Dienstleistungen anbieten. Dank ihnen werden wir Kunden, ihr Vertrauen und ihre Sympathie gewinnen. Au\u00dferdem tragen sie zum Imageaufbau des Unternehmens bei. Jedes Projekt, das auf den Komfort der Kunden abzielt, ist das Engagement und den Preis wert, denn es wird sich mit Sicherheit auszahlen. Und es wird sich mehr als bezahlt machen!\t\t\t\t\t\t\t\t<\/div>\n\t\t\t\t<div class=\"elementor-element elementor-element-0550c2e elementor-widget elementor-widget-video\" data-id=\"0550c2e\" data-element_type=\"widget\" data-e-type=\"widget\" data-settings=\"{&quot;video_type&quot;:&quot;vimeo&quot;}\" data-widget_type=\"video.default\">\n\t\t\t\t\t\t\t<div class=\"elementor-wrapper elementor-open-inline\">\n\t\t\t<iframe class=\"elementor-video-iframe\" allowfullscreen allow=\"clipboard-write\" title=\"vimeo Videoplayer\" src=\"https:\/\/player.vimeo.com\/video\/116359341?color&amp;autopause=0&amp;loop=0&amp;muted=0&amp;title=1&amp;portrait=1&amp;byline=1#t=\"><\/iframe>\t\t<\/div>\n\t\t\t\t\t\t<\/div>\n\t\t\t\t\t<\/div>\n\t\t\t\t<\/div>\n\t\t\t\t<\/div>","protected":false},"excerpt":{"rendered":"<p>Ju\u017c niemal ka\u017cda rzecz, kt\u00f3ra do niedawna by\u0142a dost\u0119pna tylko w postaci pisemnej, zosta\u0142a zast\u0105piona wersj\u0105 elektroniczn\u0105. Najlepszym tego przyk\u0142adem jest\u00a0film instrukta\u017cowy.\u00a0Instrukcja obs\u0142ugi, dzia\u0142ania czy monta\u017cu by\u0142a do tej pory obowi\u0105zkow\u0105 lektur\u0105 dla u\u017cytkownik\u00f3w. Jednak dzi\u0119ki temu, \u017ce znacznie wi\u0119ksz\u0105 ciekawo\u015b\u0107 budz\u0105 filmy r\u00f3wnie\u017c instrukcje powstaj\u0105 w formie film\u00f3w. https:\/\/player.vimeo.com\/video\/919548021?badge=0&#038;autopause=0&#038;player_id=0&#038;app_id=58479 Ka\u017cda bran\u017ca posiada produkty czy [&hellip;]<\/p>\n","protected":false},"author":3,"featured_media":0,"parent":0,"menu_order":0,"comment_status":"closed","ping_status":"closed","template":"","meta":{"footnotes":""},"categories":[],"tags":[],"class_list":["post-12991","page","type-page","status-publish","hentry"],"_links":{"self":[{"href":"https:\/\/www.simpleframe.pl\/de\/wp-json\/wp\/v2\/pages\/12991","targetHints":{"allow":["GET"]}}],"collection":[{"href":"https:\/\/www.simpleframe.pl\/de\/wp-json\/wp\/v2\/pages"}],"about":[{"href":"https:\/\/www.simpleframe.pl\/de\/wp-json\/wp\/v2\/types\/page"}],"author":[{"embeddable":true,"href":"https:\/\/www.simpleframe.pl\/de\/wp-json\/wp\/v2\/users\/3"}],"replies":[{"embeddable":true,"href":"https:\/\/www.simpleframe.pl\/de\/wp-json\/wp\/v2\/comments?post=12991"}],"version-history":[{"count":5,"href":"https:\/\/www.simpleframe.pl\/de\/wp-json\/wp\/v2\/pages\/12991\/revisions"}],"predecessor-version":[{"id":12997,"href":"https:\/\/www.simpleframe.pl\/de\/wp-json\/wp\/v2\/pages\/12991\/revisions\/12997"}],"wp:attachment":[{"href":"https:\/\/www.simpleframe.pl\/de\/wp-json\/wp\/v2\/media?parent=12991"}],"wp:term":[{"taxonomy":"category","embeddable":true,"href":"https:\/\/www.simpleframe.pl\/de\/wp-json\/wp\/v2\/categories?post=12991"},{"taxonomy":"post_tag","embeddable":true,"href":"https:\/\/www.simpleframe.pl\/de\/wp-json\/wp\/v2\/tags?post=12991"}],"curies":[{"name":"wp","href":"https:\/\/api.w.org\/{rel}","templated":true}]}}