{"id":12964,"date":"2025-08-21T12:24:52","date_gmt":"2025-08-21T10:24:52","guid":{"rendered":"https:\/\/dev108.stwb.pl\/?page_id=12964"},"modified":"2025-08-21T12:28:28","modified_gmt":"2025-08-21T10:28:28","slug":"erstellung-von-computerprasentationen","status":"publish","type":"page","link":"https:\/\/www.simpleframe.pl\/de\/tworzenie-prezentacji-komputerowych\/","title":{"rendered":"Erstellung von Computerpr\u00e4sentationen"},"content":{"rendered":"<div data-elementor-type=\"wp-page\" data-elementor-id=\"12964\" class=\"elementor elementor-12964\" data-elementor-post-type=\"page\">\n\t\t\t\t<div class=\"elementor-element elementor-element-8234f59 page-video-bar e-flex e-con-boxed e-con e-parent\" data-id=\"8234f59\" data-element_type=\"container\" data-e-type=\"container\" data-settings=\"{&quot;background_background&quot;:&quot;video&quot;,&quot;background_video_link&quot;:&quot;https:\\\/\\\/www.simpleframe.pl\\\/wp-content\\\/uploads\\\/2025\\\/09\\\/videopodstrony.mp4&quot;,&quot;background_play_on_mobile&quot;:&quot;yes&quot;}\">\n\t\t\t\t\t<div class=\"e-con-inner\">\n\t\t<div class=\"elementor-background-video-container\">\n\t\t\t\t\t\t\t<video class=\"elementor-background-video-hosted\" role=\"presentation\" autoplay muted playsinline loop><\/video>\n\t\t\t\t\t<\/div>\t\t\t<\/div>\n\t\t\t\t<\/div>\n\t\t<div class=\"elementor-element elementor-element-78da1b0 e-flex e-con-boxed e-con e-parent\" data-id=\"78da1b0\" data-element_type=\"container\" data-e-type=\"container\">\n\t\t\t\t\t<div class=\"e-con-inner\">\n\t\t\t\t<div class=\"elementor-element elementor-element-1b99294 elementor-widget elementor-widget-heading\" data-id=\"1b99294\" data-element_type=\"widget\" data-e-type=\"widget\" data-widget_type=\"heading.default\">\n\t\t\t\t\t<h1 class=\"elementor-heading-title elementor-size-default\">Computer-Pr\u00e4sentationen<\/h1>\t\t\t\t<\/div>\n\t\t\t\t<div class=\"elementor-element elementor-element-cae7e79 elementor-widget__width-initial link-decoration p-reset elementor-widget elementor-widget-text-editor\" data-id=\"cae7e79\" data-element_type=\"widget\" data-e-type=\"widget\" data-widget_type=\"text-editor.default\">\n\t\t\t\t\t\t\t\t\tPr\u00e4sentationen haben sich als ein sehr effektives und interessantes Mittel erwiesen, um ein Unternehmen zu informieren, zu verkaufen, zu vermarkten oder zu vergr\u00f6\u00dfern. Es ist daher nicht verwunderlich, dass immer mehr Programme zur Erstellung von Computerpr\u00e4sentationen entwickelt werden. Sie bieten mehr und mehr interessante und\u00a0<a href=\"https:\/\/old.simpleframe.pl\/posts\/prezentacja-dla-kogo-i-po-co\/\" rel=\"noopener\">modernere Kombinationen<\/a>\u00a0und Funktionen. Dies hat die Pr\u00e4sentation zu einer unverzichtbaren und unverzichtbaren Ressource in vielen Bereichen des Lebens und der Wirtschaft gemacht. Aber eins nach dem anderen...\n<strong>Erstellung von Computerpr\u00e4sentationen\u00a0<\/strong>die wir seit unserer Schulzeit kennen, als wir die einfachen\u00a0<strong>Pr\u00e4sentationen<\/strong>in einem einfachen Programm auf grundlegendem Niveau. Daher hat jeder zumindest ein minimales Verst\u00e4ndnis f\u00fcr die Pr\u00e4sentation. Allerdings ist die heutige\u00a0<strong>Fachvortr\u00e4ge<\/strong>\u00a0unterscheiden sich erheblich von denen, die wir aus der Schule kennen. Zunehmend<a href=\"https:\/\/www.simpleframe.pl\/de\/erstellung-von-prasentationen\/\" rel=\"noopener\">\u00a0<strong>Hightech<\/strong>\u00a0<\/a>erm\u00f6glicht die Erstellung von modernen, aufwendigen Pr\u00e4sentationen. Es werden auch Programme entwickelt, die Inhalte auf eine v\u00f6llig andere Art und Weise und aus einer anderen Perspektive pr\u00e4sentieren. Infolgedessen sind das Potenzial und die Nutzung von Pr\u00e4sentationen exponentiell gestiegen und nehmen weiter zu.\t\t\t\t\t\t\t\t<\/div>\n\t\t\t\t<div class=\"elementor-element elementor-element-e3450d2 elementor-widget elementor-widget-video\" data-id=\"e3450d2\" data-element_type=\"widget\" data-e-type=\"widget\" data-settings=\"{&quot;video_type&quot;:&quot;vimeo&quot;}\" data-widget_type=\"video.default\">\n\t\t\t\t\t\t\t<div class=\"elementor-wrapper elementor-open-inline\">\n\t\t\t<iframe class=\"elementor-video-iframe\" allowfullscreen allow=\"clipboard-write\" title=\"vimeo Videoplayer\" src=\"https:\/\/player.vimeo.com\/video\/295977287?color&amp;autopause=0&amp;loop=0&amp;muted=0&amp;title=1&amp;portrait=1&amp;byline=1&amp;h=4191958b0a#t=\"><\/iframe>\t\t<\/div>\n\t\t\t\t\t\t<\/div>\n\t\t\t\t\t<\/div>\n\t\t\t\t<\/div>\n\t\t<div class=\"elementor-element elementor-element-d6b2165 e-flex e-con-boxed e-con e-parent\" data-id=\"d6b2165\" data-element_type=\"container\" data-e-type=\"container\">\n\t\t\t\t\t<div class=\"e-con-inner\">\n\t\t\t\t<div class=\"elementor-element elementor-element-a6a97a3 elementor-widget elementor-widget-heading\" data-id=\"a6a97a3\" data-element_type=\"widget\" data-e-type=\"widget\" data-widget_type=\"heading.default\">\n\t\t\t\t\t<h2 class=\"elementor-heading-title elementor-size-default\">In Simple Frame erstellen wir Pr\u00e4sentationen:<\/h2>\t\t\t\t<\/div>\n\t\t\t\t<div class=\"elementor-element elementor-element-50d076a elementor-widget__width-initial link-decoration p-reset elementor-widget elementor-widget-text-editor\" data-id=\"50d076a\" data-element_type=\"widget\" data-e-type=\"widget\" data-widget_type=\"text-editor.default\">\n\t\t\t\t\t\t\t\t\t<ul><li><strong>Marketing<\/strong><\/li><li><strong>Verkauf<\/strong><\/li><li><strong>f\u00fcr Handelsvertreter<\/strong>\u00a0alle Sektoren<\/li><li><strong>Bildung und Ausbildung<\/strong><ul><li>f\u00fcr Vortr\u00e4ge<\/li><li>Webinare<\/li><li>Kurse<\/li><li>Mitarbeiterschulung<\/li><\/ul><\/li><li><strong>Unternehmen<\/strong><ul><li>f\u00fcr Gesch\u00e4ftstreffen<\/li><li>j\u00e4hrliche, halbj\u00e4hrliche und vorl\u00e4ufige Zusammenfassungen<\/li><\/ul><\/li><li><strong>f\u00fcr Veranstaltungen<\/strong><ul><li>Konferenzen<\/li><li>Fachtagungen<\/li><li>Klassentreffen<\/li><li>Fachvortr\u00e4ge<\/li><li>Fachmesse<\/li><\/ul><\/li><\/ul>\t\t\t\t\t\t\t\t<\/div>\n\t\t\t\t<div class=\"elementor-element elementor-element-72bd815 elementor-widget elementor-widget-video\" data-id=\"72bd815\" data-element_type=\"widget\" data-e-type=\"widget\" data-settings=\"{&quot;video_type&quot;:&quot;vimeo&quot;}\" data-widget_type=\"video.default\">\n\t\t\t\t\t\t\t<div class=\"elementor-wrapper elementor-open-inline\">\n\t\t\t<iframe class=\"elementor-video-iframe\" allowfullscreen allow=\"clipboard-write\" title=\"vimeo Videoplayer\" src=\"https:\/\/player.vimeo.com\/video\/287215355?color&amp;autopause=0&amp;loop=0&amp;muted=0&amp;title=1&amp;portrait=1&amp;byline=1&amp;h=678cb29a5d#t=\"><\/iframe>\t\t<\/div>\n\t\t\t\t\t\t<\/div>\n\t\t\t\t<div class=\"elementor-element elementor-element-ebb6316 elementor-widget__width-initial link-decoration p-reset elementor-widget elementor-widget-text-editor\" data-id=\"ebb6316\" data-element_type=\"widget\" data-e-type=\"widget\" data-widget_type=\"text-editor.default\">\n\t\t\t\t\t\t\t\t\tIn unserem Simple Frame Studio besch\u00e4ftigen wir uns umfassend mit Pr\u00e4sentationen. Wir beraten -&gt; entwerfen -&gt; erstellen. Sagen Sie uns genau, welche Art von Pr\u00e4sentation Sie f\u00fcr welchen Anlass ben\u00f6tigen, und wir beraten Sie \u00fcber die besten technischen und kreativen L\u00f6sungen. Wir entwerfen dann Ihre Pr\u00e4sentation und erstellen nach Absprache die beste Pr\u00e4sentation f\u00fcr Ihre Bed\u00fcrfnisse.\t\t\t\t\t\t\t\t<\/div>\n\t\t\t\t<div class=\"elementor-element elementor-element-59cb957 elementor-widget elementor-widget-video\" data-id=\"59cb957\" data-element_type=\"widget\" data-e-type=\"widget\" data-settings=\"{&quot;video_type&quot;:&quot;vimeo&quot;}\" data-widget_type=\"video.default\">\n\t\t\t\t\t\t\t<div class=\"elementor-wrapper elementor-open-inline\">\n\t\t\t<iframe class=\"elementor-video-iframe\" allowfullscreen allow=\"clipboard-write\" title=\"vimeo Videoplayer\" src=\"https:\/\/player.vimeo.com\/video\/263109118?color&amp;autopause=0&amp;loop=0&amp;muted=0&amp;title=1&amp;portrait=1&amp;byline=1&amp;h=af259f1c8a#t=\"><\/iframe>\t\t<\/div>\n\t\t\t\t\t\t<\/div>\n\t\t\t\t<div class=\"elementor-element elementor-element-710f285 elementor-widget__width-initial link-decoration p-reset elementor-widget elementor-widget-text-editor\" data-id=\"710f285\" data-element_type=\"widget\" data-e-type=\"widget\" data-widget_type=\"text-editor.default\">\n\t\t\t\t\t\t\t\t\t<p>In unserem Simple Frame Studio besch\u00e4ftigen wir uns umfassend mit Pr\u00e4sentationen. Wir beraten -&gt; entwerfen -&gt; erstellen. Sagen Sie uns genau, welche Art von Pr\u00e4sentation Sie f\u00fcr welchen Anlass ben\u00f6tigen, und wir beraten Sie \u00fcber die besten technischen und kreativen L\u00f6sungen. Wir entwerfen dann Ihre Pr\u00e4sentation und erstellen nach Absprache die beste Pr\u00e4sentation f\u00fcr Ihre Bed\u00fcrfnisse.<\/p>\t\t\t\t\t\t\t\t<\/div>\n\t\t\t\t\t<\/div>\n\t\t\t\t<\/div>\n\t\t\t\t<\/div>","protected":false},"excerpt":{"rendered":"<p>Prezentacje komputerowe Prezentacje okaza\u0142y si\u0119 bardzo skutecznym i ciekawym sposobem na edukacj\u0119, sprzeda\u017c, marketing czy rozw\u00f3j firmy. Nic wi\u0119c dziwnego, \u017ce powstaje coraz wi\u0119cej program\u00f3w, kt\u00f3re umo\u017cliwiaj\u0105 tworzenia prezentacji komputerowych. Oferuj\u0105 one coraz ciekawsze i\u00a0nowocze\u015bniejsze kombinacje\u00a0i funkcje. Dzi\u0119ki temu prezentacja sta\u0142a si\u0119 nieod\u0142\u0105cznym i niezast\u0105pionym materia\u0142em w wielu p\u0142aszczyznach \u017cycia i biznesu. Ale po kolei\u2026 [&hellip;]<\/p>\n","protected":false},"author":3,"featured_media":0,"parent":0,"menu_order":0,"comment_status":"closed","ping_status":"closed","template":"","meta":{"footnotes":""},"categories":[],"tags":[],"class_list":["post-12964","page","type-page","status-publish","hentry"],"_links":{"self":[{"href":"https:\/\/www.simpleframe.pl\/de\/wp-json\/wp\/v2\/pages\/12964","targetHints":{"allow":["GET"]}}],"collection":[{"href":"https:\/\/www.simpleframe.pl\/de\/wp-json\/wp\/v2\/pages"}],"about":[{"href":"https:\/\/www.simpleframe.pl\/de\/wp-json\/wp\/v2\/types\/page"}],"author":[{"embeddable":true,"href":"https:\/\/www.simpleframe.pl\/de\/wp-json\/wp\/v2\/users\/3"}],"replies":[{"embeddable":true,"href":"https:\/\/www.simpleframe.pl\/de\/wp-json\/wp\/v2\/comments?post=12964"}],"version-history":[{"count":5,"href":"https:\/\/www.simpleframe.pl\/de\/wp-json\/wp\/v2\/pages\/12964\/revisions"}],"predecessor-version":[{"id":12970,"href":"https:\/\/www.simpleframe.pl\/de\/wp-json\/wp\/v2\/pages\/12964\/revisions\/12970"}],"wp:attachment":[{"href":"https:\/\/www.simpleframe.pl\/de\/wp-json\/wp\/v2\/media?parent=12964"}],"wp:term":[{"taxonomy":"category","embeddable":true,"href":"https:\/\/www.simpleframe.pl\/de\/wp-json\/wp\/v2\/categories?post=12964"},{"taxonomy":"post_tag","embeddable":true,"href":"https:\/\/www.simpleframe.pl\/de\/wp-json\/wp\/v2\/tags?post=12964"}],"curies":[{"name":"wp","href":"https:\/\/api.w.org\/{rel}","templated":true}]}}