{"id":12914,"date":"2025-08-21T12:04:23","date_gmt":"2025-08-21T10:04:23","guid":{"rendered":"https:\/\/dev108.stwb.pl\/?page_id=12914"},"modified":"2025-08-21T12:06:46","modified_gmt":"2025-08-21T10:06:46","slug":"streaming-2","status":"publish","type":"page","link":"https:\/\/www.simpleframe.pl\/de\/streaming-2\/","title":{"rendered":"Streaming"},"content":{"rendered":"<div data-elementor-type=\"wp-page\" data-elementor-id=\"12914\" class=\"elementor elementor-12914\" data-elementor-post-type=\"page\">\n\t\t\t\t<div class=\"elementor-element elementor-element-41b9ee8 page-video-bar e-flex e-con-boxed e-con e-parent\" data-id=\"41b9ee8\" data-element_type=\"container\" data-e-type=\"container\" data-settings=\"{&quot;background_background&quot;:&quot;video&quot;,&quot;background_video_link&quot;:&quot;https:\\\/\\\/www.simpleframe.pl\\\/wp-content\\\/uploads\\\/2025\\\/09\\\/videopodstrony.mp4&quot;,&quot;background_play_on_mobile&quot;:&quot;yes&quot;}\">\n\t\t\t\t\t<div class=\"e-con-inner\">\n\t\t<div class=\"elementor-background-video-container\">\n\t\t\t\t\t\t\t<video class=\"elementor-background-video-hosted\" role=\"presentation\" autoplay muted playsinline loop><\/video>\n\t\t\t\t\t<\/div>\t\t\t<\/div>\n\t\t\t\t<\/div>\n\t\t<div class=\"elementor-element elementor-element-c7f70ce e-flex e-con-boxed e-con e-parent\" data-id=\"c7f70ce\" data-element_type=\"container\" data-e-type=\"container\">\n\t\t\t\t\t<div class=\"e-con-inner\">\n\t\t\t\t<div class=\"elementor-element elementor-element-fd304a1 elementor-widget__width-initial link-decoration elementor-widget elementor-widget-text-editor\" data-id=\"fd304a1\" data-element_type=\"widget\" data-e-type=\"widget\" data-widget_type=\"text-editor.default\">\n\t\t\t\t\t\t\t\t\tVideo-Streaming gibt es schon seit langem. Zugegeben, es war nicht sehr popul\u00e4r, denn schlie\u00dflich gehen wir lieber ins Kino oder zu einer Veranstaltung, als sie auf einer Leinwand zu sehen. Zumindest dachten wir das. Aber die Zeiten haben uns in gewisser Weise gezwungen, nach Alternativen und anderen L\u00f6sungen zu suchen. Massenveranstaltungen, seien es berufliche, wissenschaftliche, Bildungs- oder Unterhaltungsveranstaltungen, wurden unzug\u00e4nglich. Von einem Tag auf den anderen konnten wir unsere Pl\u00e4ne nicht mehr verwirklichen und nicht mehr ausgehen. Streaming wurde die Antwort auf diese Probleme. Es war die einzige Alternative und unser Fenster zur Welt. Was genau ist Streaming? \t\t\t\t\t\t\t\t<\/div>\n\t\t\t\t<div class=\"elementor-element elementor-element-caeeb4d elementor-widget elementor-widget-video\" data-id=\"caeeb4d\" data-element_type=\"widget\" data-e-type=\"widget\" data-settings=\"{&quot;video_type&quot;:&quot;vimeo&quot;}\" data-widget_type=\"video.default\">\n\t\t\t\t\t\t\t<div class=\"elementor-wrapper elementor-open-inline\">\n\t\t\t<iframe class=\"elementor-video-iframe\" allowfullscreen allow=\"clipboard-write\" title=\"Vimeo-Videoplayer\" src=\"https:\/\/player.vimeo.com\/video\/338003361?color&amp;autopause=0&amp;loop=0&amp;muted=0&amp;title=1&amp;portrait=1&amp;byline=1#t=\"><\/iframe>\t\t<\/div>\n\t\t\t\t\t\t<\/div>\n\t\t\t\t\t<\/div>\n\t\t\t\t<\/div>\n\t\t<div class=\"elementor-element elementor-element-82b7ccf e-flex e-con-boxed e-con e-parent\" data-id=\"82b7ccf\" data-element_type=\"container\" data-e-type=\"container\">\n\t\t\t\t\t<div class=\"e-con-inner\">\n\t\t\t\t<div class=\"elementor-element elementor-element-dabc81f elementor-widget__width-initial link-decoration p-reset elementor-widget elementor-widget-text-editor\" data-id=\"dabc81f\" data-element_type=\"widget\" data-e-type=\"widget\" data-widget_type=\"text-editor.default\">\n\t\t\t\t\t\t\t\t\t<p>Die einfachste Art, dies zu erkl\u00e4ren, ist das Teilen von Multimedia-Inhalten. Seitdem Streaming das einzige Fenster zur Welt geworden ist, k\u00f6nnen wir an Veranstaltungen, Schulungen, Filmen, Serien oder Programmen teilnehmen. Entweder als Live-\u00dcbertragung oder als Aufzeichnung, die jederzeit wieder aufgerufen und angesehen werden kann. Das hat die Normalit\u00e4t ins Leben zur\u00fcckgebracht. Mehr noch: Es ist popul\u00e4r geworden und hat sich zu einem festen Bestandteil unseres Lebens entwickelt. Die heutige\u00a0<strong><a href=\"https:\/\/www.simpleframe.pl\/de\/streaming-video\/\" rel=\"noopener\">Streaming<\/a><\/strong> sind von wirklich hoher Qualit\u00e4t, sie sind gesund, interessant und aufregend.<\/p><p>Die jahrelange Erfahrung hinter der Kamera bei Simple Frame hat ihren Teil dazu beigetragen. Mit High-End-Equipment und vor allem Erfahrung produzieren wir einige der besten Live-Streaming und Berichterstattung.<\/p><p><a href=\"https:\/\/www.film-reklamowy.com.pl\/film-z-targow\" rel=\"noopener\">Messe<\/a><br \/>Konferenzen<br \/>Veranstaltungen der Industrie<br \/>Unterhaltung<br \/>Schulungen und Vortr\u00e4ge<br \/>Veranstaltungen<\/p><p>Wir streamen jedes Ereignis! Au\u00dferdem sind wir selbst Streaming-Fans und kennen die Anspr\u00fcche und Erwartungen der Zuschauer von heute. Unsere Produktionen sind von h\u00f6chster Qualit\u00e4t, sei es in Bezug auf Bild, Ton oder Schnitt. Vor allem wollen wir, dass Sie die Atmosph\u00e4re und die Stimmung der Veranstaltung so erleben, als w\u00e4ren Sie dabei, wenn wir streamen.<\/p>\t\t\t\t\t\t\t\t<\/div>\n\t\t\t\t<div class=\"elementor-element elementor-element-1e69be2 elementor-widget elementor-widget-video\" data-id=\"1e69be2\" data-element_type=\"widget\" data-e-type=\"widget\" data-settings=\"{&quot;video_type&quot;:&quot;vimeo&quot;}\" data-widget_type=\"video.default\">\n\t\t\t\t\t\t\t<div class=\"elementor-wrapper elementor-open-inline\">\n\t\t\t<iframe class=\"elementor-video-iframe\" allowfullscreen allow=\"clipboard-write\" title=\"Vimeo-Videoplayer\" src=\"https:\/\/player.vimeo.com\/video\/372631011?color&amp;autopause=0&amp;loop=0&amp;muted=0&amp;title=1&amp;portrait=1&amp;byline=1#t=\"><\/iframe>\t\t<\/div>\n\t\t\t\t\t\t<\/div>\n\t\t\t\t\t<\/div>\n\t\t\t\t<\/div>\n\t\t\t\t<\/div>","protected":false},"excerpt":{"rendered":"<p>Streaming video istnia\u0142 ju\u017c dawno. Co prawda by\u0142 ma\u0142o popularny bo w ko\u0144cu wolimy i\u015b\u0107 do kina czy na imprez\u0119 ni\u017c ogl\u0105da\u0107 je na ekranie. Przynajmniej tak my\u015bleli\u015bmy. Jednak czasu poniek\u0105d zmusi\u0142y nas do szukania alternatyw i innych rozwi\u0105za\u0144. Imprezy masowe, zar\u00f3wno bran\u017cowe, naukowe, szkoleniowe jak i rozrywkowe sta\u0142y si\u0119 niedost\u0119pne. Z dnia na dzie\u0144 [&hellip;]<\/p>\n","protected":false},"author":3,"featured_media":0,"parent":0,"menu_order":0,"comment_status":"closed","ping_status":"closed","template":"","meta":{"footnotes":""},"categories":[],"tags":[],"class_list":["post-12914","page","type-page","status-publish","hentry"],"_links":{"self":[{"href":"https:\/\/www.simpleframe.pl\/de\/wp-json\/wp\/v2\/pages\/12914","targetHints":{"allow":["GET"]}}],"collection":[{"href":"https:\/\/www.simpleframe.pl\/de\/wp-json\/wp\/v2\/pages"}],"about":[{"href":"https:\/\/www.simpleframe.pl\/de\/wp-json\/wp\/v2\/types\/page"}],"author":[{"embeddable":true,"href":"https:\/\/www.simpleframe.pl\/de\/wp-json\/wp\/v2\/users\/3"}],"replies":[{"embeddable":true,"href":"https:\/\/www.simpleframe.pl\/de\/wp-json\/wp\/v2\/comments?post=12914"}],"version-history":[{"count":4,"href":"https:\/\/www.simpleframe.pl\/de\/wp-json\/wp\/v2\/pages\/12914\/revisions"}],"predecessor-version":[{"id":12919,"href":"https:\/\/www.simpleframe.pl\/de\/wp-json\/wp\/v2\/pages\/12914\/revisions\/12919"}],"wp:attachment":[{"href":"https:\/\/www.simpleframe.pl\/de\/wp-json\/wp\/v2\/media?parent=12914"}],"wp:term":[{"taxonomy":"category","embeddable":true,"href":"https:\/\/www.simpleframe.pl\/de\/wp-json\/wp\/v2\/categories?post=12914"},{"taxonomy":"post_tag","embeddable":true,"href":"https:\/\/www.simpleframe.pl\/de\/wp-json\/wp\/v2\/tags?post=12914"}],"curies":[{"name":"wp","href":"https:\/\/api.w.org\/{rel}","templated":true}]}}