{"id":12896,"date":"2025-08-21T11:55:36","date_gmt":"2025-08-21T09:55:36","guid":{"rendered":"https:\/\/dev108.stwb.pl\/?page_id=12896"},"modified":"2025-08-21T11:57:29","modified_gmt":"2025-08-21T09:57:29","slug":"tv-spot-neue-dimension-der-werbung","status":"publish","type":"page","link":"https:\/\/www.simpleframe.pl\/de\/spot-telewizyjny-nowy-wymiar-promocji\/","title":{"rendered":"TV-Spot - eine neue Dimension der Werbung"},"content":{"rendered":"<div data-elementor-type=\"wp-page\" data-elementor-id=\"12896\" class=\"elementor elementor-12896\" data-elementor-post-type=\"page\">\n\t\t\t\t<div class=\"elementor-element elementor-element-41b9ee8 page-video-bar e-flex e-con-boxed e-con e-parent\" data-id=\"41b9ee8\" data-element_type=\"container\" data-e-type=\"container\" data-settings=\"{&quot;background_background&quot;:&quot;video&quot;,&quot;background_video_link&quot;:&quot;https:\\\/\\\/www.simpleframe.pl\\\/wp-content\\\/uploads\\\/2025\\\/09\\\/videopodstrony.mp4&quot;,&quot;background_play_on_mobile&quot;:&quot;yes&quot;}\">\n\t\t\t\t\t<div class=\"e-con-inner\">\n\t\t<div class=\"elementor-background-video-container\">\n\t\t\t\t\t\t\t<video class=\"elementor-background-video-hosted\" role=\"presentation\" autoplay muted playsinline loop><\/video>\n\t\t\t\t\t<\/div>\t\t\t<\/div>\n\t\t\t\t<\/div>\n\t\t<div class=\"elementor-element elementor-element-c7f70ce e-flex e-con-boxed e-con e-parent\" data-id=\"c7f70ce\" data-element_type=\"container\" data-e-type=\"container\">\n\t\t\t\t\t<div class=\"e-con-inner\">\n\t\t\t\t<div class=\"elementor-element elementor-element-afd1ba9 elementor-widget elementor-widget-heading\" data-id=\"afd1ba9\" data-element_type=\"widget\" data-e-type=\"widget\" data-widget_type=\"heading.default\">\n\t\t\t\t\t<h1 class=\"elementor-heading-title elementor-size-default\">TV-Spot <\/h1>\t\t\t\t<\/div>\n\t\t\t\t<div class=\"elementor-element elementor-element-fd304a1 elementor-widget__width-initial link-decoration elementor-widget elementor-widget-text-editor\" data-id=\"fd304a1\" data-element_type=\"widget\" data-e-type=\"widget\" data-widget_type=\"text-editor.default\">\n\t\t\t\t\t\t\t\t\t<strong>TV-Spot<\/strong>\u00a0ist ein sehr wirksames Kommunikationsinstrument zwischen einem Unternehmen und seinen Kunden. Es erh\u00f6ht den Bekanntheitsgrad der Marke, wirbt f\u00fcr Produkte und Dienstleistungen und baut das Image auf. Diese vielseitigen Aktivit\u00e4ten steigern schnell das Ansehen und die Popularit\u00e4t eines Unternehmens. In der Vergangenheit war die Informations- und Werbequelle vor allem das gefl\u00fcsterte Wort. Nat\u00fcrlich sind die Meinung anderer und Empfehlungen immer noch sehr wichtig. Meistens sehen wir jedoch zuerst eine Werbung im Fernsehen und bilden uns erst dann eine Meinung \u00fcber das, was uns interessiert.\u00a0<strong>TV-Spot<\/strong>\u00a0ist nicht nur\u00a0<a href=\"https:\/\/www.simpleframe.pl\/de\/tv-spot\/\" rel=\"noopener\">Unterhaltungsmedium<\/a>\u00a0oder Kommunikation, sondern dient auch als hochwertige Werbefl\u00e4che, die zur Markenbildung beitr\u00e4gt! \t\t\t\t\t\t\t\t<\/div>\n\t\t\t\t<div class=\"elementor-element elementor-element-cf9ca0c elementor-widget elementor-widget-video\" data-id=\"cf9ca0c\" data-element_type=\"widget\" data-e-type=\"widget\" data-settings=\"{&quot;video_type&quot;:&quot;vimeo&quot;}\" data-widget_type=\"video.default\">\n\t\t\t\t\t\t\t<div class=\"elementor-wrapper elementor-open-inline\">\n\t\t\t<iframe class=\"elementor-video-iframe\" allowfullscreen allow=\"clipboard-write\" title=\"vimeo Videoplayer\" src=\"https:\/\/player.vimeo.com\/video\/551502968?color&amp;autopause=0&amp;loop=0&amp;muted=0&amp;title=1&amp;portrait=1&amp;byline=1#t=\"><\/iframe>\t\t<\/div>\n\t\t\t\t\t\t<\/div>\n\t\t\t\t<div class=\"elementor-element elementor-element-fd9071b elementor-widget__width-initial link-decoration p-reset elementor-widget elementor-widget-text-editor\" data-id=\"fd9071b\" data-element_type=\"widget\" data-e-type=\"widget\" data-widget_type=\"text-editor.default\">\n\t\t\t\t\t\t\t\t\t<p>Die ersten Fernsehspots waren v\u00f6llig anders als die, die heute ausgestrahlt werden. Zun\u00e4chst einmal gab es eine andere Ausstattung, ein anderes Bewusstsein der Menschen, andere Kundenanforderungen. Fast alles, was im Fernsehen lief, war faszinierend und interessant. Doch im Laufe der Zeit haben sich das Fernsehen und die Produktion von Werbespots extrem schnell und auf allen Ebenen weiterentwickelt! Kameras, die gesamte Filmausr\u00fcstung, Software f\u00fcr\u00a0<a href=\"https:\/\/old.simpleframe.pl\/kategoria\/spot-telewizyjny\/\" rel=\"noopener\">Installation<\/a>. All dies \u00e4ndert sich und entwickelt sich in einem sehr schnellen Tempo. Heute gibt es mehr und mehr Werbung und\u00a0<strong>TV-Spots<\/strong>. Sie werden technologisch immer fortschrittlicher, immer raffinierter.<\/p>\t\t\t\t\t\t\t\t<\/div>\n\t\t\t\t\t<\/div>\n\t\t\t\t<\/div>\n\t\t<div class=\"elementor-element elementor-element-e4d186d e-flex e-con-boxed e-con e-parent\" data-id=\"e4d186d\" data-element_type=\"container\" data-e-type=\"container\">\n\t\t\t\t\t<div class=\"e-con-inner\">\n\t\t\t\t<div class=\"elementor-element elementor-element-8558764 elementor-widget elementor-widget-video\" data-id=\"8558764\" data-element_type=\"widget\" data-e-type=\"widget\" data-settings=\"{&quot;video_type&quot;:&quot;vimeo&quot;}\" data-widget_type=\"video.default\">\n\t\t\t\t\t\t\t<div class=\"elementor-wrapper elementor-open-inline\">\n\t\t\t<iframe class=\"elementor-video-iframe\" allowfullscreen allow=\"clipboard-write\" title=\"vimeo Videoplayer\" src=\"https:\/\/player.vimeo.com\/video\/540033915?color&amp;autopause=0&amp;loop=0&amp;muted=0&amp;title=1&amp;portrait=1&amp;byline=1#t=\"><\/iframe>\t\t<\/div>\n\t\t\t\t\t\t<\/div>\n\t\t\t\t<div class=\"elementor-element elementor-element-4e455b4 elementor-widget__width-initial link-decoration elementor-widget elementor-widget-text-editor\" data-id=\"4e455b4\" data-element_type=\"widget\" data-e-type=\"widget\" data-widget_type=\"text-editor.default\">\n\t\t\t\t\t\t\t\t\tWenn Sie\u00a0<strong>TV-Spot<\/strong>\u00a0f\u00fcr Ihr Unternehmen, k\u00f6nnen wir Ihnen helfen. Wir haben \u00fcber 18 Jahre Erfahrung in der Erstellung<strong>\u00a0TV-Spots<\/strong>und unsere Spezialisten sind bereit, die perfekte Produktion f\u00fcr Ihr Unternehmen zu erstellen. Unser Ziel ist es, ein maximales Interesse zu erreichen und\u00a0<a href=\"https:\/\/www.simpleframe.pl\/de\/tv-spot\/\" rel=\"noopener\">Kundenbeteiligung<\/a>Deshalb werden alle unsere Projekte individuell auf die Bed\u00fcrfnisse des jeweiligen Kunden zugeschnitten. Unsere Dienstleistungen umfassen das Schreiben von Drehb\u00fcchern, das Casting von Schauspielern oder Models, die Auswahl von Musiktiteln sowie die Dreharbeiten und die Postproduktion. Und wenn Sie m\u00f6chten, dass wir uns von Anfang bis Ende um alles k\u00fcmmern - kein Problem! Nehmen Sie einfach Kontakt mit uns auf und lassen Sie uns wissen, was wir f\u00fcr Sie tun k\u00f6nnen? \t\t\t\t\t\t\t\t<\/div>\n\t\t\t\t\t<\/div>\n\t\t\t\t<\/div>\n\t\t\t\t<\/div>","protected":false},"excerpt":{"rendered":"<p>Spot telewizyjny Spot telewizyjny\u00a0jest bardzo skutecznym narz\u0119dziem komunikacji pomi\u0119dzy firm\u0105 a jej klientami. Zwi\u0119ksza \u015bwiadomo\u015b\u0107 marki, reklamuje produkty i us\u0142ugi, buduje wizerunek. Te wielowymiarowe dzia\u0142ania szybko podnosz\u0105 presti\u017c i popularno\u015b\u0107 firmy. W przesz\u0142o\u015bci \u017ar\u00f3d\u0142em informacji i promocji by\u0142o przede wszystkim s\u0142owo szeptane. Oczywi\u015bcie opinia innych i rekomendacje s\u0105 nadal bardzo wa\u017cne. Jednak najcz\u0119\u015bciej najpierw widzimy [&hellip;]<\/p>\n","protected":false},"author":3,"featured_media":0,"parent":0,"menu_order":0,"comment_status":"closed","ping_status":"closed","template":"","meta":{"footnotes":""},"categories":[],"tags":[],"class_list":["post-12896","page","type-page","status-publish","hentry"],"_links":{"self":[{"href":"https:\/\/www.simpleframe.pl\/de\/wp-json\/wp\/v2\/pages\/12896","targetHints":{"allow":["GET"]}}],"collection":[{"href":"https:\/\/www.simpleframe.pl\/de\/wp-json\/wp\/v2\/pages"}],"about":[{"href":"https:\/\/www.simpleframe.pl\/de\/wp-json\/wp\/v2\/types\/page"}],"author":[{"embeddable":true,"href":"https:\/\/www.simpleframe.pl\/de\/wp-json\/wp\/v2\/users\/3"}],"replies":[{"embeddable":true,"href":"https:\/\/www.simpleframe.pl\/de\/wp-json\/wp\/v2\/comments?post=12896"}],"version-history":[{"count":5,"href":"https:\/\/www.simpleframe.pl\/de\/wp-json\/wp\/v2\/pages\/12896\/revisions"}],"predecessor-version":[{"id":12902,"href":"https:\/\/www.simpleframe.pl\/de\/wp-json\/wp\/v2\/pages\/12896\/revisions\/12902"}],"wp:attachment":[{"href":"https:\/\/www.simpleframe.pl\/de\/wp-json\/wp\/v2\/media?parent=12896"}],"wp:term":[{"taxonomy":"category","embeddable":true,"href":"https:\/\/www.simpleframe.pl\/de\/wp-json\/wp\/v2\/categories?post=12896"},{"taxonomy":"post_tag","embeddable":true,"href":"https:\/\/www.simpleframe.pl\/de\/wp-json\/wp\/v2\/tags?post=12896"}],"curies":[{"name":"wp","href":"https:\/\/api.w.org\/{rel}","templated":true}]}}