{"id":12859,"date":"2025-08-21T11:37:05","date_gmt":"2025-08-21T09:37:05","guid":{"rendered":"https:\/\/dev108.stwb.pl\/?page_id=12859"},"modified":"2025-08-21T11:38:23","modified_gmt":"2025-08-21T09:38:23","slug":"unternehmensspot","status":"publish","type":"page","link":"https:\/\/www.simpleframe.pl\/de\/spot-korporacyjny\/","title":{"rendered":"Corporate Spot"},"content":{"rendered":"<div data-elementor-type=\"wp-page\" data-elementor-id=\"12859\" class=\"elementor elementor-12859\" data-elementor-post-type=\"page\">\n\t\t\t\t<div class=\"elementor-element elementor-element-5f844c8 page-video-bar e-flex e-con-boxed e-con e-parent\" data-id=\"5f844c8\" data-element_type=\"container\" data-e-type=\"container\" data-settings=\"{&quot;background_background&quot;:&quot;video&quot;,&quot;background_video_link&quot;:&quot;https:\\\/\\\/www.simpleframe.pl\\\/wp-content\\\/uploads\\\/2025\\\/09\\\/videopodstrony.mp4&quot;,&quot;background_play_on_mobile&quot;:&quot;yes&quot;}\">\n\t\t\t\t\t<div class=\"e-con-inner\">\n\t\t<div class=\"elementor-background-video-container\">\n\t\t\t\t\t\t\t<video class=\"elementor-background-video-hosted\" role=\"presentation\" autoplay muted playsinline loop><\/video>\n\t\t\t\t\t<\/div>\t\t\t<\/div>\n\t\t\t\t<\/div>\n\t\t<div class=\"elementor-element elementor-element-179f7cf e-flex e-con-boxed e-con e-parent\" data-id=\"179f7cf\" data-element_type=\"container\" data-e-type=\"container\">\n\t\t\t\t\t<div class=\"e-con-inner\">\n\t\t\t\t<div class=\"elementor-element elementor-element-a5e0993 elementor-widget elementor-widget-heading\" data-id=\"a5e0993\" data-element_type=\"widget\" data-e-type=\"widget\" data-widget_type=\"heading.default\">\n\t\t\t\t\t<h1 class=\"elementor-heading-title elementor-size-default\">Corporate Spot<\/h1>\t\t\t\t<\/div>\n\t\t\t\t<div class=\"elementor-element elementor-element-cdf66f0 elementor-widget__width-initial link-decoration elementor-widget elementor-widget-text-editor\" data-id=\"cdf66f0\" data-element_type=\"widget\" data-e-type=\"widget\" data-widget_type=\"text-editor.default\">\n\t\t\t\t\t\t\t\t\t<p>Gro\u00dfe Unternehmen, die viele Dienstleistungen anbieten und Kunden in der ganzen Welt haben, sollten sich besonders um ihr Image k\u00fcmmern. Ein Unternehmensspot ist die beste M\u00f6glichkeit, sich aktuellen und zuk\u00fcnftigen Kunden multimedial vorzustellen. Er zeigt die wichtigsten Ereignisse in der Unternehmensgeschichte und die Art der Dienstleistungen in kurzer und interessanter Form. Ein solcher Firmenspot dient sowohl als Visitenkarte des Unternehmens als auch als hervorragende Erg\u00e4nzung zu Gesch\u00e4ftspr\u00e4sentationen. Der Corporate Spot bringt erfolgreich Farbe auf Messen oder Branchenveranstaltungen. Er wird sicherlich\u00a0<a href=\"https:\/\/old.simpleframe.pl\/posts\/film-korporacyjny-3\/\" rel=\"noopener\">wird ins Auge fallen<\/a>\u00a0G\u00e4ste bei solchen Veranstaltungen und wird in Erinnerung bleiben. Dazu ist es jedoch notwendig, dass man sich bei der Durchf\u00fchrung etwas M\u00fche gibt.<\/p>\t\t\t\t\t\t\t\t<\/div>\n\t\t\t\t<div class=\"elementor-element elementor-element-60fbad1 elementor-widget elementor-widget-video\" data-id=\"60fbad1\" data-element_type=\"widget\" data-e-type=\"widget\" data-settings=\"{&quot;video_type&quot;:&quot;vimeo&quot;}\" data-widget_type=\"video.default\">\n\t\t\t\t\t\t\t<div class=\"elementor-wrapper elementor-open-inline\">\n\t\t\t<iframe class=\"elementor-video-iframe\" allowfullscreen allow=\"clipboard-write\" title=\"vimeo Video Player\" src=\"https:\/\/player.vimeo.com\/video\/304353699?color&amp;autopause=0&amp;loop=0&amp;muted=0&amp;title=1&amp;portrait=1&amp;byline=1#t=\" data-no-translation-title=\"\"><\/iframe>\t\t<\/div>\n\t\t\t\t\t\t<\/div>\n\t\t\t\t<div class=\"elementor-element elementor-element-ae05902 elementor-widget__width-initial link-decoration p-reset elementor-widget elementor-widget-text-editor\" data-id=\"ae05902\" data-element_type=\"widget\" data-e-type=\"widget\" data-widget_type=\"text-editor.default\">\n\t\t\t\t\t\t\t\t\tWir von Simple Frame arbeiten seit Jahren f\u00fcr Unternehmen und Konzerne und erstellen f\u00fcr sie Animationen, Filme oder Werbespots. Die Art und Weise, wie wir arbeiten, ist in der Regel dieselbe, auch wenn die Projekte selbst v\u00f6llig unterschiedlich sind: Manche sind mehr, andere weniger anspruchsvoll. Manche Unternehmen setzen auf den traditionellen Film, andere auf die Animation. Auch der Stil und die Art der Projekte sind unterschiedlich. Bestimmte Elemente unserer Arbeit bleiben jedoch gleich. Zun\u00e4chst einmal lernen wir das Unternehmen und sein Angebot kennen. Dann arbeiten wir am Skript und entscheiden, welche Art von Techniken wir f\u00fcr die Erstellung des Werbespots verwenden werden. Dabei sind unserer Kreativit\u00e4t dank jahrelanger Arbeit in der Branche kaum Grenzen gesetzt. Au\u00dferdem ist das Team von Simple Frame sehr kreativ. Kombiniert mit dem besten Equipment entstehen so sehr interessante Arbeiten.\t\t\t\t\t\t\t\t<\/div>\n\t\t\t\t<div class=\"elementor-element elementor-element-5b0369d elementor-widget elementor-widget-video\" data-id=\"5b0369d\" data-element_type=\"widget\" data-e-type=\"widget\" data-settings=\"{&quot;video_type&quot;:&quot;vimeo&quot;}\" data-widget_type=\"video.default\">\n\t\t\t\t\t\t\t<div class=\"elementor-wrapper elementor-open-inline\">\n\t\t\t<iframe class=\"elementor-video-iframe\" allowfullscreen allow=\"clipboard-write\" title=\"vimeo Video Player\" src=\"https:\/\/player.vimeo.com\/video\/376832961?color&amp;autopause=0&amp;loop=0&amp;muted=0&amp;title=1&amp;portrait=1&amp;byline=1#t=\" data-no-translation-title=\"\"><\/iframe>\t\t<\/div>\n\t\t\t\t\t\t<\/div>\n\t\t\t\t<div class=\"elementor-element elementor-element-f126b8b elementor-widget__width-initial link-decoration p-reset elementor-widget elementor-widget-text-editor\" data-id=\"f126b8b\" data-element_type=\"widget\" data-e-type=\"widget\" data-widget_type=\"text-editor.default\">\n\t\t\t\t\t\t\t\t\tDer Unternehmensspot, den wir f\u00fcr PartnersPol erstellt haben, ist eine Mischung aus Film und moderner Animation. Da wir uns auf das Bild konzentrieren wollten, haben wir auf ein Voiceover verzichtet. Die Untertitel sind kurz, aber pr\u00e4zise und vermitteln dem Zuschauer die wichtigsten Informationen \u00fcber das Unternehmen. Der Spot ist sehr dynamisch, aber gleichzeitig auch voller Wendungen und Geheimnisse, was nat\u00fcrlich auch eine bewusste Entscheidung ist. Wir haben in jeder Phase der Entwicklung des Spots eng mit PartnersPol zusammengearbeitet. Kundenzufriedenheit ist f\u00fcr uns von gr\u00f6\u00dfter Bedeutung!\t\t\t\t\t\t\t\t<\/div>\n\t\t\t\t\t<\/div>\n\t\t\t\t<\/div>\n\t\t\t\t<\/div>","protected":false},"excerpt":{"rendered":"<p>Spot Korporacyjny Du\u017ce firmy, \u015bwiadcz\u0105ce wiele us\u0142ug i maj\u0105ce klient\u00f3w na ca\u0142ym \u015bwiecie powinny szczeg\u00f3lnie dba\u0107 o sw\u00f3j wizerunek. Spot korporacyjny to najlepszy spos\u00f3b na multimedialne przedstawienie si\u0119 obecnym i przysz\u0142ym klientom. W kr\u00f3tki i ciekawy spos\u00f3b pokazuje najwa\u017cniejsze wydarzenia z historii firmy i rodzaje us\u0142ug. Taki spot korporacyjny s\u0142u\u017cy zar\u00f3wno jako wizyt\u00f3wka korporacji ale [&hellip;]<\/p>\n","protected":false},"author":3,"featured_media":0,"parent":0,"menu_order":0,"comment_status":"closed","ping_status":"closed","template":"","meta":{"footnotes":""},"categories":[],"tags":[],"class_list":["post-12859","page","type-page","status-publish","hentry"],"_links":{"self":[{"href":"https:\/\/www.simpleframe.pl\/de\/wp-json\/wp\/v2\/pages\/12859","targetHints":{"allow":["GET"]}}],"collection":[{"href":"https:\/\/www.simpleframe.pl\/de\/wp-json\/wp\/v2\/pages"}],"about":[{"href":"https:\/\/www.simpleframe.pl\/de\/wp-json\/wp\/v2\/types\/page"}],"author":[{"embeddable":true,"href":"https:\/\/www.simpleframe.pl\/de\/wp-json\/wp\/v2\/users\/3"}],"replies":[{"embeddable":true,"href":"https:\/\/www.simpleframe.pl\/de\/wp-json\/wp\/v2\/comments?post=12859"}],"version-history":[{"count":5,"href":"https:\/\/www.simpleframe.pl\/de\/wp-json\/wp\/v2\/pages\/12859\/revisions"}],"predecessor-version":[{"id":12865,"href":"https:\/\/www.simpleframe.pl\/de\/wp-json\/wp\/v2\/pages\/12859\/revisions\/12865"}],"wp:attachment":[{"href":"https:\/\/www.simpleframe.pl\/de\/wp-json\/wp\/v2\/media?parent=12859"}],"wp:term":[{"taxonomy":"category","embeddable":true,"href":"https:\/\/www.simpleframe.pl\/de\/wp-json\/wp\/v2\/categories?post=12859"},{"taxonomy":"post_tag","embeddable":true,"href":"https:\/\/www.simpleframe.pl\/de\/wp-json\/wp\/v2\/tags?post=12859"}],"curies":[{"name":"wp","href":"https:\/\/api.w.org\/{rel}","templated":true}]}}