{"id":12835,"date":"2025-08-21T11:28:13","date_gmt":"2025-08-21T09:28:13","guid":{"rendered":"https:\/\/dev108.stwb.pl\/?page_id=12835"},"modified":"2025-08-21T11:29:45","modified_gmt":"2025-08-21T09:29:45","slug":"produktdarstellungen","status":"publish","type":"page","link":"https:\/\/www.simpleframe.pl\/de\/rendering-produktow\/","title":{"rendered":"Rendering von Produkten"},"content":{"rendered":"<div data-elementor-type=\"wp-page\" data-elementor-id=\"12835\" class=\"elementor elementor-12835\" data-elementor-post-type=\"page\">\n\t\t\t\t<div class=\"elementor-element elementor-element-5f844c8 page-video-bar e-flex e-con-boxed e-con e-parent\" data-id=\"5f844c8\" data-element_type=\"container\" data-e-type=\"container\" data-settings=\"{&quot;background_background&quot;:&quot;video&quot;,&quot;background_video_link&quot;:&quot;https:\\\/\\\/www.simpleframe.pl\\\/wp-content\\\/uploads\\\/2025\\\/09\\\/videopodstrony.mp4&quot;,&quot;background_play_on_mobile&quot;:&quot;yes&quot;}\">\n\t\t\t\t\t<div class=\"e-con-inner\">\n\t\t<div class=\"elementor-background-video-container\">\n\t\t\t\t\t\t\t<video class=\"elementor-background-video-hosted\" role=\"presentation\" autoplay muted playsinline loop><\/video>\n\t\t\t\t\t<\/div>\t\t\t<\/div>\n\t\t\t\t<\/div>\n\t\t<div class=\"elementor-element elementor-element-179f7cf e-flex e-con-boxed e-con e-parent\" data-id=\"179f7cf\" data-element_type=\"container\" data-e-type=\"container\">\n\t\t\t\t\t<div class=\"e-con-inner\">\n\t\t\t\t<div class=\"elementor-element elementor-element-a5e0993 elementor-widget elementor-widget-heading\" data-id=\"a5e0993\" data-element_type=\"widget\" data-e-type=\"widget\" data-widget_type=\"heading.default\">\n\t\t\t\t\t<h1 class=\"elementor-heading-title elementor-size-default\">Rendering von Produkten<\/h1>\t\t\t\t<\/div>\n\t\t\t\t<div class=\"elementor-element elementor-element-cdf66f0 elementor-widget__width-initial link-decoration elementor-widget elementor-widget-text-editor\" data-id=\"cdf66f0\" data-element_type=\"widget\" data-e-type=\"widget\" data-widget_type=\"text-editor.default\">\n\t\t\t\t\t\t\t\t\tWir sind st\u00e4ndig auf der Suche nach neuen und besseren L\u00f6sungen f\u00fcr uns und unsere Unternehmen. Auch in Film, Animation oder Fotografie. Eine innovative Technik, insbesondere f\u00fcr Werbung und Marketing, ist das Produktrendering. Um mehr und mehr Verk\u00e4ufe zu machen und\u00a0<a href=\"https:\/\/www.film-reklamowy.com.pl\/film-promocyjny\" rel=\"noopener\">F\u00f6rderung<\/a>\u00a0Produkte investieren erfolgreiche Unternehmen in Kataloge, Brosch\u00fcren oder Multimedia-Projekte, um ihre Produkte zu pr\u00e4sentieren. Sie wollen die Erwartungen der Kunden erf\u00fcllen, auch die der anspruchsvollsten. Sie wollen die Vorteile und die Qualit\u00e4t ihrer Angebote aufzeigen. Bis vor kurzem bestand die einzige M\u00f6glichkeit, einen Katalog oder eine Visualisierung zu erstellen, in einem ausf\u00fchrlichen Fotoshooting. Der Fortschritt und die Technologie haben jedoch andere Methoden und Wege aufgezeigt. Und zwar solche, die genauso effektiv, kreativ und viel billiger sind und weniger Aufwand erfordern.\t\t\t\t\t\t\t\t<\/div>\n\t\t\t\t<div class=\"elementor-element elementor-element-abb103a elementor-widget__width-initial link-decoration elementor-widget elementor-widget-text-editor\" data-id=\"abb103a\" data-element_type=\"widget\" data-e-type=\"widget\" data-widget_type=\"text-editor.default\">\n\t\t\t\t\t\t\t\t\tProduktrendering ist die Erstellung aus Dateien oder Fotos\u00a0<a href=\"https:\/\/www.animacje-komputerowe.com.pl\/\" rel=\"noopener\">erweiterte Bilder<\/a>. Bilder, die sehr detailliert und realistisch sind und den realen Produkten zum Verwechseln \u00e4hnlich sehen. Die Tatsache, dass das Produktbild von einem Grafikdesigner und nicht von einem Fotografen in einem Studio erstellt wird, spart Zeit und Geld. Die heutigen Techniken, Ausr\u00fcstungen und Ger\u00e4te erm\u00f6glichen es Grafikdesignern, selbst die komplexesten, kreativsten und interessantesten Bilder zu erstellen. Der gesamte Prozess einer solchen Visualisierung ist zeitaufw\u00e4ndig, aber die Ergebnisse sind erstaunlich!\t\t\t\t\t\t\t\t<\/div>\n\t\t\t\t<div class=\"elementor-element elementor-element-647cf07 elementor-widget__width-initial link-decoration elementor-widget elementor-widget-text-editor\" data-id=\"647cf07\" data-element_type=\"widget\" data-e-type=\"widget\" data-widget_type=\"text-editor.default\">\n\t\t\t\t\t\t\t\t\tIm Simple Frame Studio besch\u00e4ftigen wir uns mit Produktrenderings. Wir pr\u00e4sentieren selbst die komplexesten Bilder und Visualisierungen ganzer R\u00e4ume auf attraktive Weise. Das richtige Spiel der Schatten, die Art der Lichtbrechung, die Farben, die Textur, die allgemeine Atmosph\u00e4re - all das ber\u00fccksichtigen wir bei der Erstellung eines Bildes von Ihrem Produkt. Wir k\u00f6nnen Ihnen garantieren, dass nur ein erfahrener K\u00fcnstler oder Grafikdesigner den Unterschied zwischen unserem Rendering und einem herk\u00f6mmlichen hochwertigen Foto erkennen kann.\t\t\t\t\t\t\t\t<\/div>\n\t\t\t\t\t<\/div>\n\t\t\t\t<\/div>\n\t\t\t\t<\/div>","protected":false},"excerpt":{"rendered":"<p>Rendering produkt\u00f3w Nieustannie szukamy nowych, lepszych rozwi\u0105za\u0144 dla siebie i swoich firm. W filmie, animacji czy fotografii r\u00f3wnie\u017c. Jedn\u0105 z innowacyjnych technik, szczeg\u00f3lnie dla reklamy i marketingu jest rendering produkt\u00f3w. \u017beby sprzeda\u017c by\u0142a coraz wi\u0119ksza, a\u00a0promocja\u00a0produkt\u00f3w skuteczna firmy inwestuj\u0105 w katalogi, broszury czy projekty multimedialne przedstawiaj\u0105ce ich produkty. Chc\u0105 wyj\u015b\u0107 naprzeciw oczekiwaniom klient\u00f3w, nawet tym [&hellip;]<\/p>\n","protected":false},"author":3,"featured_media":0,"parent":0,"menu_order":0,"comment_status":"closed","ping_status":"closed","template":"","meta":{"footnotes":""},"categories":[],"tags":[],"class_list":["post-12835","page","type-page","status-publish","hentry"],"_links":{"self":[{"href":"https:\/\/www.simpleframe.pl\/de\/wp-json\/wp\/v2\/pages\/12835","targetHints":{"allow":["GET"]}}],"collection":[{"href":"https:\/\/www.simpleframe.pl\/de\/wp-json\/wp\/v2\/pages"}],"about":[{"href":"https:\/\/www.simpleframe.pl\/de\/wp-json\/wp\/v2\/types\/page"}],"author":[{"embeddable":true,"href":"https:\/\/www.simpleframe.pl\/de\/wp-json\/wp\/v2\/users\/3"}],"replies":[{"embeddable":true,"href":"https:\/\/www.simpleframe.pl\/de\/wp-json\/wp\/v2\/comments?post=12835"}],"version-history":[{"count":5,"href":"https:\/\/www.simpleframe.pl\/de\/wp-json\/wp\/v2\/pages\/12835\/revisions"}],"predecessor-version":[{"id":12840,"href":"https:\/\/www.simpleframe.pl\/de\/wp-json\/wp\/v2\/pages\/12835\/revisions\/12840"}],"wp:attachment":[{"href":"https:\/\/www.simpleframe.pl\/de\/wp-json\/wp\/v2\/media?parent=12835"}],"wp:term":[{"taxonomy":"category","embeddable":true,"href":"https:\/\/www.simpleframe.pl\/de\/wp-json\/wp\/v2\/categories?post=12835"},{"taxonomy":"post_tag","embeddable":true,"href":"https:\/\/www.simpleframe.pl\/de\/wp-json\/wp\/v2\/tags?post=12835"}],"curies":[{"name":"wp","href":"https:\/\/api.w.org\/{rel}","templated":true}]}}