{"id":12704,"date":"2025-08-20T16:56:37","date_gmt":"2025-08-20T14:56:37","guid":{"rendered":"https:\/\/dev108.stwb.pl\/?page_id=12704"},"modified":"2025-08-20T17:00:42","modified_gmt":"2025-08-20T15:00:42","slug":"3d-multimedia-prasentation","status":"publish","type":"page","link":"https:\/\/www.simpleframe.pl\/de\/prezentacja-multimedialna-3d\/","title":{"rendered":"Multimediale 3D-Pr\u00e4sentation"},"content":{"rendered":"<div data-elementor-type=\"wp-page\" data-elementor-id=\"12704\" class=\"elementor elementor-12704\" data-elementor-post-type=\"page\">\n\t\t\t\t<div class=\"elementor-element elementor-element-8234f59 page-video-bar e-flex e-con-boxed e-con e-parent\" data-id=\"8234f59\" data-element_type=\"container\" data-e-type=\"container\" data-settings=\"{&quot;background_background&quot;:&quot;video&quot;,&quot;background_video_link&quot;:&quot;https:\\\/\\\/old.simpleframe.pl\\\/wp-content\\\/uploads\\\/2023\\\/04\\\/Produkcja-animacji.mp4&quot;,&quot;background_play_on_mobile&quot;:&quot;yes&quot;}\">\n\t\t\t\t\t<div class=\"e-con-inner\">\n\t\t<div class=\"elementor-background-video-container\">\n\t\t\t\t\t\t\t<video class=\"elementor-background-video-hosted\" role=\"presentation\" autoplay muted playsinline loop><\/video>\n\t\t\t\t\t<\/div>\t\t\t<\/div>\n\t\t\t\t<\/div>\n\t\t<div class=\"elementor-element elementor-element-78da1b0 e-flex e-con-boxed e-con e-parent\" data-id=\"78da1b0\" data-element_type=\"container\" data-e-type=\"container\">\n\t\t\t\t\t<div class=\"e-con-inner\">\n\t\t\t\t<div class=\"elementor-element elementor-element-1b99294 elementor-widget elementor-widget-heading\" data-id=\"1b99294\" data-element_type=\"widget\" data-e-type=\"widget\" data-widget_type=\"heading.default\">\n\t\t\t\t\t<h1 class=\"elementor-heading-title elementor-size-default\">Multimedia-Pr\u00e4sentation - eine moderne Form der Kommunikation.<\/h1>\t\t\t\t<\/div>\n\t\t\t\t<div class=\"elementor-element elementor-element-fbb4f9d elementor-widget__width-initial link-decoration p-reset elementor-widget elementor-widget-text-editor\" data-id=\"fbb4f9d\" data-element_type=\"widget\" data-e-type=\"widget\" data-widget_type=\"text-editor.default\">\n\t\t\t\t\t\t\t\t\t<p><a href=\"https:\/\/prezentacje-multimedialne.com.pl\/\" rel=\"noopener\">Multimedia-Pr\u00e4sentation<\/a>\u00a03D ist der wichtigste Punkt eines Gesch\u00e4ftstreffens, einer Messe, einer Firmenveranstaltung oder einer Schulung. So wie die Pr\u00e4sentation in den Augen des Publikums aussieht, so wird es Sie und Ihr Unternehmen sp\u00e4ter wahrnehmen. Deshalb ist es sehr wichtig, dass die Multimedia-Pr\u00e4sentation professionell, modern und interessant f\u00fcr das Publikum ist.<\/p><p>Eine 3D-Multimediapr\u00e4sentation ist eine Investition, die sich mehr als einmal auszahlt und das Prestige eines Unternehmens steigern kann. Dank ihr k\u00f6nnen wir zeigen, wie man Produkte und Dienstleistungen richtig verwendet, wie die Produkte des Unternehmens hergestellt werden, welche Vorteile die Wahl dieser bestimmten Marke hat oder wof\u00fcr neue Produkte verwendet werden. Die Pr\u00e4sentation wird uns das Angebot, die Anweisungen und das Image des Unternehmens zeigen.<\/p><p>Wir k\u00f6nnen mit einer Pr\u00e4sentation alles zeigen. Aber man muss es so zeigen, dass man den Betrachter in diese Welt hineinzieht und ihn von dem Angebot \u00fcberzeugt, das man pr\u00e4sentiert, nicht nur mit Zusicherungen und Worten, sondern vor allem mit Bildern. Ein modernes, unbeschwertes und \u00fcbersichtliches Bild sagt mehr aus als die l\u00e4ngste Anleitung des Unternehmens, die f\u00fcr die Qualit\u00e4t der Marke b\u00fcrgt. Wie sie uns sehen, so schreiben sie uns. Ein Grundsatz, der so alt ist wie die Zeit selbst, aber immer noch hochaktuell und auch f\u00fcr multimediale Pr\u00e4sentationen gilt.<\/p>\t\t\t\t\t\t\t\t<\/div>\n\t\t\t\t<div class=\"elementor-element elementor-element-52bcdbc elementor-widget elementor-widget-video\" data-id=\"52bcdbc\" data-element_type=\"widget\" data-e-type=\"widget\" data-settings=\"{&quot;video_type&quot;:&quot;vimeo&quot;}\" data-widget_type=\"video.default\">\n\t\t\t\t\t\t\t<div class=\"elementor-wrapper elementor-open-inline\">\n\t\t\t<iframe class=\"elementor-video-iframe\" allowfullscreen allow=\"clipboard-write\" title=\"vimeo Videoplayer\" src=\"https:\/\/player.vimeo.com\/video\/364750803?color&amp;autopause=0&amp;loop=0&amp;muted=0&amp;title=1&amp;portrait=1&amp;byline=1&amp;h=870072126c#t=\"><\/iframe>\t\t<\/div>\n\t\t\t\t\t\t<\/div>\n\t\t\t\t<div class=\"elementor-element elementor-element-49daecb elementor-widget__width-initial link-decoration p-reset elementor-widget elementor-widget-text-editor\" data-id=\"49daecb\" data-element_type=\"widget\" data-e-type=\"widget\" data-widget_type=\"text-editor.default\">\n\t\t\t\t\t\t\t\t\t<p><a href=\"https:\/\/prezentacje-multimedialne.com.pl\/\" rel=\"noopener\">Multimedia-Pr\u00e4sentation<\/a>\u00a03D ist der wichtigste Punkt eines Gesch\u00e4ftstreffens, einer Messe, einer Firmenveranstaltung oder einer Schulung. So wie die Pr\u00e4sentation in den Augen des Publikums aussieht, so wird es Sie und Ihr Unternehmen sp\u00e4ter wahrnehmen. Deshalb ist es sehr wichtig, dass die Multimedia-Pr\u00e4sentation professionell, modern und interessant f\u00fcr das Publikum ist.<\/p><p>Eine 3D-Multimediapr\u00e4sentation ist eine Investition, die sich mehr als einmal auszahlt und das Prestige eines Unternehmens steigern kann. Dank ihr k\u00f6nnen wir zeigen, wie man Produkte und Dienstleistungen richtig verwendet, wie die Produkte des Unternehmens hergestellt werden, welche Vorteile die Wahl dieser bestimmten Marke hat oder wof\u00fcr neue Produkte verwendet werden. Die Pr\u00e4sentation wird uns das Angebot, die Anweisungen und das Image des Unternehmens zeigen.<\/p><p>Wir k\u00f6nnen mit einer Pr\u00e4sentation alles zeigen. Aber man muss es so zeigen, dass man den Betrachter in diese Welt hineinzieht und ihn von dem Angebot \u00fcberzeugt, das man pr\u00e4sentiert, nicht nur mit Zusicherungen und Worten, sondern vor allem mit Bildern. Ein modernes, unbeschwertes und \u00fcbersichtliches Bild sagt mehr aus als die l\u00e4ngste Anleitung des Unternehmens, die f\u00fcr die Qualit\u00e4t der Marke b\u00fcrgt. Wie sie uns sehen, so schreiben sie uns. Ein Grundsatz, der so alt ist wie die Zeit selbst, aber immer noch hochaktuell und auch f\u00fcr multimediale Pr\u00e4sentationen gilt.<\/p>\t\t\t\t\t\t\t\t<\/div>\n\t\t\t\t<div class=\"elementor-element elementor-element-bb6685d elementor-widget elementor-widget-video\" data-id=\"bb6685d\" data-element_type=\"widget\" data-e-type=\"widget\" data-settings=\"{&quot;video_type&quot;:&quot;vimeo&quot;}\" data-widget_type=\"video.default\">\n\t\t\t\t\t\t\t<div class=\"elementor-wrapper elementor-open-inline\">\n\t\t\t<iframe class=\"elementor-video-iframe\" allowfullscreen allow=\"clipboard-write\" title=\"vimeo Videoplayer\" src=\"https:\/\/player.vimeo.com\/video\/364750995?color&amp;autopause=0&amp;loop=0&amp;muted=0&amp;title=1&amp;portrait=1&amp;byline=1&amp;h=870072126c#t=\"><\/iframe>\t\t<\/div>\n\t\t\t\t\t\t<\/div>\n\t\t\t\t\t<\/div>\n\t\t\t\t<\/div>\n\t\t<div class=\"elementor-element elementor-element-6890f93 e-flex e-con-boxed e-con e-parent\" data-id=\"6890f93\" data-element_type=\"container\" data-e-type=\"container\">\n\t\t\t\t\t<div class=\"e-con-inner\">\n\t\t\t\t<div class=\"elementor-element elementor-element-5081396 elementor-widget elementor-widget-heading\" data-id=\"5081396\" data-element_type=\"widget\" data-e-type=\"widget\" data-widget_type=\"heading.default\">\n\t\t\t\t\t<h2 class=\"elementor-heading-title elementor-size-default\">Ein professionelles Studio ist die Grundlage f\u00fcr eine gute Pr\u00e4sentation.<\/h2>\t\t\t\t<\/div>\n\t\t\t\t<div class=\"elementor-element elementor-element-8a27b61 elementor-widget__width-initial link-decoration elementor-widget elementor-widget-text-editor\" data-id=\"8a27b61\" data-element_type=\"widget\" data-e-type=\"widget\" data-widget_type=\"text-editor.default\">\n\t\t\t\t\t\t\t\t\tDas Studio SimpleFrame gibt es seit \u00fcber 15 Jahren. In dieser Zeit ist es uns gelungen, den Markt und die Erwartungen der Kunden gr\u00fcndlich kennen zu lernen. Wir kennen die Trends in der Branche sehr gut, wir wissen, was in Mode war und was noch kommen wird. Die Kunden sind immer anspruchsvoller. Sie haben schon viel gesehen, deshalb wird es immer schwieriger, sie zu \u00fcberraschen und ihre Aufmerksamkeit zu behalten. In unserem Studio sind wir auf Menschen angewiesen. Selbst mit der besten Ausr\u00fcstung w\u00e4ren wir nicht lange an der Spitze der Branche, wenn es nicht die kreativen, herausforderungsfreudigen Menschen w\u00e4ren, die dieses Unternehmen ausmachen.\n\t\t\t\t\t\t\t\t<\/div>\n\t\t\t\t\t<\/div>\n\t\t\t\t<\/div>\n\t\t<div class=\"elementor-element elementor-element-9fb93be e-flex e-con-boxed e-con e-parent\" data-id=\"9fb93be\" data-element_type=\"container\" data-e-type=\"container\">\n\t\t\t\t\t<div class=\"e-con-inner\">\n\t\t\t\t<div class=\"elementor-element elementor-element-d10c221 elementor-widget elementor-widget-heading\" data-id=\"d10c221\" data-element_type=\"widget\" data-e-type=\"widget\" data-widget_type=\"heading.default\">\n\t\t\t\t\t<h2 class=\"elementor-heading-title elementor-size-default\">Kreativit\u00e4t ist der Schl\u00fcssel zum Erfolg.<\/h2>\t\t\t\t<\/div>\n\t\t\t\t<div class=\"elementor-element elementor-element-2da7cbe elementor-widget__width-initial link-decoration p-reset elementor-widget elementor-widget-text-editor\" data-id=\"2da7cbe\" data-element_type=\"widget\" data-e-type=\"widget\" data-widget_type=\"text-editor.default\">\n\t\t\t\t\t\t\t\t\t<p>Vor kurzem haben wir f\u00fcr Plastwil eine Multimedia-Pr\u00e4sentation erstellt, die sehr deutlich und konkret, ohne unn\u00f6tigen Text, zeigt, wie man die Schienen repariert. Wir haben uns auf einige wenige ged\u00e4mpfte, nicht aggressive Farben konzentriert, die nat\u00fcrlich nicht zuf\u00e4llig sind. Das war ein guter Schachzug.<\/p><p>Das macht die Produktpr\u00e4sentation sehr \u00fcbersichtlich, die Botschaft klar. Nur beim \u00d6ffnen und Schlie\u00dfen der Pr\u00e4sentation haben wir das Farbschema mit Rot durchbrochen, das belebt und gleichzeitig auch auf eine der mit Plastwil assoziierten Farben anspielt. Wir haben das Ganze versch\u00f6nert\u00a0<a href=\"https:\/\/www.simpleframe.pl\/de\/tonstudio\/\" rel=\"noopener\">melodische Linie<\/a>die in einem sehr gem\u00e4\u00dfigten, positiven Ton die Pr\u00e4sentation angenehm macht. Das Tempo ist nicht zu schnell, aber auch nicht zu langweilig. Er erg\u00e4nzt das Ganze perfekt.<\/p><p>Die flie\u00dfenden Effekte, \u00dcberg\u00e4nge und visuellen Elemente werden mit gr\u00f6\u00dfter Sorgfalt und Aufmerksamkeit produziert. Dadurch wird sichergestellt, dass das multimediale Bild sehr realit\u00e4tsgetreu ist und nicht grafisch \u00fcbertrieben wird, so dass sich der Zuschauer nicht betrogen f\u00fchlt.\u00a0<a href=\"https:\/\/prezentacje-multimedialne.com.pl\/\" rel=\"noopener\">PORTFOLIO<\/a><\/p>\t\t\t\t\t\t\t\t<\/div>\n\t\t\t\t\t<\/div>\n\t\t\t\t<\/div>\n\t\t\t\t<\/div>","protected":false},"excerpt":{"rendered":"<p>Prezentacja multimedialna \u2013 nowoczesny spos\u00f3b komunikacji. Prezentacja multimedialna\u00a03D to g\u0142\u00f3wny i najwa\u017cniejszy punkt spotkania biznesowego, targ\u00f3w, event\u00f3w firmowych, szkole\u0144. Tak jak wypadnie prezentacja w oczach widz\u00f3w, tak b\u0119d\u0105 p\u00f3\u017aniej postrzega\u0107 Ciebie i Twoj\u0105 firm\u0119, dlatego w\u0142a\u015bnie bardzo wa\u017cne jest \u017ceby prezentacja multimedialna by\u0142a profesjonalna, nowoczesna i ciekawa dla widz\u00f3w. Prezentacja multimedialna 3D to inwestycja, kt\u00f3ra [&hellip;]<\/p>\n","protected":false},"author":3,"featured_media":0,"parent":0,"menu_order":0,"comment_status":"closed","ping_status":"closed","template":"","meta":{"footnotes":""},"categories":[],"tags":[],"class_list":["post-12704","page","type-page","status-publish","hentry"],"_links":{"self":[{"href":"https:\/\/www.simpleframe.pl\/de\/wp-json\/wp\/v2\/pages\/12704","targetHints":{"allow":["GET"]}}],"collection":[{"href":"https:\/\/www.simpleframe.pl\/de\/wp-json\/wp\/v2\/pages"}],"about":[{"href":"https:\/\/www.simpleframe.pl\/de\/wp-json\/wp\/v2\/types\/page"}],"author":[{"embeddable":true,"href":"https:\/\/www.simpleframe.pl\/de\/wp-json\/wp\/v2\/users\/3"}],"replies":[{"embeddable":true,"href":"https:\/\/www.simpleframe.pl\/de\/wp-json\/wp\/v2\/comments?post=12704"}],"version-history":[{"count":8,"href":"https:\/\/www.simpleframe.pl\/de\/wp-json\/wp\/v2\/pages\/12704\/revisions"}],"predecessor-version":[{"id":12715,"href":"https:\/\/www.simpleframe.pl\/de\/wp-json\/wp\/v2\/pages\/12704\/revisions\/12715"}],"wp:attachment":[{"href":"https:\/\/www.simpleframe.pl\/de\/wp-json\/wp\/v2\/media?parent=12704"}],"wp:term":[{"taxonomy":"category","embeddable":true,"href":"https:\/\/www.simpleframe.pl\/de\/wp-json\/wp\/v2\/categories?post=12704"},{"taxonomy":"post_tag","embeddable":true,"href":"https:\/\/www.simpleframe.pl\/de\/wp-json\/wp\/v2\/tags?post=12704"}],"curies":[{"name":"wp","href":"https:\/\/api.w.org\/{rel}","templated":true}]}}