{"id":12675,"date":"2025-08-20T16:23:57","date_gmt":"2025-08-20T14:23:57","guid":{"rendered":"https:\/\/dev108.stwb.pl\/?page_id=12675"},"modified":"2025-08-20T16:35:32","modified_gmt":"2025-08-20T14:35:32","slug":"animierte-prasentation","status":"publish","type":"page","link":"https:\/\/www.simpleframe.pl\/de\/prezentacja-animowana\/","title":{"rendered":"Animierte Pr\u00e4sentation"},"content":{"rendered":"<div data-elementor-type=\"wp-page\" data-elementor-id=\"12675\" class=\"elementor elementor-12675\" data-elementor-post-type=\"page\">\n\t\t\t\t<div class=\"elementor-element elementor-element-8234f59 page-video-bar e-flex e-con-boxed e-con e-parent\" data-id=\"8234f59\" data-element_type=\"container\" data-e-type=\"container\" data-settings=\"{&quot;background_background&quot;:&quot;video&quot;,&quot;background_video_link&quot;:&quot;https:\\\/\\\/old.simpleframe.pl\\\/wp-content\\\/uploads\\\/2023\\\/04\\\/Produkcja-animacji.mp4&quot;,&quot;background_play_on_mobile&quot;:&quot;yes&quot;}\">\n\t\t\t\t\t<div class=\"e-con-inner\">\n\t\t<div class=\"elementor-background-video-container\">\n\t\t\t\t\t\t\t<video class=\"elementor-background-video-hosted\" role=\"presentation\" autoplay muted playsinline loop><\/video>\n\t\t\t\t\t<\/div>\t\t\t<\/div>\n\t\t\t\t<\/div>\n\t\t<div class=\"elementor-element elementor-element-78da1b0 e-flex e-con-boxed e-con e-parent\" data-id=\"78da1b0\" data-element_type=\"container\" data-e-type=\"container\">\n\t\t\t\t\t<div class=\"e-con-inner\">\n\t\t\t\t<div class=\"elementor-element elementor-element-1b99294 elementor-widget elementor-widget-heading\" data-id=\"1b99294\" data-element_type=\"widget\" data-e-type=\"widget\" data-widget_type=\"heading.default\">\n\t\t\t\t\t<h1 class=\"elementor-heading-title elementor-size-default\">Einfache animierte Frame-Pr\u00e4sentation<\/h1>\t\t\t\t<\/div>\n\t\t\t\t<div class=\"elementor-element elementor-element-fbb4f9d elementor-widget__width-initial link-decoration elementor-widget elementor-widget-text-editor\" data-id=\"fbb4f9d\" data-element_type=\"widget\" data-e-type=\"widget\" data-widget_type=\"text-editor.default\">\n\t\t\t\t\t\t\t\t\tDie Welt der Animation kennt keine Grenzen oder Muster. Die animierte Pr\u00e4sentation zeigt und erkl\u00e4rt alles, das ist ihr gr\u00f6\u00dfter Vorteil. Dar\u00fcber hinaus ist sie sehr angenehm f\u00fcr das Auge und attraktiv. Heute gibt es verschiedene Arten von Animationen.\t\t\t\t\t\t\t\t<\/div>\n\t\t\t\t<div class=\"elementor-element elementor-element-2280295 elementor-widget__width-initial link-decoration p-reset elementor-widget elementor-widget-text-editor\" data-id=\"2280295\" data-element_type=\"widget\" data-e-type=\"widget\" data-widget_type=\"text-editor.default\">\n\t\t\t\t\t\t\t\t\t<p>Indem sie das Bild auf eine etwas andere Art und Weise zeigen, sind sie gleicherma\u00dfen attraktiv und haben gro\u00dfes Potenzial und M\u00f6glichkeiten<a href=\"https:\/\/marketingvideo.com.pl\/animacje-komputerowe\/\" rel=\"noopener\">\u00a0alles zeigen<\/a>.<\/p><p>Bisher wurden Animationen vor allem mit fr\u00f6hlichen M\u00e4rchen in Verbindung gebracht. Dank dieser Assoziation wird heute sogar eine technische Animation, die die Funktionsweise einer Maschine oder eines Ofens zeigt, angenehm und interessant aufgenommen.<\/p><div><p>Zunehmend erstellen wir f\u00fcr unsere Kunden Projekte nur mit Elementen oder vollst\u00e4ndig animiert. Das macht eine animierte Pr\u00e4sentation zu einem gro\u00dfartigen Beispiel daf\u00fcr, dass diese Technik \u00fcberall funktionieren kann.<\/p><\/div>\t\t\t\t\t\t\t\t<\/div>\n\t\t\t\t<div class=\"elementor-element elementor-element-3d81fdb elementor-widget elementor-widget-video\" data-id=\"3d81fdb\" data-element_type=\"widget\" data-e-type=\"widget\" data-settings=\"{&quot;video_type&quot;:&quot;vimeo&quot;}\" data-widget_type=\"video.default\">\n\t\t\t\t\t\t\t<div class=\"elementor-wrapper elementor-open-inline\">\n\t\t\t<iframe class=\"elementor-video-iframe\" allowfullscreen allow=\"clipboard-write\" title=\"vimeo Videoplayer\" src=\"https:\/\/player.vimeo.com\/video\/250253282?color&amp;autopause=0&amp;loop=0&amp;muted=0&amp;title=1&amp;portrait=1&amp;byline=1&amp;h=870072126c#t=\"><\/iframe>\t\t<\/div>\n\t\t\t\t\t\t<\/div>\n\t\t\t\t<div class=\"elementor-element elementor-element-db393ae elementor-widget__width-initial link-decoration elementor-widget elementor-widget-text-editor\" data-id=\"db393ae\" data-element_type=\"widget\" data-e-type=\"widget\" data-widget_type=\"text-editor.default\">\n\t\t\t\t\t\t\t\t\t<div>Simple Frame ist ein sehr erfahrenes Film-, Animations- und Pr\u00e4sentationsstudio. Niemand wie wir kennt das Potenzial der Animation und wei\u00df, wie sie sich im Laufe der Jahre ver\u00e4ndert hat und wie vielf\u00e4ltig sie eingesetzt werden kann. Wenn wir unser Wissen, unsere k\u00fcnstlerischen F\u00e4higkeiten und die beste Ausr\u00fcstung hinzuf\u00fcgen, k\u00f6nnen wir mit Zuversicht sagen, dass unser Animationsstudio<a href=\"https:\/\/www.simpleframe.pl\/de\/pl\/animacja3d\/\" rel=\"noopener\">\u00a0einer der besten<\/a>.<\/div>\n<div>Wenn wir ein Projekt erstellen, schreiben wir zun\u00e4chst ein detailliertes Drehbuch. Zun\u00e4chst w\u00e4hlen wir die Techniken und Effekte aus, die wir bei der Umsetzung verwenden werden, und beginnen mit der Arbeit. Die animierte Pr\u00e4sentation sollte modern sein.<\/div>\t\t\t\t\t\t\t\t<\/div>\n\t\t\t\t<div class=\"elementor-element elementor-element-da8cfb7 elementor-widget elementor-widget-video\" data-id=\"da8cfb7\" data-element_type=\"widget\" data-e-type=\"widget\" data-settings=\"{&quot;video_type&quot;:&quot;vimeo&quot;}\" data-widget_type=\"video.default\">\n\t\t\t\t\t\t\t<div class=\"elementor-wrapper elementor-open-inline\">\n\t\t\t<iframe class=\"elementor-video-iframe\" allowfullscreen allow=\"clipboard-write\" title=\"vimeo Videoplayer\" src=\"https:\/\/player.vimeo.com\/video\/403637596?color&amp;autopause=0&amp;loop=0&amp;muted=0&amp;title=1&amp;portrait=1&amp;byline=1&amp;h=870072126c#t=\"><\/iframe>\t\t<\/div>\n\t\t\t\t\t\t<\/div>\n\t\t\t\t<div class=\"elementor-element elementor-element-1dcced4 elementor-widget__width-initial link-decoration elementor-widget elementor-widget-text-editor\" data-id=\"1dcced4\" data-element_type=\"widget\" data-e-type=\"widget\" data-widget_type=\"text-editor.default\">\n\t\t\t\t\t\t\t\t\tWir k\u00f6nnen viele Effekte einsetzen, passende Musik, Untertitel oder Voiceover hinzuf\u00fcgen. Wir betrachten das Projekt immer als ein koh\u00e4rentes Ganzes. Wir vermitteln genau das, was der Kunde zeigen m\u00f6chte. Wir stehen mit dem Kunden in jeder Phase der Erstellung der Pr\u00e4sentation in Kontakt. Wir beraten und schlagen immer die besten L\u00f6sungen vor.\nDank unserer langj\u00e4hrigen Erfahrung k\u00f6nnen wir uns auch an die schwierigsten Projekte heranwagen. Mit Animation und unseren F\u00e4higkeiten werden wir alles vermitteln.\nEine solche animierte Pr\u00e4sentation kann sowohl als Erg\u00e4nzung zu einem E-Mail-Gesch\u00e4ftsangebot, als Unterst\u00fctzung bei einem Gesch\u00e4ftsgespr\u00e4ch, als Zusammenfassung bei einer Firmengala oder einfach als Produktwerbung eingesetzt werden.  Wir laden Sie ein, einen Blick auf unsere bisherigen Leistungen und unser komplettes Angebot zu werfen.\t\t\t\t\t\t\t\t<\/div>\n\t\t\t\t<div class=\"elementor-element elementor-element-a9dfc8b elementor-widget elementor-widget-video\" data-id=\"a9dfc8b\" data-element_type=\"widget\" data-e-type=\"widget\" data-settings=\"{&quot;video_type&quot;:&quot;vimeo&quot;}\" data-widget_type=\"video.default\">\n\t\t\t\t\t\t\t<div class=\"elementor-wrapper elementor-open-inline\">\n\t\t\t<iframe class=\"elementor-video-iframe\" allowfullscreen allow=\"clipboard-write\" title=\"vimeo Videoplayer\" src=\"https:\/\/player.vimeo.com\/video\/150752863?color&amp;autopause=0&amp;loop=0&amp;muted=0&amp;title=1&amp;portrait=1&amp;byline=1&amp;h=870072126c#t=\"><\/iframe>\t\t<\/div>\n\t\t\t\t\t\t<\/div>\n\t\t\t\t\t<\/div>\n\t\t\t\t<\/div>\n\t\t\t\t<\/div>","protected":false},"excerpt":{"rendered":"<p>Prezentacja animowana Simple Frame \u015awiat animacji nie zna granic i schemat\u00f3w. Prezentacja animowana pokazuje i t\u0142umaczy wszystko, co jest jej najwi\u0119ksz\u0105 zalet\u0105. Opr\u00f3cz tego jest bardzo przyjemna dla oka i atrakcyjna. Obecnie istniej\u0105 r\u00f3\u017cne rodzaje animacji. Przez to, \u017ce pokazuj\u0105 obraz w nieco inny spos\u00f3b s\u0105 r\u00f3wnie atrakcyjne, maj\u0105 ogromny potencja\u0142 i mo\u017cliwo\u015bci\u00a0pokazania wszystkiego. Dotychczas [&hellip;]<\/p>\n","protected":false},"author":3,"featured_media":0,"parent":0,"menu_order":0,"comment_status":"closed","ping_status":"closed","template":"","meta":{"footnotes":""},"categories":[],"tags":[],"class_list":["post-12675","page","type-page","status-publish","hentry"],"_links":{"self":[{"href":"https:\/\/www.simpleframe.pl\/de\/wp-json\/wp\/v2\/pages\/12675","targetHints":{"allow":["GET"]}}],"collection":[{"href":"https:\/\/www.simpleframe.pl\/de\/wp-json\/wp\/v2\/pages"}],"about":[{"href":"https:\/\/www.simpleframe.pl\/de\/wp-json\/wp\/v2\/types\/page"}],"author":[{"embeddable":true,"href":"https:\/\/www.simpleframe.pl\/de\/wp-json\/wp\/v2\/users\/3"}],"replies":[{"embeddable":true,"href":"https:\/\/www.simpleframe.pl\/de\/wp-json\/wp\/v2\/comments?post=12675"}],"version-history":[{"count":5,"href":"https:\/\/www.simpleframe.pl\/de\/wp-json\/wp\/v2\/pages\/12675\/revisions"}],"predecessor-version":[{"id":12682,"href":"https:\/\/www.simpleframe.pl\/de\/wp-json\/wp\/v2\/pages\/12675\/revisions\/12682"}],"wp:attachment":[{"href":"https:\/\/www.simpleframe.pl\/de\/wp-json\/wp\/v2\/media?parent=12675"}],"wp:term":[{"taxonomy":"category","embeddable":true,"href":"https:\/\/www.simpleframe.pl\/de\/wp-json\/wp\/v2\/categories?post=12675"},{"taxonomy":"post_tag","embeddable":true,"href":"https:\/\/www.simpleframe.pl\/de\/wp-json\/wp\/v2\/tags?post=12675"}],"curies":[{"name":"wp","href":"https:\/\/api.w.org\/{rel}","templated":true}]}}