{"id":12593,"date":"2025-08-20T14:16:15","date_gmt":"2025-08-20T12:16:15","guid":{"rendered":"https:\/\/dev108.stwb.pl\/?page_id=12593"},"modified":"2025-08-20T14:17:43","modified_gmt":"2025-08-20T12:17:43","slug":"fotografie","status":"publish","type":"page","link":"https:\/\/www.simpleframe.pl\/de\/fotografia\/","title":{"rendered":"Fotografie"},"content":{"rendered":"<div data-elementor-type=\"wp-page\" data-elementor-id=\"12593\" class=\"elementor elementor-12593\" data-elementor-post-type=\"page\">\n\t\t\t\t<div class=\"elementor-element elementor-element-9cea6a2 page-video-bar e-flex e-con-boxed e-con e-parent\" data-id=\"9cea6a2\" data-element_type=\"container\" data-e-type=\"container\" data-settings=\"{&quot;background_background&quot;:&quot;video&quot;,&quot;background_video_link&quot;:&quot;https:\\\/\\\/www.simpleframe.pl\\\/wp-content\\\/uploads\\\/2025\\\/09\\\/videopodstrony.mp4&quot;,&quot;background_play_on_mobile&quot;:&quot;yes&quot;}\">\n\t\t\t\t\t<div class=\"e-con-inner\">\n\t\t<div class=\"elementor-background-video-container\">\n\t\t\t\t\t\t\t<video class=\"elementor-background-video-hosted\" role=\"presentation\" autoplay muted playsinline loop><\/video>\n\t\t\t\t\t<\/div>\t\t\t<\/div>\n\t\t\t\t<\/div>\n\t\t<div class=\"elementor-element elementor-element-0ffe0d0 e-flex e-con-boxed e-con e-parent\" data-id=\"0ffe0d0\" data-element_type=\"container\" data-e-type=\"container\">\n\t\t\t\t\t<div class=\"e-con-inner\">\n\t\t\t\t<div class=\"elementor-element elementor-element-44a291e elementor-widget elementor-widget-heading\" data-id=\"44a291e\" data-element_type=\"widget\" data-e-type=\"widget\" data-widget_type=\"heading.default\">\n\t\t\t\t\t<h1 class=\"elementor-heading-title elementor-size-default\">Fotografie - Simple Frame Sitzungen<\/h1>\t\t\t\t<\/div>\n\t\t\t\t<div class=\"elementor-element elementor-element-f220a39 elementor-widget__width-initial link-decoration p-reset elementor-widget elementor-widget-text-editor\" data-id=\"f220a39\" data-element_type=\"widget\" data-e-type=\"widget\" data-widget_type=\"text-editor.default\">\n\t\t\t\t\t\t\t\t\t<p>Simple Frame besteht aus einem Team von kreativen Produzenten mit Leidenschaft, die bereit sind, das Fotoshooting Ihrer Wahl zu organisieren und durchzuf\u00fchren. Fotografie ist unsere Leidenschaft! Wir behandeln jedes Projekt individuell, daher ist die erste Phase der Planung der Arbeit von A bis Z immer die wichtigste. Gemeinsam mit dem Kunden analysieren wir die Bed\u00fcrfnisse, die m\u00f6glichen L\u00f6sungen und die erwarteten Effekte. Langj\u00e4hrige Erfahrung in der Organisation von Produktionen, professionelles Foto- und Lichtequipment und modernste Postproduktionstechniken garantieren h\u00f6chste Qualit\u00e4t und beste Wirkung. Die Postproduktion erfolgt durch ein Team von Spezialisten in unserem\u00a0<a href=\"https:\/\/www.simpleframe.pl\/de\/tonstudio\/\" rel=\"noopener\">Studio<\/a>\u00a0Einfacher Rahmen.<\/p><p>Was unsere Fotoshootings auszeichnet<\/p><p>Wir bieten Dienstleistungen in jeder Phase Ihres Fotoshootings. Wir geben Ihren Ideen Gestalt, organisieren das Fotostudio und die notwendige Foto- und Lichttechnik. Wir arbeiten mit den besten Fotografen, Visagisten, Stylisten und Postproduktionsspezialisten zusammen, dank derer wir umfassend und effizient arbeiten. Um sicherzustellen, dass die Fotos professionell sind und den Anforderungen der anspruchsvollsten Kunden entsprechen, k\u00fcmmern wir uns immer um jedes Detail der Fotosession. Wir sorgen f\u00fcr die passende Kulisse und Extras. Unsere Fotografie ist immer auf h\u00f6chstem Niveau. Wir f\u00fchren sie korrekt aus, aber wenn Sie wollen, f\u00fcgen wir einen Hauch von Verr\u00fccktheit hinzu. Die Kunst hat schlie\u00dflich nicht nur ein Gesicht!<\/p><p>Wir setzen auf Kreativit\u00e4t und Unkonventionalit\u00e4t und gew\u00e4hrleisten gleichzeitig die h\u00f6chste Qualit\u00e4t der von uns erstellten Bilder. Durch unsere langj\u00e4hrige T\u00e4tigkeit in der Branche haben wir wertvolle Erfahrungen und F\u00e4higkeiten gesammelt, die sich in zufriedenen Kunden niederschlagen. Gerne realisieren wir auch Ihre\u00a0<a href=\"https:\/\/prezentacje-multimedialne.com.pl\/\" target=\"&quot;\" rel=\"noopener\">Projekte<\/a>! Teilen Sie uns Ihre Idee mit und wir k\u00fcmmern uns um den Rest! Was, wenn Sie keine Idee f\u00fcr ein passendes Fotoshooting f\u00fcr Ihr Unternehmen oder ein bestimmtes Projekt haben? Kein Problem! Wir k\u00fcmmern uns auch darum.<\/p>\t\t\t\t\t\t\t\t<\/div>\n\t\t\t\t\t<\/div>\n\t\t\t\t<\/div>\n\t\t\t\t<\/div>","protected":false},"excerpt":{"rendered":"<p>Fotografia \u2013 sesje w Simple Frame Simple Frame tworzy zesp\u00f3\u0142 kreatywnych producent\u00f3w z pasj\u0105, gotowych do zorganizowania i zrealizowania wybranej przez Ciebie sesji fotograficznej. Fotografia to nasza pasja! Ka\u017cdy projekt traktujemy indywidualnie, dlatego zawsze najwa\u017cniejszy jest pocz\u0105tkowy etap zaplanowania pracy od A do Z. Wraz z Klientem analizujemy potrzeby, mo\u017cliwe rozwi\u0105zania oraz oczekiwane efekty. Wieloletnie [&hellip;]<\/p>\n","protected":false},"author":3,"featured_media":0,"parent":0,"menu_order":0,"comment_status":"closed","ping_status":"closed","template":"","meta":{"footnotes":""},"categories":[],"tags":[],"class_list":["post-12593","page","type-page","status-publish","hentry"],"_links":{"self":[{"href":"https:\/\/www.simpleframe.pl\/de\/wp-json\/wp\/v2\/pages\/12593","targetHints":{"allow":["GET"]}}],"collection":[{"href":"https:\/\/www.simpleframe.pl\/de\/wp-json\/wp\/v2\/pages"}],"about":[{"href":"https:\/\/www.simpleframe.pl\/de\/wp-json\/wp\/v2\/types\/page"}],"author":[{"embeddable":true,"href":"https:\/\/www.simpleframe.pl\/de\/wp-json\/wp\/v2\/users\/3"}],"replies":[{"embeddable":true,"href":"https:\/\/www.simpleframe.pl\/de\/wp-json\/wp\/v2\/comments?post=12593"}],"version-history":[{"count":8,"href":"https:\/\/www.simpleframe.pl\/de\/wp-json\/wp\/v2\/pages\/12593\/revisions"}],"predecessor-version":[{"id":12601,"href":"https:\/\/www.simpleframe.pl\/de\/wp-json\/wp\/v2\/pages\/12593\/revisions\/12601"}],"wp:attachment":[{"href":"https:\/\/www.simpleframe.pl\/de\/wp-json\/wp\/v2\/media?parent=12593"}],"wp:term":[{"taxonomy":"category","embeddable":true,"href":"https:\/\/www.simpleframe.pl\/de\/wp-json\/wp\/v2\/categories?post=12593"},{"taxonomy":"post_tag","embeddable":true,"href":"https:\/\/www.simpleframe.pl\/de\/wp-json\/wp\/v2\/tags?post=12593"}],"curies":[{"name":"wp","href":"https:\/\/api.w.org\/{rel}","templated":true}]}}