{"id":12548,"date":"2025-08-20T12:34:05","date_gmt":"2025-08-20T10:34:05","guid":{"rendered":"https:\/\/dev108.stwb.pl\/?page_id=12548"},"modified":"2025-08-20T12:36:54","modified_gmt":"2025-08-20T10:36:54","slug":"video-auf-instagram-2","status":"publish","type":"page","link":"https:\/\/www.simpleframe.pl\/de\/filmik-na-instagram\/","title":{"rendered":"Video auf Instagram"},"content":{"rendered":"<div data-elementor-type=\"wp-page\" data-elementor-id=\"12548\" class=\"elementor elementor-12548\" data-elementor-post-type=\"page\">\n\t\t\t\t<div class=\"elementor-element elementor-element-9931dc4 page-video-bar e-flex e-con-boxed e-con e-parent\" data-id=\"9931dc4\" data-element_type=\"container\" data-e-type=\"container\" data-settings=\"{&quot;background_background&quot;:&quot;video&quot;,&quot;background_video_link&quot;:&quot;https:\\\/\\\/www.simpleframe.pl\\\/wp-content\\\/uploads\\\/2025\\\/09\\\/videopodstrony.mp4&quot;,&quot;background_play_on_mobile&quot;:&quot;yes&quot;}\">\n\t\t\t\t\t<div class=\"e-con-inner\">\n\t\t<div class=\"elementor-background-video-container\">\n\t\t\t\t\t\t\t<video class=\"elementor-background-video-hosted\" role=\"presentation\" autoplay muted playsinline loop><\/video>\n\t\t\t\t\t<\/div>\t\t\t<\/div>\n\t\t\t\t<\/div>\n\t\t<div class=\"elementor-element elementor-element-2cf52c9 e-flex e-con-boxed e-con e-parent\" data-id=\"2cf52c9\" data-element_type=\"container\" data-e-type=\"container\">\n\t\t\t\t\t<div class=\"e-con-inner\">\n\t\t\t\t<div class=\"elementor-element elementor-element-0fb2e12 elementor-widget elementor-widget-heading\" data-id=\"0fb2e12\" data-element_type=\"widget\" data-e-type=\"widget\" data-widget_type=\"heading.default\">\n\t\t\t\t\t<h1 class=\"elementor-heading-title elementor-size-default\">Das Internet klug nutzen - Video auf Instagram<\/h1>\t\t\t\t<\/div>\n\t\t\t\t<div class=\"elementor-element elementor-element-b3706a7 elementor-widget__width-initial link-decoration p-reset elementor-widget elementor-widget-text-editor\" data-id=\"b3706a7\" data-element_type=\"widget\" data-e-type=\"widget\" data-widget_type=\"text-editor.default\">\n\t\t\t\t\t\t\t\t\tInstagram macht mit seiner Reichweite und Popularit\u00e4t Facebook Konkurrenz. Die beiden Anwendungen funktionieren jedoch auf einer etwas anderen Grundlage, weshalb es sinnvoll ist, Ihr Publikum parallel auf beiden sozialen Medien zu pr\u00e4sentieren. Im Gegensatz zu Facebook ist die Funktionsweise von Instagram ausschlie\u00dflich auf Fotos und Videos ausgerichtet. Es ist eine v\u00f6llig andere Art der Kommunikation als bei FB. Alle wichtigen Informationen, die Vorteile des Unternehmens oder des Angebots m\u00fcssen in einem multimedialen Projekt enthalten sein. Ein Video auf Instagram ist der beste Weg, um\u00a0<a href=\"https:\/\/marketingvideo.com.pl\/film-promocyjny\/\" rel=\"noopener\">Achtung<\/a>\u00a0die Zielgruppe und wecken ihr Interesse an Ihrem Profil und damit an Ihnen und Ihrem Angebot. Dies ist der wichtigste Schritt auf dem Weg zum neuen Kunden. So wird das Video zum Markenerfolg.\t\t\t\t\t\t\t\t<\/div>\n\t\t\t\t<div class=\"elementor-element elementor-element-749230d elementor-widget elementor-widget-video\" data-id=\"749230d\" data-element_type=\"widget\" data-e-type=\"widget\" data-settings=\"{&quot;video_type&quot;:&quot;vimeo&quot;}\" data-widget_type=\"video.default\">\n\t\t\t\t\t\t\t<div class=\"elementor-wrapper elementor-open-inline\">\n\t\t\t<iframe class=\"elementor-video-iframe\" allowfullscreen allow=\"clipboard-write\" title=\"vimeo Video Player\" src=\"https:\/\/player.vimeo.com\/video\/411557329?color&amp;autopause=0&amp;loop=0&amp;muted=0&amp;title=1&amp;portrait=1&amp;byline=1#t=\" data-no-translation-title=\"\"><\/iframe>\t\t<\/div>\n\t\t\t\t\t\t<\/div>\n\t\t\t\t\t<\/div>\n\t\t\t\t<\/div>\n\t\t<div class=\"elementor-element elementor-element-eab1816 e-flex e-con-boxed e-con e-parent\" data-id=\"eab1816\" data-element_type=\"container\" data-e-type=\"container\">\n\t\t\t\t\t<div class=\"e-con-inner\">\n\t\t\t\t<div class=\"elementor-element elementor-element-00e5c36 elementor-widget__width-initial elementor-widget elementor-widget-heading\" data-id=\"00e5c36\" data-element_type=\"widget\" data-e-type=\"widget\" data-widget_type=\"heading.default\">\n\t\t\t\t\t<h2 class=\"elementor-heading-title elementor-size-default\">Kreatives Studio und interessante Idee<\/h2>\t\t\t\t<\/div>\n\t\t\t\t<div class=\"elementor-element elementor-element-4c70e91 elementor-widget__width-initial link-decoration elementor-widget elementor-widget-text-editor\" data-id=\"4c70e91\" data-element_type=\"widget\" data-e-type=\"widget\" data-widget_type=\"text-editor.default\">\n\t\t\t\t\t\t\t\t\tDer moderne Instagram-Nutzer hat schon fast alles gesehen. Die Inhalte, die ihn tagt\u00e4glich auf seinen sozialen Medien und Apps umgeben, sind nicht mehr so beeindruckend, wie sie es einmal waren. Mit der Zeit werden wir immun gegen sich st\u00e4ndig wiederholende Reize, Effekte und machen keinen solchen Eindruck mehr. Um also zu \u00fcberraschen und Interesse zu wecken, m\u00fcssen Sie \u00fcber den Tellerrand hinausschauen und den Nutzern etwas bieten, was sie noch nicht gesehen haben. Dann werden Sie mit Sicherheit ihre Aufmerksamkeit gewinnen.\t\t\t\t\t\t\t\t<\/div>\n\t\t\t\t\t<\/div>\n\t\t\t\t<\/div>\n\t\t<div class=\"elementor-element elementor-element-390f5e5 e-flex e-con-boxed e-con e-parent\" data-id=\"390f5e5\" data-element_type=\"container\" data-e-type=\"container\">\n\t\t\t\t\t<div class=\"e-con-inner\">\n\t\t\t\t<div class=\"elementor-element elementor-element-072befb elementor-widget__width-initial elementor-widget elementor-widget-heading\" data-id=\"072befb\" data-element_type=\"widget\" data-e-type=\"widget\" data-widget_type=\"heading.default\">\n\t\t\t\t\t<h2 class=\"elementor-heading-title elementor-size-default\">Das Video auf Instagram muss genau richtig sein!<\/h2>\t\t\t\t<\/div>\n\t\t\t\t<div class=\"elementor-element elementor-element-a8f451f elementor-widget__width-initial link-decoration elementor-widget elementor-widget-text-editor\" data-id=\"a8f451f\" data-element_type=\"widget\" data-e-type=\"widget\" data-widget_type=\"text-editor.default\">\n\t\t\t\t\t\t\t\t\tDas Studio Simple Frame widmet sich der Erstellung von Videos f\u00fcr Unternehmen und Videos f\u00fcr soziale Netzwerke. Instagram ist ein ziemlich anspruchsvolles Medium. Dank unserer langj\u00e4hrigen Erfahrung sind wir jedoch in der Lage, sehr genau und pr\u00e4zise ein Video auf Instagram zu erstellen, das die Sympathie des Publikums gewinnt und sehr effektiv ist. Geniales Drehbuch,\u00a0<a href=\"https:\/\/www.simpleframe.pl\/de\/animacja-trojwymiarowa\/\" rel=\"noopener\">richtige Technik<\/a>\u00a0und die beste Ausr\u00fcstung machen f\u00fcr uns nichts unm\u00f6glich. Vor allem aber ist es unsere Leidenschaft, die wir gerne weiterentwickeln und vertiefen m\u00f6chten. Deshalb \u00fcbernehmen wir auch gerne die Aufgabe, schwierige Filme f\u00fcr andere zu erstellen.  Wir freuen uns auf die Zusammenarbeit mit Ihnen. Wir werden Sie und Ihre Kunden gerne \u00fcberraschen!\t\t\t\t\t\t\t\t<\/div>\n\t\t\t\t<div class=\"elementor-element elementor-element-92bcafe elementor-widget elementor-widget-video\" data-id=\"92bcafe\" data-element_type=\"widget\" data-e-type=\"widget\" data-settings=\"{&quot;video_type&quot;:&quot;vimeo&quot;}\" data-widget_type=\"video.default\">\n\t\t\t\t\t\t\t<div class=\"elementor-wrapper elementor-open-inline\">\n\t\t\t<iframe class=\"elementor-video-iframe\" allowfullscreen allow=\"clipboard-write\" title=\"vimeo Video Player\" src=\"https:\/\/player.vimeo.com\/video\/112815257?color&amp;autopause=0&amp;loop=0&amp;muted=0&amp;title=1&amp;portrait=1&amp;byline=1#t=\" data-no-translation-title=\"\"><\/iframe>\t\t<\/div>\n\t\t\t\t\t\t<\/div>\n\t\t\t\t\t<\/div>\n\t\t\t\t<\/div>\n\t\t\t\t<\/div>","protected":false},"excerpt":{"rendered":"<p>Korzystaj m\u0105drze z mo\u017cliwo\u015bci Internetu \u2013 Filmik na Instagram Instagram swoimi zasi\u0119gami i popularno\u015bci\u0105 coraz szybciej goni Facebooka. Jednak obie aplikacje dzia\u0142aj\u0105 na nieco innych zasadach dlatego warto pokazywa\u0107 si\u0119 odbiorcom r\u00f3wnolegle w obu tych mediach spo\u0142eczno\u015bciowych. W przeciwie\u0144stwie do Facebooka\u00a0 dzia\u0142anie Instagrama zorientowane jest wy\u0142\u0105cznie na zdj\u0119cia i filmiki. To zupe\u0142nie inny na FB [&hellip;]<\/p>\n","protected":false},"author":3,"featured_media":0,"parent":0,"menu_order":0,"comment_status":"closed","ping_status":"closed","template":"","meta":{"footnotes":""},"categories":[],"tags":[],"class_list":["post-12548","page","type-page","status-publish","hentry"],"_links":{"self":[{"href":"https:\/\/www.simpleframe.pl\/de\/wp-json\/wp\/v2\/pages\/12548","targetHints":{"allow":["GET"]}}],"collection":[{"href":"https:\/\/www.simpleframe.pl\/de\/wp-json\/wp\/v2\/pages"}],"about":[{"href":"https:\/\/www.simpleframe.pl\/de\/wp-json\/wp\/v2\/types\/page"}],"author":[{"embeddable":true,"href":"https:\/\/www.simpleframe.pl\/de\/wp-json\/wp\/v2\/users\/3"}],"replies":[{"embeddable":true,"href":"https:\/\/www.simpleframe.pl\/de\/wp-json\/wp\/v2\/comments?post=12548"}],"version-history":[{"count":5,"href":"https:\/\/www.simpleframe.pl\/de\/wp-json\/wp\/v2\/pages\/12548\/revisions"}],"predecessor-version":[{"id":12556,"href":"https:\/\/www.simpleframe.pl\/de\/wp-json\/wp\/v2\/pages\/12548\/revisions\/12556"}],"wp:attachment":[{"href":"https:\/\/www.simpleframe.pl\/de\/wp-json\/wp\/v2\/media?parent=12548"}],"wp:term":[{"taxonomy":"category","embeddable":true,"href":"https:\/\/www.simpleframe.pl\/de\/wp-json\/wp\/v2\/categories?post=12548"},{"taxonomy":"post_tag","embeddable":true,"href":"https:\/\/www.simpleframe.pl\/de\/wp-json\/wp\/v2\/tags?post=12548"}],"curies":[{"name":"wp","href":"https:\/\/api.w.org\/{rel}","templated":true}]}}