{"id":12509,"date":"2025-08-20T12:02:50","date_gmt":"2025-08-20T10:02:50","guid":{"rendered":"https:\/\/dev108.stwb.pl\/?page_id=12509"},"modified":"2026-01-03T13:11:00","modified_gmt":"2026-01-03T12:11:00","slug":"schulungsvideo","status":"publish","type":"page","link":"https:\/\/www.simpleframe.pl\/de\/film-szkoleniowy\/","title":{"rendered":"Schulungsvideo"},"content":{"rendered":"<div data-elementor-type=\"wp-page\" data-elementor-id=\"12509\" class=\"elementor elementor-12509\" data-elementor-post-type=\"page\">\n\t\t\t\t<div class=\"elementor-element elementor-element-9931dc4 page-video-bar e-flex e-con-boxed e-con e-parent\" data-id=\"9931dc4\" data-element_type=\"container\" data-e-type=\"container\" data-settings=\"{&quot;background_background&quot;:&quot;video&quot;,&quot;background_video_link&quot;:&quot;https:\\\/\\\/www.simpleframe.pl\\\/wp-content\\\/uploads\\\/2025\\\/09\\\/videopodstrony.mp4&quot;,&quot;background_play_on_mobile&quot;:&quot;yes&quot;}\">\n\t\t\t\t\t<div class=\"e-con-inner\">\n\t\t<div class=\"elementor-background-video-container\">\n\t\t\t\t\t\t\t<video class=\"elementor-background-video-hosted\" role=\"presentation\" autoplay muted playsinline loop><\/video>\n\t\t\t\t\t<\/div>\t\t<div class=\"elementor-element elementor-element-b908d26 elementor-widget elementor-widget-heading\" data-id=\"b908d26\" data-element_type=\"widget\" data-e-type=\"widget\" data-widget_type=\"heading.default\">\n\t\t\t\t\t<h1 class=\"elementor-heading-title elementor-size-default\">Schulungsfilm in Simple Frame<\/h1>\t\t\t\t<\/div>\n\t\t\t\t<div class=\"elementor-element elementor-element-e835c85 elementor-widget__width-initial elementor-widget elementor-widget-text-editor\" data-id=\"e835c85\" data-element_type=\"widget\" data-e-type=\"widget\" data-widget_type=\"text-editor.default\">\n\t\t\t\t\t\t\t\t\t<p><strong data-start=\"51\" data-end=\"109\">Sind Sie auf der Suche nach einer professionellen Produktion von Schulungsfilmen?<\/strong> Simple Frame ist eine Produktionsfirma mit \u00fcber 20 Jahren Erfahrung in der Erstellung von Videomaterial f\u00fcr Unternehmen. Wir erstellen umfassende Schulungsvideos, die Wissen auf zug\u00e4ngliche und ansprechende Weise vermitteln, die Entwicklung der Mitarbeiter f\u00f6rdern und effektiv auf die Bed\u00fcrfnisse Ihres Unternehmens eingehen.<\/p>\t\t\t\t\t\t\t\t<\/div>\n\t\t\t\t<div class=\"elementor-element elementor-element-698de2c elementor-align-center elementor-widget elementor-widget-button\" data-id=\"698de2c\" data-element_type=\"widget\" data-e-type=\"widget\" data-widget_type=\"button.default\">\n\t\t\t\t\t\t\t\t\t\t<a class=\"elementor-button elementor-button-link elementor-size-sm\" href=\"#kontakt\">\n\t\t\t\t\t\t<span class=\"elementor-button-content-wrapper\">\n\t\t\t\t\t\t<span class=\"elementor-button-icon\">\n\t\t\t\t<svg aria-hidden=\"true\" class=\"e-font-icon-svg e-far-envelope\" viewbox=\"0 0 512 512\" xmlns=\"http:\/\/www.w3.org\/2000\/svg\"><path d=\"M464 64H48C21.49 64 0 85.49 0 112v288c0 26.51 21.49 48 48 48h416c26.51 0 48-21.49 48-48V112c0-26.51-21.49-48-48-48zm0 48v40.805c-22.422 18.259-58.168 46.651-134.587 106.49-16.841 13.247-50.201 45.072-73.413 44.701-23.208.375-56.579-31.459-73.413-44.701C106.18 199.465 70.425 171.067 48 152.805V112h416zM48 400V214.398c22.914 18.251 55.409 43.862 104.938 82.646 21.857 17.205 60.134 55.186 103.062 54.955 42.717.231 80.509-37.199 103.053-54.947 49.528-38.783 82.032-64.401 104.947-82.653V400H48z\"><\/path><\/svg>\t\t\t<\/span>\n\t\t\t\t\t\t\t\t\t<span class=\"elementor-button-text\">Kostenloses Angebot anfordern<\/span>\n\t\t\t\t\t<\/span>\n\t\t\t\t\t<\/a>\n\t\t\t\t\t\t\t\t<\/div>\n\t\t\t\t\t<\/div>\n\t\t\t\t<\/div>\n\t\t<div class=\"elementor-element elementor-element-512c67f e-flex e-con-boxed e-con e-parent\" data-id=\"512c67f\" data-element_type=\"container\" data-e-type=\"container\">\n\t\t\t\t\t<div class=\"e-con-inner\">\n\t\t\t\t<div class=\"elementor-element elementor-element-f7ebcfe elementor-widget elementor-widget-html\" data-id=\"f7ebcfe\" data-element_type=\"widget\" data-e-type=\"widget\" data-widget_type=\"html.default\">\n\t\t\t\t\t<h1>Schulungs- und Lehrfilm: Produktion von Schulungsfilmen<\/h1>\n<p>Schulungs- und Lehrfilme werden als effektive Methode zur Vermittlung von Wissen und F\u00e4higkeiten immer beliebter. <strong>Die professionelle Produktion von Schulungsfilmen erm\u00f6glicht die Erstellung ansprechender Schulungsmaterialien, die die Aufmerksamkeit der Zuschauer auf sich ziehen und die Einf\u00fchrung neuer Verfahren im Unternehmen erleichtern. Die Investition in Schulungsfilme ist ein strategischer Schritt zur Verbesserung der Qualifikationen der Mitarbeiter und zum Aufbau einer starken Marktposition.<\/strong><\/p>\n<div style=\"padding:56.25% 0 0 0;position:relative;\"><iframe src=\"https:\/\/player.vimeo.com\/video\/1151154568?title=0&amp;byline=0&amp;portrait=0&amp;badge=0&amp;autopause=0&amp;player_id=0&amp;app_id=58479\" frameborder=\"0\" allow=\"autoplay; fullscreen; picture-in-picture; clipboard-write; encrypted-media; web-share\" referrerpolicy=\"strict-origin-when-cross-origin\" style=\"position:absolute;top:0;left:0;width:100%;height:100%;\" title=\"FilmEdukacyjny_BioOdpady\"><\/iframe><\/div><script src=\"https:\/\/player.vimeo.com\/api\/player.js\"><\/script>\n<p>\u00a0<\/p>\n<h2>Einf\u00fchrung in Schulungsfilme<\/h2>\n<p>Schulungs- und Lehrfilme sind eine besondere Art von Videos, deren Hauptzweck die Vermittlung von Wissen und Informationen ist. Im Gegensatz zu Werbe- oder Promotionsfilmen konzentrieren sich Schulungsfilme darauf, konkrete Informationen zu vermitteln, die Mitarbeitern oder Kunden helfen, bestimmte F\u00e4higkeiten zu verstehen und zu erlernen. Die Produktion von Schulungsfilmen erfordert daher einen anderen Ansatz als die Erstellung eines Werbespots.<\/p>\n<h3>Definition eines Schulungsfilms<\/h3>\n<p>Ein Schulungsfilm ist ein visuelles Lehrmaterial, dessen Ziel es ist, Wissen oder F\u00e4higkeiten zu vermitteln. Er kann je nach Bedarf und Besonderheiten der Schulung die Form eines Lehrfilms, eines Erkl\u00e4rvideos oder eines Animationsfilms annehmen. <strong>Die Produktion eines Schulungsfilms sollte sorgf\u00e4ltig geplant werden, um sicherzustellen, dass die Botschaft f\u00fcr den Zuschauer verst\u00e4ndlich und zug\u00e4nglich ist.<\/strong> Der Einsatz von Sprechern, Animationen und anderen Postproduktionstechniken hilft dabei, den fertigen Film zu verfeinern.<\/p>\n<iframe loading=\"lazy\" src=\"https:\/\/player.vimeo.com\/video\/1074394632?title=0&amp;byline=0&amp;portrait=0&amp;badge=0&amp;autopause=0&amp;player_id=0&amp;app_id=58479\" width=\"1920\" height=\"1080\" frameborder=\"0\" allow=\"autoplay; fullscreen; picture-in-picture; clipboard-write; encrypted-media; web-share\" referrerpolicy=\"strict-origin-when-cross-origin\" title=\"Vieterra\"><\/iframe>\n<h3>Die Rolle von Lehrfilmen in der Bildung<\/h3>\n<p>Lehrfilme spielen sowohl in Unternehmen als auch in Schulen eine wichtige Rolle im Bildungsprozess. <strong>Sie erm\u00f6glichen eine effektive Wissensvermittlung auf visuelle und ansprechende Weise.<\/strong>, Dies ist besonders wichtig bei der Schulung von Mitarbeitern im Bereich Arbeitssicherheit oder bei der Bedienung komplexer Ger\u00e4te. Bei der Produktion von Lehrfilmen sollte die Besonderheit der Zielgruppe ber\u00fccksichtigt werden, um sicherzustellen, dass die Botschaft verst\u00e4ndlich und leicht zu merken ist. Animierte Lehrfilme erweisen sich oft als zug\u00e4nglicher.<\/p>\n<h3>Warum lohnt es sich, in die Produktion von Schulungsfilmen zu investieren?<\/h3>\n<p><strong>Die Investition in die Produktion von Schulungsfilmen ist ein strategischer Schritt f\u00fcr jedes Unternehmen, das die Qualifikationen seiner Mitarbeiter verbessern m\u00f6chte.<\/strong>. Schulungs- und Lehrfilme sind effektiver als herk\u00f6mmliche Schulungen, da sie den Zuschauer visuell ansprechen und das Wissen auf leicht verst\u00e4ndliche Weise vermitteln. <strong>Dar\u00fcber hinaus k\u00f6nnen Schulungsvideos mehrfach verwendet werden, was Zeit und Ressourcen spart.<\/strong>. Die professionelle Filmproduktion gew\u00e4hrleistet eine hohe Qualit\u00e4t und Wirksamkeit der Schulungsmaterialien.<\/p>\n<h2>Phasen der Produktion von Schulungsfilmen<\/h2>\n<p><\/p>\n<h3>Planung und Konzept des Films<\/h3>\n<p>\u00a0<\/p>\n<p>Der erste Schritt bei der Produktion von Schulungsfilmen ist die Planung und Erstellung eines detaillierten Konzepts. Dabei sind folgende Elemente zu ber\u00fccksichtigen:<\/p>\n<ol>\n<li>Definition des Ziels des Schulungsfilms, der Zielgruppe und der Kernbotschaft, die vermittelt werden soll.<\/li>\n<li>Festlegung der Form des Films \u2013 handelt es sich um einen Lehrfilm, einen Animationsfilm oder vielleicht ein Erkl\u00e4rvideo?.<\/li>\n<\/ol>\n<p>Es sollte auch ein Drehbuch und ein Zeitplan erstellt werden, in dem die einzelnen Phasen der Filmaufnahmen und der Postproduktion festgelegt sind.<\/p>\n<p>\u00a0<\/p>\n<h3>Realisierung und Aufzeichnung des Materials<\/h3>\n<p>Der n\u00e4chste Schritt ist die Umsetzung und Aufzeichnung des Filmmaterials. <strong>Die professionelle Produktion von Schulungsfilmen erfordert den Einsatz hochwertiger Ausr\u00fcstung und das Engagement eines erfahrenen Filmteams.<\/strong>. Achten Sie beim Filmen auf eine angemessene Beleuchtung, Tonqualit\u00e4t und Bildkomposition, damit der fertige Film visuell ansprechend und f\u00fcr den Zuschauer verst\u00e4ndlich ist. Denken Sie auch daran, potenzielle Mitarbeiter einzubeziehen und alles so zu zeigen, dass es verst\u00e4ndlich ist.<\/p>\n<h3>Postproduktion: Schnitt und Bearbeitung<\/h3>\n<p>Nach der Aufnahme des Materials folgt die Postproduktion, die den Schnitt, die Bearbeitung und das Hinzuf\u00fcgen von Spezialeffekten umfasst. Der Schnitt besteht darin, einzelne Aufnahmen zu einem zusammenh\u00e4ngenden Ganzen zu verbinden, w\u00e4hrend die Bearbeitung die Verbesserung <a href=\"\/de\/produktion-von-informationsfilmen\/\">Bildqualit\u00e4t<\/a> und Ton. In dieser Phase werden auch Animationen, Untertitel und Sprecher hinzugef\u00fcgt, um den fertigen Film zu verfeinern. <strong>Die Postproduktion spielt eine entscheidende Rolle bei der Erstellung von Schulungsfilmen, die effektiv sind und den Zuschauer fesseln.<\/strong>.<\/p>\n<div style=\"padding:56.25% 0 0 0;position:relative;\"><iframe src=\"https:\/\/player.vimeo.com\/video\/1151154659?title=0&amp;byline=0&amp;portrait=0&amp;badge=0&amp;autopause=0&amp;player_id=0&amp;app_id=58479\" frameborder=\"0\" allow=\"autoplay; fullscreen; picture-in-picture; clipboard-write; encrypted-media; web-share\" referrerpolicy=\"strict-origin-when-cross-origin\" style=\"position:absolute;top:0;left:0;width:100%;height:100%;\" title=\"FilmEdukacyjny_OdpadyZmieszane\"><\/iframe><\/div><script src=\"https:\/\/player.vimeo.com\/api\/player.js\"><\/script>\n<h2>Arten von Schulungsfilmen<\/h2>\n<h3>Anleitungs- und Animationsfilme<\/h3>\n<p>Anleitungsvideos sind eine beliebte Art von Schulungsvideos, die Schritt f\u00fcr Schritt zeigen, wie bestimmte Aufgaben ausgef\u00fchrt oder Ger\u00e4te bedient werden. Animierte Schulungsvideos sind besonders n\u00fctzlich f\u00fcr komplexe Prozesse oder abstrakte Konzepte, die in einem herk\u00f6mmlichen Video nur schwer dargestellt werden k\u00f6nnen. Bei der Produktion von Lehrfilmen werden h\u00e4ufig Videoelemente mit Animationen kombiniert, um Informationen auf anschauliche und visuelle Weise zu vermitteln.<\/p>\n<h3>Werbe- und Promotionsfilme f\u00fcr Unternehmen<\/h3>\n<p><strong>Werbe- und Promotionsfilme f\u00fcr Unternehmen k\u00f6nnen auch eine informative Funktion erf\u00fcllen, indem sie Produkte oder Dienstleistungen auf anschauliche Weise pr\u00e4sentieren.<\/strong>. <a href=\"\/de\/produktfilm\/\">Produktfilm<\/a> Sie k\u00f6nnen zeigen, wie man ein bestimmtes Produkt verwendet oder welche Vorteile seine Verwendung mit sich bringt. Solche Videos werden h\u00e4ufig im Marketing und Vertrieb eingesetzt, um die Aufmerksamkeit potenzieller Kunden zu gewinnen und den Umsatz zu steigern. <a href=\"\/de\/blog\/kategorie\/werbevideo\/\">Markenbekanntheit<\/a>. Es ist ein ideales Marketinginstrument.<\/p>\n<h3>Erkl\u00e4rvideos als Marketinginstrument<\/h3>\n<p><strong>Ein Explainer-Video ist ein kurzer Animationsfilm, dessen Ziel es ist, ein komplexes Thema auf einfache und verst\u00e4ndliche Weise zu erkl\u00e4ren.<\/strong>. Erkl\u00e4rvideos werden h\u00e4ufig im Marketing eingesetzt, um das Angebot eines Unternehmens oder die Vorteile seiner Dienstleistungen zu pr\u00e4sentieren. Die Produktion von Schulungsvideos in Form von Erkl\u00e4rvideos ist eine effektive M\u00f6glichkeit, ein breites Publikum zu erreichen und wichtige Informationen auf ansprechende und visuelle Weise zu vermitteln. Ein solches Video, das in <a href=\"\/de\/filmen-von-konferenzen\/\">in den sozialen Medien<\/a> kann die Popularit\u00e4t des Unternehmens steigern.<\/p>\n<iframe loading=\"lazy\" src=\"https:\/\/player.vimeo.com\/video\/1030662751?title=0&amp;byline=0&amp;portrait=0&amp;badge=0&amp;autopause=0&amp;player_id=0&amp;app_id=58479\" width=\"1920\" height=\"1080\" frameborder=\"0\" allow=\"autoplay; fullscreen; picture-in-picture; clipboard-write; encrypted-media; web-share\" referrerpolicy=\"strict-origin-when-cross-origin\" title=\"PreZero\"><\/iframe>\n<h2>Einbindung der Zuschauer in Schulungsvideos<\/h2>\n<h3>Techniken zur Mitarbeiterbindung<\/h3>\n<p>Damit ein Schulungsfilm effektiv ist, muss er die Mitarbeiter von Anfang an einbeziehen. Zu den Techniken, die das Engagement f\u00f6rdern, k\u00f6nnen interaktive Elemente, Quizfragen, Fallstudien und Gamification-Elemente geh\u00f6ren. Es ist ratsam, Informationen visuell darzustellen, da dies die Aufmerksamkeit auf sich zieht und zum Lernen motiviert. Bei der Produktion von Schulungsvideos sollte die Interaktion mit dem Zuschauer ber\u00fccksichtigt werden, damit die Schulungsmaterialien effektiv sind und im Ged\u00e4chtnis bleiben.<\/p>\n<h3>Die Verwendung visueller Elemente in Filmen<\/h3>\n<p><strong><a href=\"\/de\/blog\/produktdarstellungen\/\">Visuelle Elemente<\/a> spielen eine wichtige Rolle in Schulungsfilmen, da sie das Verst\u00e4ndnis und die Erinnerung an Informationen f\u00f6rdern.<\/strong>. Durch den Einsatz von Animationen, Infografiken, Diagrammen und Illustrationen wird das Material zug\u00e4nglicher und ansprechender. Bei der Produktion von Filmen sollte der Schwerpunkt auf der Erstellung \u00e4sthetischer und klarer Visualisierungen liegen, die die Wissensvermittlung unterst\u00fctzen. Dank ihnen werden selbst komplexe Prozesse verst\u00e4ndlich.<\/p>\n<h3>Die Bedeutung des Storytelling in der Filmproduktion<\/h3>\n<p><strong>Storytelling, also das Erz\u00e4hlen von Geschichten, ist ein m\u00e4chtiges Werkzeug bei der Produktion von Schulungsfilmen.<\/strong>. Eine fesselnde Erz\u00e4hlung und eine gut konstruierte Handlung k\u00f6nnen die Aufmerksamkeit des Zuschauers auf sich ziehen und das Lernen erleichtern. Ein Schulungsfilm sollte eine Geschichte erz\u00e4hlen, die mit dem Thema der Schulung in Verbindung steht und <a href=\"\/de\/blog\/imagefilm2\/\">Vorteile aufzeigen<\/a> die sich aus seinem Abschluss ergeben. Storytelling kann traditionelle Schulungen in ein unvergessliches Erlebnis verwandeln.<\/p>\n<h2>Schulungsvideos zu Marketing und sozialen Medien<\/h2>\n<h3>Wie kann man Videos in Marketingkampagnen einsetzen?<\/h3>\n<p>Schulungsfilme k\u00f6nnen ein wirksames Instrument sein, um <a href=\"\/de\/tv-werbung\/\">Marketingkampagnen<\/a>. Die Produktion von Schulungsfilmen in Form von Erkl\u00e4rvideos oder Lehrfilmen erm\u00f6glicht es, Produkte und Dienstleistungen auf eine Weise zu pr\u00e4sentieren, die f\u00fcr potenzielle Kunden zug\u00e4nglich und \u00fcberzeugend ist. <strong>Werbe- und Promotionsfilme k\u00f6nnen in sozialen Medien, auf Websites und im E-Mail-Marketing eingesetzt werden, um die Markenbekanntheit zu steigern und Leads zu generieren.<\/strong>.<\/p>\n<h3>Implementierung von Videos in der Social-Media-Strategie<\/h3>\n<p><strong>Die Implementierung von Videos in die Social-Media-Strategie ist ein entscheidender Faktor. <a href=\"\/de\/blog\/youtube-animation\/\">effektives Marketing<\/a> Video<\/strong>. Schulungs- und Lehrvideos k\u00f6nnen auf Plattformen wie YouTube, Facebook, LinkedIn und Instagram ver\u00f6ffentlicht werden, um ein breites Publikum zu erreichen. Es ist wichtig, Videoinhalte zu erstellen, die auf die Besonderheiten jeder Plattform zugeschnitten sind und die Nutzer ansprechen. Die Produktion von Werbefilmen sollte mit dem Image des Unternehmens im Einklang stehen.<\/p>\n<h3>Beispiele f\u00fcr wirksame Werbespots<\/h3>\n<p>Beispiele f\u00fcr erfolgreiche Werbespots zeigen, wie kreative und ansprechende Schulungsvideos zum Marketingerfolg eines Unternehmens beitragen k\u00f6nnen. Werbespots, die auf humorvolle oder emotionale Weise die Vorteile eines bestimmten Produkts oder einer bestimmten Dienstleistung pr\u00e4sentieren, werden oft viral und generieren viel Traffic auf der Website des Unternehmens. Die professionelle Produktion von Filmen in Form von Werbespots kann die Popularit\u00e4t eines Unternehmens in den sozialen Medien steigern.<\/p>\n<iframe loading=\"lazy\" src=\"https:\/\/player.vimeo.com\/video\/116359341?title=0&amp;byline=0&amp;portrait=0&amp;badge=0&amp;autopause=0&amp;player_id=0&amp;app_id=58479\" width=\"1920\" height=\"1080\" frameborder=\"0\" allow=\"autoplay; fullscreen; picture-in-picture; clipboard-write; encrypted-media; web-share\" referrerpolicy=\"strict-origin-when-cross-origin\" title=\"LOT - Schulungsvideo\"><\/iframe>\t\t\t\t<\/div>\n\t\t\t\t\t<\/div>\n\t\t\t\t<\/div>\n\t\t\t\t<\/div>","protected":false},"excerpt":{"rendered":"<p>Film szkoleniowy w Simple Frame Szukasz profesjonalnej produkcji film\u00f3w szkoleniowych? Simple Frame to dom produkcyjny z ponad 20-letnim do\u015bwiadczeniem w realizacji materia\u0142\u00f3w wideo dla firm. Tworzymy kompleksowe filmy szkoleniowe, kt\u00f3re w przyst\u0119pny i anga\u017cuj\u0105cy spos\u00f3b przekazuj\u0105 wiedz\u0119, wspieraj\u0105 rozw\u00f3j pracownik\u00f3w i skutecznie odpowiadaj\u0105 na potrzeby Twojej organizacji. Zam\u00f3w darmow\u0105 wycen\u0119 Film szkoleniowy i instrukta\u017cowy: produkcja [&hellip;]<\/p>\n","protected":false},"author":3,"featured_media":0,"parent":0,"menu_order":0,"comment_status":"closed","ping_status":"closed","template":"","meta":{"footnotes":""},"categories":[],"tags":[],"class_list":["post-12509","page","type-page","status-publish","hentry"],"_links":{"self":[{"href":"https:\/\/www.simpleframe.pl\/de\/wp-json\/wp\/v2\/pages\/12509","targetHints":{"allow":["GET"]}}],"collection":[{"href":"https:\/\/www.simpleframe.pl\/de\/wp-json\/wp\/v2\/pages"}],"about":[{"href":"https:\/\/www.simpleframe.pl\/de\/wp-json\/wp\/v2\/types\/page"}],"author":[{"embeddable":true,"href":"https:\/\/www.simpleframe.pl\/de\/wp-json\/wp\/v2\/users\/3"}],"replies":[{"embeddable":true,"href":"https:\/\/www.simpleframe.pl\/de\/wp-json\/wp\/v2\/comments?post=12509"}],"version-history":[{"count":59,"href":"https:\/\/www.simpleframe.pl\/de\/wp-json\/wp\/v2\/pages\/12509\/revisions"}],"predecessor-version":[{"id":15069,"href":"https:\/\/www.simpleframe.pl\/de\/wp-json\/wp\/v2\/pages\/12509\/revisions\/15069"}],"wp:attachment":[{"href":"https:\/\/www.simpleframe.pl\/de\/wp-json\/wp\/v2\/media?parent=12509"}],"wp:term":[{"taxonomy":"category","embeddable":true,"href":"https:\/\/www.simpleframe.pl\/de\/wp-json\/wp\/v2\/categories?post=12509"},{"taxonomy":"post_tag","embeddable":true,"href":"https:\/\/www.simpleframe.pl\/de\/wp-json\/wp\/v2\/tags?post=12509"}],"curies":[{"name":"wp","href":"https:\/\/api.w.org\/{rel}","templated":true}]}}