{"id":12493,"date":"2025-08-19T17:05:41","date_gmt":"2025-08-19T15:05:41","guid":{"rendered":"https:\/\/dev108.stwb.pl\/?page_id=12493"},"modified":"2025-08-21T14:15:52","modified_gmt":"2025-08-21T12:15:52","slug":"referenzfilm-2","status":"publish","type":"page","link":"https:\/\/www.simpleframe.pl\/de\/film-referencyjny-2\/","title":{"rendered":"Referenzfilm"},"content":{"rendered":"<div data-elementor-type=\"wp-page\" data-elementor-id=\"12493\" class=\"elementor elementor-12493\" data-elementor-post-type=\"page\">\n\t\t\t\t<div class=\"elementor-element elementor-element-8e732ab page-video-bar e-flex e-con-boxed e-con e-parent\" data-id=\"8e732ab\" data-element_type=\"container\" data-e-type=\"container\" data-settings=\"{&quot;background_background&quot;:&quot;video&quot;,&quot;background_video_link&quot;:&quot;https:\\\/\\\/www.simpleframe.pl\\\/wp-content\\\/uploads\\\/2025\\\/09\\\/videopodstrony.mp4&quot;,&quot;background_play_on_mobile&quot;:&quot;yes&quot;}\">\n\t\t\t\t\t<div class=\"e-con-inner\">\n\t\t<div class=\"elementor-background-video-container\">\n\t\t\t\t\t\t\t<video class=\"elementor-background-video-hosted\" role=\"presentation\" autoplay muted playsinline loop><\/video>\n\t\t\t\t\t<\/div>\t\t\t<\/div>\n\t\t\t\t<\/div>\n\t\t<div class=\"elementor-element elementor-element-4fb3494 e-flex e-con-boxed e-con e-parent\" data-id=\"4fb3494\" data-element_type=\"container\" data-e-type=\"container\">\n\t\t\t\t\t<div class=\"e-con-inner\">\n\t\t\t\t<div class=\"elementor-element elementor-element-c7bbafa elementor-widget elementor-widget-heading\" data-id=\"c7bbafa\" data-element_type=\"widget\" data-e-type=\"widget\" data-widget_type=\"heading.default\">\n\t\t\t\t\t<h1 class=\"elementor-heading-title elementor-size-default\">Wir verwenden verifizierte Quellen - Referenzfilm<\/h1>\t\t\t\t<\/div>\n\t\t\t\t<div class=\"elementor-element elementor-element-0ceebad elementor-widget__width-initial link-decoration p-reset elementor-widget elementor-widget-text-editor\" data-id=\"0ceebad\" data-element_type=\"widget\" data-e-type=\"widget\" data-widget_type=\"text-editor.default\">\n\t\t\t\t\t\t\t\t\t<p>Methode<a href=\"https:\/\/www.simpleframe.pl\/de\/pl\/film\/\" rel=\"noopener\">\u00a0Werbung<\/a>\u00a0ihrer Produkte und Dienstleistungen entwickelt sich st\u00e4ndig weiter. Es gibt immer mehr Ideen und Kommunikationsformen, die auf die Kunden zugehen. Au\u00dferdem gibt es immer mehr Unternehmen, die \u00e4hnliche Produkte anbieten! Wie k\u00f6nnen wir den Kunden davon \u00fcberzeugen, dass unser Produkt das beste ist? Wie bringen wir sie dazu, mit unserer Marke Gesch\u00e4fte zu machen? Der beste Weg mit den meisten M\u00f6glichkeiten und Kombinationen ist ein Referenzvideo.<\/p><p>Mit einer Vielzahl interessanter und \u00fcberraschender Methoden und Techniken k\u00f6nnen wir f\u00fcr eine ganze Marke, ein neues Produkt oder ein besseres Image werben. Die Verbraucher werden von den Herstellern mit Werbung und Zusicherungen \u00fcberflutet, dass ihre Produkte gut funktionieren und von h\u00f6chster Qualit\u00e4t sind. Sie haben jedoch immer weniger Vertrauen in diese Zusicherungen. Sie suchen daher nach einer Best\u00e4tigung dieser Zusicherungen durch Nutzer, Menschen wie sie selbst. Sie wollen Garantien und Empfehlungen von Menschen, die bereits gekauft und benutzt haben, zufrieden sind und die Worte der Hersteller best\u00e4tigen, die ja immer nur \"ihre eigenen\" Produkte loben. Die Meinung anderer Nutzer schafft einfach mehr Vertrauen und beeinflusst unsere Entscheidungen.<\/p>\t\t\t\t\t\t\t\t<\/div>\n\t\t\t\t<div class=\"elementor-element elementor-element-bc7426f elementor-widget elementor-widget-video\" data-id=\"bc7426f\" data-element_type=\"widget\" data-e-type=\"widget\" data-settings=\"{&quot;video_type&quot;:&quot;vimeo&quot;}\" data-widget_type=\"video.default\">\n\t\t\t\t\t\t\t<div class=\"elementor-wrapper elementor-open-inline\">\n\t\t\t<iframe class=\"elementor-video-iframe\" allowfullscreen allow=\"clipboard-write\" title=\"Vimeo-Videoplayer\" src=\"https:\/\/player.vimeo.com\/video\/348811459?color&amp;autopause=0&amp;loop=0&amp;muted=0&amp;title=1&amp;portrait=1&amp;byline=1&amp;h=649e37fe4e#t=\"><\/iframe>\t\t<\/div>\n\t\t\t\t\t\t<\/div>\n\t\t\t\t\t<\/div>\n\t\t\t\t<\/div>\n\t\t<div class=\"elementor-element elementor-element-376a7f8 e-flex e-con-boxed e-con e-parent\" data-id=\"376a7f8\" data-element_type=\"container\" data-e-type=\"container\">\n\t\t\t\t\t<div class=\"e-con-inner\">\n\t\t\t\t<div class=\"elementor-element elementor-element-9f261dc elementor-widget elementor-widget-heading\" data-id=\"9f261dc\" data-element_type=\"widget\" data-e-type=\"widget\" data-widget_type=\"heading.default\">\n\t\t\t\t\t<h2 class=\"elementor-heading-title elementor-size-default\">Eine Meinung, die Gold wert ist - Referenzfilm<\/h2>\t\t\t\t<\/div>\n\t\t\t\t<div class=\"elementor-element elementor-element-c68339e elementor-widget__width-initial link-decoration p-reset elementor-widget elementor-widget-text-editor\" data-id=\"c68339e\" data-element_type=\"widget\" data-e-type=\"widget\" data-widget_type=\"text-editor.default\">\n\t\t\t\t\t\t\t\t\tUnd tats\u00e4chlich! Wir neigen dazu, zu dem zu greifen, was die meisten guten Kritiken hat. Denn wenn so viele Leute es loben, muss es ja gut sein! Die Zufriedenheit von Menschen, die sich bereits mit dem Produkt, das uns interessiert, besch\u00e4ftigt haben, ist f\u00fcr uns glaubw\u00fcrdiger als jede\u00a0<a href=\"https:\/\/marketingvideo.com.pl\/\" rel=\"noopener\">Form der F\u00f6rderung<\/a>\u00a0dieses Produkts. Gutes Feedback von Nutzern ist die beste Werbung, die eine Marke machen kann. Es lohnt sich also, diesem Bed\u00fcrfnis nachzukommen und Ihre Marke mit einem Video mit Empfehlungen von Nutzern zu versehen.\t\t\t\t\t\t\t\t<\/div>\n\t\t\t\t<div class=\"elementor-element elementor-element-6521efb elementor-widget elementor-widget-video\" data-id=\"6521efb\" data-element_type=\"widget\" data-e-type=\"widget\" data-settings=\"{&quot;video_type&quot;:&quot;vimeo&quot;}\" data-widget_type=\"video.default\">\n\t\t\t\t\t\t\t<div class=\"elementor-wrapper elementor-open-inline\">\n\t\t\t<iframe class=\"elementor-video-iframe\" allowfullscreen allow=\"clipboard-write\" title=\"Vimeo-Videoplayer\" src=\"https:\/\/player.vimeo.com\/video\/290681550?color&amp;autopause=0&amp;loop=0&amp;muted=0&amp;title=1&amp;portrait=1&amp;byline=1&amp;h=5b74a617ca#t=\"><\/iframe>\t\t<\/div>\n\t\t\t\t\t\t<\/div>\n\t\t\t\t\t<\/div>\n\t\t\t\t<\/div>\n\t\t<div class=\"elementor-element elementor-element-1698508 e-flex e-con-boxed e-con e-parent\" data-id=\"1698508\" data-element_type=\"container\" data-e-type=\"container\">\n\t\t\t\t\t<div class=\"e-con-inner\">\n\t\t\t\t<div class=\"elementor-element elementor-element-f7d055e elementor-widget elementor-widget-heading\" data-id=\"f7d055e\" data-element_type=\"widget\" data-e-type=\"widget\" data-widget_type=\"heading.default\">\n\t\t\t\t\t<h2 class=\"elementor-heading-title elementor-size-default\">Referenzfilm? Tolle Werbung!<\/h2>\t\t\t\t<\/div>\n\t\t\t\t<div class=\"elementor-element elementor-element-aa5a1a1 elementor-widget__width-initial link-decoration p-reset elementor-widget elementor-widget-text-editor\" data-id=\"aa5a1a1\" data-element_type=\"widget\" data-e-type=\"widget\" data-widget_type=\"text-editor.default\">\n\t\t\t\t\t\t\t\t\tDie Erstellung eines Videos, das die Meinungen der Menschen \u00fcber die Qualit\u00e4t der Produkte enth\u00e4lt, wie das Produkt im Alltag funktioniert und was seine gr\u00f6\u00dften Vorteile sind, wird den Kunden letztendlich davon \u00fcberzeugen, sich f\u00fcr Ihre Marke zu entscheiden. Der Kunde identifiziert sich mehr mit anderen Nutzern als mit dem Schauspieler, der im Werbespot mitspielt. Doch so sehr ein Referenzvideo auch helfen kann, es kann auch schaden. Verlassen Sie sich daher auf die sehr hohe Qualit\u00e4t eines solchen Films und legen Sie die Arbeit daran in die H\u00e4nde von Profis mit Erfahrung. Der Film muss glaubw\u00fcrdig, angenehm anzuschauen und sehr nat\u00fcrlich sein. Es ist die Form der Werbung, die den gr\u00f6\u00dften Einfluss auf den Erfolg Ihrer Marke haben wird. Er muss sowohl sehr durchdacht als auch spontan sein und die Aufrichtigkeit und Authentizit\u00e4t der Qualit\u00e4t Ihres Produkts oder Ihrer Dienstleistung best\u00e4tigen. \t\t\t\t\t\t\t\t<\/div>\n\t\t\t\t\t<\/div>\n\t\t\t\t<\/div>\n\t\t<div class=\"elementor-element elementor-element-e8c5594 e-flex e-con-boxed e-con e-parent\" data-id=\"e8c5594\" data-element_type=\"container\" data-e-type=\"container\">\n\t\t\t\t\t<div class=\"e-con-inner\">\n\t\t\t\t<div class=\"elementor-element elementor-element-71e67fe elementor-widget elementor-widget-heading\" data-id=\"71e67fe\" data-element_type=\"widget\" data-e-type=\"widget\" data-widget_type=\"heading.default\">\n\t\t\t\t\t<h2 class=\"elementor-heading-title elementor-size-default\">Simple Frame wird Ihre beste Visitenkarte erstellen<\/h2>\t\t\t\t<\/div>\n\t\t\t\t<div class=\"elementor-element elementor-element-26e97ce elementor-widget__width-initial link-decoration p-reset elementor-widget elementor-widget-text-editor\" data-id=\"26e97ce\" data-element_type=\"widget\" data-e-type=\"widget\" data-widget_type=\"text-editor.default\">\n\t\t\t\t\t\t\t\t\t<p>Wir von SIMPLE FRAME haben f\u00fcr viele namhafte Unternehmen und Institutionen gestaltet. Dank unserer langj\u00e4hrigen Erfahrung in der Branche kennen wir die aktuellen Trends und wissen, welche Formen von Filmen bereits das Auge des Empf\u00e4ngers gelangweilt haben. Wir wissen, was man vermeiden und worauf man mehr Wert legen sollte. Welche Techniken und Kommunikationsformen zu welchem Produkt und Publikum passen. Die Ausr\u00fcstung, die wir verwenden, ist von bester Qualit\u00e4t, was nat\u00fcrlich auch dazu beitr\u00e4gt, gutes Material zu schaffen. Die Art und Weise, wie wir schneiden, ist auf die Art des Films und die Umst\u00e4nde zugeschnitten... All das hat uns jahrelange Erfahrung in der Arbeit mit und f\u00fcr Menschen gebracht. Wir freuen uns auf die Zusammenarbeit mit Ihnen!<\/p>\t\t\t\t\t\t\t\t<\/div>\n\t\t\t\t<div class=\"elementor-element elementor-element-7b32feb elementor-widget elementor-widget-video\" data-id=\"7b32feb\" data-element_type=\"widget\" data-e-type=\"widget\" data-settings=\"{&quot;video_type&quot;:&quot;vimeo&quot;}\" data-widget_type=\"video.default\">\n\t\t\t\t\t\t\t<div class=\"elementor-wrapper elementor-open-inline\">\n\t\t\t<iframe class=\"elementor-video-iframe\" allowfullscreen allow=\"clipboard-write\" title=\"Vimeo-Videoplayer\" src=\"https:\/\/player.vimeo.com\/video\/389994468?color&amp;autopause=0&amp;loop=0&amp;muted=0&amp;title=1&amp;portrait=1&amp;byline=1&amp;h=1d80e50713#t=\"><\/iframe>\t\t<\/div>\n\t\t\t\t\t\t<\/div>\n\t\t\t\t\t<\/div>\n\t\t\t\t<\/div>\n\t\t\t\t<\/div>","protected":false},"excerpt":{"rendered":"<p>Korzystamy ze sprawdzonych \u017ar\u00f3de\u0142 \u2013 film referencyjny Spos\u00f3b\u00a0reklamowania\u00a0swoich produkt\u00f3w i us\u0142ug nieustannie ewoluuje. Pojawia si\u0119 coraz wi\u0119cej pomys\u0142\u00f3w dotarcia do klienta i form przekazu. Pojawia si\u0119 r\u00f3wnie\u017c coraz wi\u0119cej firm oferuj\u0105cych podobne produkty! Jak przekona\u0107 klienta, \u017ce to w\u0142a\u015bnie nasze s\u0105 najlepsze? Jak sprawi\u0107 \u017ceby podj\u0105\u0142 wsp\u00f3\u0142prac\u0119 w\u0142a\u015bnie z nasz\u0105 mark\u0105? Najlepsz\u0105 drog\u0105 daj\u0105c\u0105 najwi\u0119cej [&hellip;]<\/p>\n","protected":false},"author":3,"featured_media":0,"parent":0,"menu_order":0,"comment_status":"closed","ping_status":"closed","template":"","meta":{"footnotes":""},"categories":[],"tags":[],"class_list":["post-12493","page","type-page","status-publish","hentry"],"_links":{"self":[{"href":"https:\/\/www.simpleframe.pl\/de\/wp-json\/wp\/v2\/pages\/12493","targetHints":{"allow":["GET"]}}],"collection":[{"href":"https:\/\/www.simpleframe.pl\/de\/wp-json\/wp\/v2\/pages"}],"about":[{"href":"https:\/\/www.simpleframe.pl\/de\/wp-json\/wp\/v2\/types\/page"}],"author":[{"embeddable":true,"href":"https:\/\/www.simpleframe.pl\/de\/wp-json\/wp\/v2\/users\/3"}],"replies":[{"embeddable":true,"href":"https:\/\/www.simpleframe.pl\/de\/wp-json\/wp\/v2\/comments?post=12493"}],"version-history":[{"count":13,"href":"https:\/\/www.simpleframe.pl\/de\/wp-json\/wp\/v2\/pages\/12493\/revisions"}],"predecessor-version":[{"id":13063,"href":"https:\/\/www.simpleframe.pl\/de\/wp-json\/wp\/v2\/pages\/12493\/revisions\/13063"}],"wp:attachment":[{"href":"https:\/\/www.simpleframe.pl\/de\/wp-json\/wp\/v2\/media?parent=12493"}],"wp:term":[{"taxonomy":"category","embeddable":true,"href":"https:\/\/www.simpleframe.pl\/de\/wp-json\/wp\/v2\/categories?post=12493"},{"taxonomy":"post_tag","embeddable":true,"href":"https:\/\/www.simpleframe.pl\/de\/wp-json\/wp\/v2\/tags?post=12493"}],"curies":[{"name":"wp","href":"https:\/\/api.w.org\/{rel}","templated":true}]}}