{"id":12423,"date":"2025-08-19T14:47:00","date_gmt":"2025-08-19T12:47:00","guid":{"rendered":"https:\/\/dev108.stwb.pl\/?page_id=12423"},"modified":"2026-02-26T13:59:33","modified_gmt":"2026-02-26T12:59:33","slug":"wirtschaftsfilm","status":"publish","type":"page","link":"https:\/\/www.simpleframe.pl\/de\/film-biznesowy\/","title":{"rendered":"Business-Film"},"content":{"rendered":"\t\t<div data-elementor-type=\"wp-page\" data-elementor-id=\"12423\" class=\"elementor elementor-12423\" data-elementor-post-type=\"page\">\n\t\t\t\t<div class=\"elementor-element elementor-element-41b9ee8 page-video-bar e-flex e-con-boxed e-con e-parent\" data-id=\"41b9ee8\" data-element_type=\"container\" data-e-type=\"container\" data-settings=\"{&quot;background_background&quot;:&quot;video&quot;,&quot;background_video_link&quot;:&quot;https:\\\/\\\/www.simpleframe.pl\\\/wp-content\\\/uploads\\\/2025\\\/09\\\/videopodstrony.mp4&quot;,&quot;background_play_on_mobile&quot;:&quot;yes&quot;}\">\n\t\t\t\t\t<div class=\"e-con-inner\">\n\t\t<div class=\"elementor-background-video-container\">\n\t\t\t\t\t\t\t<video class=\"elementor-background-video-hosted\" role=\"presentation\" autoplay muted playsinline loop><\/video>\n\t\t\t\t\t<\/div>\t\t<div class=\"elementor-element elementor-element-2941380 elementor-widget elementor-widget-heading\" data-id=\"2941380\" data-element_type=\"widget\" data-e-type=\"widget\" data-widget_type=\"heading.default\">\n\t\t\t\t\t<h1 class=\"elementor-heading-title elementor-size-default\">Film biznesowy w Simple Frame<\/h1>\t\t\t\t<\/div>\n\t\t\t\t<div class=\"elementor-element elementor-element-cf284e3 elementor-widget__width-initial elementor-widget elementor-widget-text-editor\" data-id=\"cf284e3\" data-element_type=\"widget\" data-e-type=\"widget\" data-widget_type=\"text-editor.default\">\n\t\t\t\t\t\t\t\t\t<p>Film biznesowy to skuteczne narz\u0119dzie komunikacji, kt\u00f3re pomaga przyci\u0105gn\u0105\u0107 uwag\u0119 odbiorc\u00f3w i partner\u00f3w biznesowych oraz w atrakcyjnej formie zaprezentowa\u0107 firm\u0119, jej ofert\u0119, warto\u015bci lub spos\u00f3b dzia\u0142ania. Dzi\u0119ki klarownemu przekazowi i odpowiednim emocjom zwi\u0119ksza zrozumienie oraz zapami\u0119tywalno\u015b\u0107 komunikatu, a inwestycja w profesjonalne wykonanie przek\u0142ada si\u0119 na wiarygodny wizerunek i wi\u0119ksz\u0105 skuteczno\u015b\u0107 dzia\u0142a\u0144 marketingowych. Film biznesowy wspiera sprzeda\u017c, prezentuj\u0105c ofert\u0119 w anga\u017cuj\u0105cy i przekonuj\u0105cy spos\u00f3b, pomaga budowa\u0107 sp\u00f3jny wizerunek marki i wyr\u00f3\u017cni\u0107 si\u0119 na tle konkurencji oraz mo\u017ce by\u0107 wykorzystywany w wielu kana\u0142ach, takich jak strona internetowa, media spo\u0142eczno\u015bciowe czy kampanie wideo.<\/p>\t\t\t\t\t\t\t\t<\/div>\n\t\t\t\t<div class=\"elementor-element elementor-element-32f16ec elementor-align-center elementor-widget elementor-widget-button\" data-id=\"32f16ec\" data-element_type=\"widget\" data-e-type=\"widget\" data-widget_type=\"button.default\">\n\t\t\t\t\t\t\t\t\t\t<a class=\"elementor-button elementor-button-link elementor-size-sm\" href=\"#kontakt\">\n\t\t\t\t\t\t<span class=\"elementor-button-content-wrapper\">\n\t\t\t\t\t\t<span class=\"elementor-button-icon\">\n\t\t\t\t<svg aria-hidden=\"true\" class=\"e-font-icon-svg e-far-envelope\" viewBox=\"0 0 512 512\" xmlns=\"http:\/\/www.w3.org\/2000\/svg\"><path d=\"M464 64H48C21.49 64 0 85.49 0 112v288c0 26.51 21.49 48 48 48h416c26.51 0 48-21.49 48-48V112c0-26.51-21.49-48-48-48zm0 48v40.805c-22.422 18.259-58.168 46.651-134.587 106.49-16.841 13.247-50.201 45.072-73.413 44.701-23.208.375-56.579-31.459-73.413-44.701C106.18 199.465 70.425 171.067 48 152.805V112h416zM48 400V214.398c22.914 18.251 55.409 43.862 104.938 82.646 21.857 17.205 60.134 55.186 103.062 54.955 42.717.231 80.509-37.199 103.053-54.947 49.528-38.783 82.032-64.401 104.947-82.653V400H48z\"><\/path><\/svg>\t\t\t<\/span>\n\t\t\t\t\t\t\t\t\t<span class=\"elementor-button-text\">Zam\u00f3w darmow\u0105 wycen\u0119<\/span>\n\t\t\t\t\t<\/span>\n\t\t\t\t\t<\/a>\n\t\t\t\t\t\t\t\t<\/div>\n\t\t\t\t\t<\/div>\n\t\t\t\t<\/div>\n\t\t<div class=\"elementor-element elementor-element-c7f70ce e-flex e-con-boxed e-con e-parent\" data-id=\"c7f70ce\" data-element_type=\"container\" data-e-type=\"container\">\n\t\t\t\t\t<div class=\"e-con-inner\">\n\t\t\t\t<div class=\"elementor-element elementor-element-afd1ba9 elementor-widget elementor-widget-heading\" data-id=\"afd1ba9\" data-element_type=\"widget\" data-e-type=\"widget\" data-widget_type=\"heading.default\">\n\t\t\t\t\t<h1 class=\"elementor-heading-title elementor-size-default\">Biznes nie lubi nudy \u2013 lubi film biznesowy<\/h1>\t\t\t\t<\/div>\n\t\t\t\t<div class=\"elementor-element elementor-element-fd304a1 elementor-widget__width-initial link-decoration elementor-widget elementor-widget-text-editor\" data-id=\"fd304a1\" data-element_type=\"widget\" data-e-type=\"widget\" data-widget_type=\"text-editor.default\">\n\t\t\t\t\t\t\t\t\tProwadzenie swojego biznesu jest niezwykle trudne. Zw\u0142aszcza dzisiaj kiedy przedsi\u0119biorc\u00f3w jest coraz wi\u0119cej i nieustannie realizuj\u0105 oni swoje biznesowe pomys\u0142y. Jednak nie wystarczy mie\u0107 <a href=\"https:\/\/old.simpleframe.pl\/posts\/prezentacja-w-biznesie\/\" rel=\"noopener\">\u015bwietny pomys\u0142<\/a> i stworzy\u0107 swoj\u0105 mark\u0119. Przede wszystkim trzeba zbudowa\u0107 wi\u0119\u017a z klientami i ci\u0105gle o ni\u0105 dba\u0107, przypomina\u0107 o sobie klientom i wychodzi\u0107 naprzeciw ich potrzebom. Wsp\u00f3\u0142czesnym sposobem na trzymanie takiej relacji jest film biznesowy. \t\t\t\t\t\t\t\t<\/div>\n\t\t\t\t<div class=\"elementor-element elementor-element-d1b9a31 elementor-widget elementor-widget-video\" data-id=\"d1b9a31\" data-element_type=\"widget\" data-e-type=\"widget\" data-settings=\"{&quot;video_type&quot;:&quot;vimeo&quot;}\" data-widget_type=\"video.default\">\n\t\t\t\t\t\t\t<div class=\"elementor-wrapper elementor-open-inline\">\n\t\t\t<iframe class=\"elementor-video-iframe\" allowfullscreen allow=\"clipboard-write\" title=\"vimeo Video Player\" src=\"https:\/\/player.vimeo.com\/video\/304353699?color&amp;autopause=0&amp;loop=0&amp;muted=0&amp;title=1&amp;portrait=1&amp;byline=1#t=\"><\/iframe>\t\t<\/div>\n\t\t\t\t\t\t<\/div>\n\t\t\t\t\t<\/div>\n\t\t\t\t<\/div>\n\t\t<div class=\"elementor-element elementor-element-85b54a3 e-flex e-con-boxed e-con e-parent\" data-id=\"85b54a3\" data-element_type=\"container\" data-e-type=\"container\">\n\t\t\t\t\t<div class=\"e-con-inner\">\n\t\t\t\t<div class=\"elementor-element elementor-element-1b3498a elementor-widget elementor-widget-heading\" data-id=\"1b3498a\" data-element_type=\"widget\" data-e-type=\"widget\" data-widget_type=\"heading.default\">\n\t\t\t\t\t<h2 class=\"elementor-heading-title elementor-size-default\">Sztuka jak\u0105 jest film biznesowy<\/h2>\t\t\t\t<\/div>\n\t\t\t\t<div class=\"elementor-element elementor-element-780ed15 elementor-widget__width-initial link-decoration elementor-widget elementor-widget-text-editor\" data-id=\"780ed15\" data-element_type=\"widget\" data-e-type=\"widget\" data-widget_type=\"text-editor.default\">\n\t\t\t\t\t\t\t\t\tLudzie nie lubi\u0105 nudy i monotonii. Chc\u0105 by\u0107 zaskakiwani, chc\u0105 nowo\u015bci i emocji. Film w odr\u00f3\u017cnieniu do ka\u017cdej innej formy przekazu daje im dok\u0142adnie to czego oczekuj\u0105. Dzia\u0142a na wiele zmys\u0142\u00f3w i dostarcza wielu bod\u017ac\u00f3w. Zastosowanie filmu jest bardzo szerokie. Ma ogromny potencja\u0142 tylko trzeba odpowiednio go wykorzysta\u0107. Zar\u00f3wno dla przedsi\u0119biorcy jak i dla klienta jest to najkorzystniejsza forma komunikacji. Przedsi\u0119biorca mo\u017ce zaprezentowa\u0107 si\u0119 klientom i kontrahentom multimedialnie- obrazem, d\u017awi\u0119kiem, efektami. To daje du\u017co wi\u0119ksze szanse na powodzenie ni\u017c ulotka czy reklama w radio. Trzeba tylko postawi\u0107 na profesjonalist\u00f3w, kt\u00f3rzy umiej\u0105 zawodowo wykorzysta\u0107 potencja\u0142 filmu i nie zmarnuj\u0105 \u017cadnej cennej sekundy.\t\t\t\t\t\t\t\t<\/div>\n\t\t\t\t<div class=\"elementor-element elementor-element-832ba37 elementor-widget elementor-widget-video\" data-id=\"832ba37\" data-element_type=\"widget\" data-e-type=\"widget\" data-settings=\"{&quot;video_type&quot;:&quot;vimeo&quot;}\" data-widget_type=\"video.default\">\n\t\t\t\t\t\t\t<div class=\"elementor-wrapper elementor-open-inline\">\n\t\t\t<iframe class=\"elementor-video-iframe\" allowfullscreen allow=\"clipboard-write\" title=\"vimeo Video Player\" src=\"https:\/\/player.vimeo.com\/video\/376832961?color&amp;autopause=0&amp;loop=0&amp;muted=0&amp;title=1&amp;portrait=1&amp;byline=1#t=\"><\/iframe>\t\t<\/div>\n\t\t\t\t\t\t<\/div>\n\t\t\t\t\t<\/div>\n\t\t\t\t<\/div>\n\t\t<div class=\"elementor-element elementor-element-6a207bd e-flex e-con-boxed e-con e-parent\" data-id=\"6a207bd\" data-element_type=\"container\" data-e-type=\"container\">\n\t\t\t\t\t<div class=\"e-con-inner\">\n\t\t\t\t<div class=\"elementor-element elementor-element-52995f9 elementor-widget elementor-widget-heading\" data-id=\"52995f9\" data-element_type=\"widget\" data-e-type=\"widget\" data-widget_type=\"heading.default\">\n\t\t\t\t\t<h2 class=\"elementor-heading-title elementor-size-default\">Simple Frame to najlepszy kreatywny partner w biznesie<\/h2>\t\t\t\t<\/div>\n\t\t\t\t<div class=\"elementor-element elementor-element-39f8b6d elementor-widget__width-initial link-decoration elementor-widget elementor-widget-text-editor\" data-id=\"39f8b6d\" data-element_type=\"widget\" data-e-type=\"widget\" data-widget_type=\"text-editor.default\">\n\t\t\t\t\t\t\t\t\tSimple Frame to studio filmu i <a href=\"https:\/\/www.animacje-komputerowe.com.pl\/animacja-3d\/\" rel=\"noopener\">animacji<\/a>, kt\u00f3re od lat zajmuje si\u0119 projektami multimedialnymi. Dzi\u0119ki szerokiemu zakresowi dzia\u0142alno\u015bci studia, mo\u017cemy tworzy\u0107 dzie\u0142a multimedialnego dla ka\u017cdego klienta, z ka\u017cdej bran\u017cy. <a href=\"https:\/\/www.simpleframe.pl\/film-produktowy\/\">Dzia\u0142amy kompleksowo<\/a>. Od pomys\u0142u i napisania efektywnego scenariusza, przez produkcj\u0119, po postprodukcj\u0119 obrazu i d\u017awi\u0119ku. Maksymalnie wykorzystujemy ka\u017cd\u0105 sekund\u0119 filmu, kt\u00f3r\u0105 mamy do dyspozycji. Wnikliwie obserwujemy rynek i widzimy jak dynamicznie zmienia si\u0119 moda i techniki kr\u0119cenia film\u00f3w. Staramy si\u0119 zawsze by\u0107 krok przed innymi. \t\t\t\t\t\t\t\t<\/div>\n\t\t\t\t<div class=\"elementor-element elementor-element-80d841f elementor-widget elementor-widget-video\" data-id=\"80d841f\" data-element_type=\"widget\" data-e-type=\"widget\" data-settings=\"{&quot;video_type&quot;:&quot;vimeo&quot;}\" data-widget_type=\"video.default\">\n\t\t\t\t\t\t\t<div class=\"elementor-wrapper elementor-open-inline\">\n\t\t\t<iframe class=\"elementor-video-iframe\" allowfullscreen allow=\"clipboard-write\" title=\"vimeo Video Player\" src=\"https:\/\/player.vimeo.com\/video\/740269718?color&amp;autopause=0&amp;loop=0&amp;muted=0&amp;title=1&amp;portrait=1&amp;byline=1#t=\"><\/iframe>\t\t<\/div>\n\t\t\t\t\t\t<\/div>\n\t\t\t\t<div class=\"elementor-element elementor-element-e8249fa elementor-widget__width-initial link-decoration elementor-widget elementor-widget-text-editor\" data-id=\"e8249fa\" data-element_type=\"widget\" data-e-type=\"widget\" data-widget_type=\"text-editor.default\">\n\t\t\t\t\t\t\t\t\tFilm biznesowy to szczeg\u00f3lny rodzaj filmu. Trzeba trafi\u0107 do klienta indywidualnego ale przede wszystkim zrobi\u0107 wra\u017cenie na kontrahentach i partnerach biznesowych. Tre\u015b\u0107, technika, spos\u00f3b tworzenia- wszystko jest na wag\u0119 z\u0142ota. Do ka\u017cdego projektu podchodzimy indywidualnie ale zawsze z r\u00f3wnym zapa\u0142em. Sprz\u0119t, kt\u00f3rym dysponujemy pozwala nam na tworzenie bardzo zaawansowanych i skomplikowanych projekcji. Jeste\u015bmy kreatywni, przekraczamy granice, nie powielamy pomys\u0142\u00f3w, nie popadamy w rutyn\u0119. Ka\u017cdy nasz film ma zaskoczy\u0107, wzbudzi\u0107 emocje i zosta\u0107 zapami\u0119tamy. Zapraszamy do owocnej wsp\u00f3\u0142pracy!\t\t\t\t\t\t\t\t<\/div>\n\t\t\t\t<div class=\"elementor-element elementor-element-266da63 elementor-widget elementor-widget-video\" data-id=\"266da63\" data-element_type=\"widget\" data-e-type=\"widget\" data-settings=\"{&quot;video_type&quot;:&quot;vimeo&quot;}\" data-widget_type=\"video.default\">\n\t\t\t\t\t\t\t<div class=\"elementor-wrapper elementor-open-inline\">\n\t\t\t<iframe class=\"elementor-video-iframe\" allowfullscreen allow=\"clipboard-write\" title=\"vimeo Video Player\" src=\"https:\/\/player.vimeo.com\/video\/865554673?color&amp;autopause=0&amp;loop=0&amp;muted=0&amp;title=1&amp;portrait=1&amp;byline=1#t=\"><\/iframe>\t\t<\/div>\n\t\t\t\t\t\t<\/div>\n\t\t\t\t\t<\/div>\n\t\t\t\t<\/div>\n\t\t<div class=\"elementor-element elementor-element-9d25978 e-flex e-con-boxed e-con e-parent\" data-id=\"9d25978\" data-element_type=\"container\" data-e-type=\"container\">\n\t\t\t\t\t<div class=\"e-con-inner\">\n\t\t\t\t<div class=\"elementor-element elementor-element-c6e3218 elementor-widget elementor-widget-text-editor\" data-id=\"c6e3218\" data-element_type=\"widget\" data-e-type=\"widget\" data-widget_type=\"text-editor.default\">\n\t\t\t\t\t\t\t\t\t<h2 style=\"text-align: center;\">Kompleksowa realizacja film\u00f3w biznesowych<\/h2><div class=\"flex flex-col text-sm pb-25\"><article class=\"text-token-text-primary w-full focus:outline-none [--shadow-height:45px] has-data-writing-block:pointer-events-none has-data-writing-block:-mt-(--shadow-height) has-data-writing-block:pt-(--shadow-height) [&amp;:has([data-writing-block])&gt;*]:pointer-events-auto scroll-mt-[calc(var(--header-height)+min(200px,max(70px,20svh)))]\" dir=\"auto\" tabindex=\"-1\" data-turn-id=\"9d02fc5f-b109-4550-b081-672b0c89fdd3\" data-testid=\"conversation-turn-6\" data-scroll-anchor=\"true\" data-turn=\"assistant\"><div class=\"text-base my-auto mx-auto pb-10 [--thread-content-margin:--spacing(4)] @w-sm\/main:[--thread-content-margin:--spacing(6)] @w-lg\/main:[--thread-content-margin:--spacing(16)] px-(--thread-content-margin)\"><div class=\"[--thread-content-max-width:40rem] @w-lg\/main:[--thread-content-max-width:48rem] mx-auto max-w-(--thread-content-max-width) flex-1 group\/turn-messages focus-visible:outline-hidden relative flex w-full min-w-0 flex-col agent-turn\" tabindex=\"-1\"><div class=\"flex max-w-full flex-col grow\"><div class=\"min-h-8 text-message relative flex w-full flex-col items-end gap-2 text-start break-words whitespace-normal [.text-message+&amp;]:mt-1\" dir=\"auto\" data-message-author-role=\"assistant\" data-message-id=\"f66e48da-54fe-4bf6-a736-925f96acf76c\" data-message-model-slug=\"gpt-5-2\"><div class=\"flex w-full flex-col gap-1 empty:hidden first:pt-[1px]\"><div class=\"markdown prose dark:prose-invert w-full wrap-break-word dark markdown-new-styling\"><p data-start=\"0\" data-end=\"428\">Proces produkcji <strong data-start=\"17\" data-end=\"39\">film\u00f3w biznesowych<\/strong> w <span class=\"hover:entity-accent entity-underline inline cursor-pointer align-baseline\"><span class=\"whitespace-normal\">Simple Frame<\/span><\/span> przebiega sprawnie i profesjonalnie. Rozpoczynamy od opracowania scenariusza, kt\u00f3ry stanowi fundament ca\u0142ej realizacji filmu biznesowego, nast\u0119pnie przechodzimy do etapu zdj\u0119ciowego, gdzie nasz zesp\u00f3\u0142 dba o ka\u017cdy detal na planie. Ca\u0142o\u015b\u0107 zamyka postprodukcja, w kt\u00f3rej film biznesowy zyskuje ostateczny kszta\u0142t, dynamik\u0119 oraz sp\u00f3jn\u0105 opraw\u0119 wizualn\u0105. Znamy aktualne trendy w bran\u017cy filmowej i marketingowej, dlatego filmy biznesowe wzbogacamy o nowoczesne grafiki, dynamiczne animacje oraz dopasowane \u015bcie\u017cki d\u017awi\u0119kowe, kt\u00f3re zwi\u0119kszaj\u0105 skuteczno\u015b\u0107 przekazu. Dbamy o to, aby produkcja filmu biznesowego by\u0142a nie tylko dopracowana technicznie, ale r\u00f3wnie\u017c kreatywnie wyr\u00f3\u017cnia\u0142a mark\u0119 na tle konkurencji.<\/p><\/div><\/div><\/div><\/div><div class=\"z-0 flex min-h-[46px] justify-start\">\u00a0<\/div><div class=\"mt-3 w-full empty:hidden\"><div class=\"text-center\">\u00a0<\/div><\/div><\/div><\/div><\/article><\/div><div class=\"pointer-events-none h-px w-px absolute bottom-0\" aria-hidden=\"true\" data-edge=\"true\">\u00a0<\/div>\t\t\t\t\t\t\t\t<\/div>\n\t\t\t\t<div class=\"elementor-element elementor-element-cf7d2cc elementor-widget elementor-widget-menu-anchor\" data-id=\"cf7d2cc\" data-element_type=\"widget\" data-e-type=\"widget\" data-widget_type=\"menu-anchor.default\">\n\t\t\t\t\t\t\t<div class=\"elementor-menu-anchor\" id=\"kontakt\"><\/div>\n\t\t\t\t\t\t<\/div>\n\t\t\t\t\t<\/div>\n\t\t\t\t<\/div>\n\t\t<div class=\"elementor-element elementor-element-861b337 e-flex e-con-boxed e-con e-parent\" data-id=\"861b337\" data-element_type=\"container\" data-e-type=\"container\">\n\t\t\t\t\t<div class=\"e-con-inner\">\n\t\t<div class=\"elementor-element elementor-element-f6adec2 e-con-full e-flex e-con e-child\" data-id=\"f6adec2\" data-element_type=\"container\" data-e-type=\"container\">\n\t\t<div class=\"elementor-element elementor-element-d187554 e-con-full e-flex e-con e-child\" data-id=\"d187554\" data-element_type=\"container\" data-e-type=\"container\">\n\t\t\t\t<div class=\"elementor-element elementor-element-b390cb2 elementor-widget elementor-widget-heading\" data-id=\"b390cb2\" data-element_type=\"widget\" data-e-type=\"widget\" data-widget_type=\"heading.default\">\n\t\t\t\t\t<h2 class=\"elementor-heading-title elementor-size-default\">Darmowa wycena<\/h2>\t\t\t\t<\/div>\n\t\t\t\t<div class=\"elementor-element elementor-element-39e4b6b elementor-widget elementor-widget-text-editor\" data-id=\"39e4b6b\" data-element_type=\"widget\" data-e-type=\"widget\" data-widget_type=\"text-editor.default\">\n\t\t\t\t\t\t\t\t\t<p>Skontaktuj si\u0119 z nami! \ud83d\udc4b\ud83c\udffc<\/p>\t\t\t\t\t\t\t\t<\/div>\n\t\t\t\t<\/div>\n\t\t\t\t<div class=\"elementor-element elementor-element-bbff8d7 elementor-widget elementor-widget-text-editor\" data-id=\"bbff8d7\" data-element_type=\"widget\" data-e-type=\"widget\" data-widget_type=\"text-editor.default\">\n\t\t\t\t\t\t\t\t\t<p>Gotowy na film reklamowy, kt\u00f3ry odmieni Tw\u00f3j biznes? Skontaktuj si\u0119 z Simple Frame i odkryj mo\u017cliwo\u015bci profesjonalnej produkcji film\u00f3w reklamowych. Nasz zesp\u00f3\u0142 ekspert\u00f3w pomo\u017ce Ci stworzy\u0107 filmy reklamowe dla firm, kt\u00f3re przynios\u0105 realne rezultaty sprzeda\u017cowe i wizerunkowe.<\/p>\t\t\t\t\t\t\t\t<\/div>\n\t\t<div class=\"elementor-element elementor-element-5d7f889 e-con-full e-flex e-con e-child\" data-id=\"5d7f889\" data-element_type=\"container\" data-e-type=\"container\">\n\t\t<div class=\"elementor-element elementor-element-99a32ef e-con-full e-flex e-con e-child\" data-id=\"99a32ef\" data-element_type=\"container\" data-e-type=\"container\">\n\t\t\t\t<div class=\"elementor-element elementor-element-71f2c56 elementor-widget elementor-widget-text-editor\" data-id=\"71f2c56\" data-element_type=\"widget\" data-e-type=\"widget\" data-widget_type=\"text-editor.default\">\n\t\t\t\t\t\t\t\t\tKontakt:\t\t\t\t\t\t\t\t<\/div>\n\t\t\t\t<div class=\"elementor-element elementor-element-f8ba362 elementor-mobile-align-start elementor-icon-list--layout-traditional elementor-list-item-link-full_width elementor-widget elementor-widget-icon-list\" data-id=\"f8ba362\" data-element_type=\"widget\" data-e-type=\"widget\" data-widget_type=\"icon-list.default\">\n\t\t\t\t\t\t\t<ul class=\"elementor-icon-list-items\">\n\t\t\t\t\t\t\t<li class=\"elementor-icon-list-item\">\n\t\t\t\t\t\t\t\t\t\t\t<a href=\"tel:+48502061431\">\n\n\t\t\t\t\t\t\t\t\t\t\t<span class=\"elementor-icon-list-text\">+48 502 061 431<\/span>\n\t\t\t\t\t\t\t\t\t\t\t<\/a>\n\t\t\t\t\t\t\t\t\t<\/li>\n\t\t\t\t\t\t\t\t<li class=\"elementor-icon-list-item\">\n\t\t\t\t\t\t\t\t\t\t\t<a href=\"mailto:kontakt@simpleframe.pl\">\n\n\t\t\t\t\t\t\t\t\t\t\t<span class=\"elementor-icon-list-text\">kontakt@simpleframe.pl<\/span>\n\t\t\t\t\t\t\t\t\t\t\t<\/a>\n\t\t\t\t\t\t\t\t\t<\/li>\n\t\t\t\t\t\t<\/ul>\n\t\t\t\t\t\t<\/div>\n\t\t\t\t<\/div>\n\t\t\t\t<\/div>\n\t\t\t\t<\/div>\n\t\t<div class=\"elementor-element elementor-element-59f02da e-con-full e-flex e-con e-child\" data-id=\"59f02da\" data-element_type=\"container\" data-e-type=\"container\">\n\t\t\t\t<div class=\"elementor-element elementor-element-65a4f18 elementor-widget elementor-widget-heading\" data-id=\"65a4f18\" data-element_type=\"widget\" data-e-type=\"widget\" data-widget_type=\"heading.default\">\n\t\t\t\t\t<h2 class=\"elementor-heading-title elementor-size-default\">Wy\u015blij wiadomo\u015b\u0107 \ud83d\ude80 <\/h2>\t\t\t\t<\/div>\n\t\t\t\t<div class=\"elementor-element elementor-element-614188e elementor-button-align-start form-contact elementor-widget elementor-widget-global elementor-global-16351 elementor-widget-form\" data-id=\"614188e\" data-element_type=\"widget\" data-e-type=\"widget\" data-settings=\"{&quot;step_next_label&quot;:&quot;Next&quot;,&quot;step_previous_label&quot;:&quot;Previous&quot;,&quot;button_width&quot;:&quot;100&quot;,&quot;step_type&quot;:&quot;number_text&quot;,&quot;step_icon_shape&quot;:&quot;circle&quot;}\" data-widget_type=\"form.default\">\n\t\t\t\t\t\t\t<form class=\"elementor-form\" method=\"post\" name=\"New Form\" aria-label=\"New Form\">\n\t\t\t<input type=\"hidden\" name=\"post_id\" value=\"12423\"\/>\n\t\t\t<input type=\"hidden\" name=\"form_id\" value=\"614188e\"\/>\n\t\t\t<input type=\"hidden\" name=\"referer_title\" value=\"\" \/>\n\n\t\t\t\n\t\t\t<div class=\"elementor-form-fields-wrapper elementor-labels-above\">\n\t\t\t\t\t\t\t\t<div class=\"elementor-field-type-text elementor-field-group elementor-column elementor-field-group-name elementor-col-100 elementor-field-required elementor-mark-required\">\n\t\t\t\t\t\t\t\t\t\t\t\t<label for=\"form-field-name\" class=\"elementor-field-label\">\n\t\t\t\t\t\t\t\tImi\u0119 lub nazwa firmy\t\t\t\t\t\t\t<\/label>\n\t\t\t\t\t\t\t\t\t\t\t\t\t\t<input size=\"1\" type=\"text\" name=\"form_fields[name]\" id=\"form-field-name\" class=\"elementor-field elementor-size-sm  elementor-field-textual\" required=\"required\">\n\t\t\t\t\t\t\t\t\t\t\t<\/div>\n\t\t\t\t\t\t\t\t<div class=\"elementor-field-type-email elementor-field-group elementor-column elementor-field-group-email elementor-col-100 elementor-field-required elementor-mark-required\">\n\t\t\t\t\t\t\t\t\t\t\t\t<label for=\"form-field-email\" class=\"elementor-field-label\">\n\t\t\t\t\t\t\t\tE-mail\t\t\t\t\t\t\t<\/label>\n\t\t\t\t\t\t\t\t\t\t\t\t\t\t<input size=\"1\" type=\"email\" name=\"form_fields[email]\" id=\"form-field-email\" class=\"elementor-field elementor-size-sm  elementor-field-textual\" required=\"required\">\n\t\t\t\t\t\t\t\t\t\t\t<\/div>\n\t\t\t\t\t\t\t\t<div class=\"elementor-field-type-tel elementor-field-group elementor-column elementor-field-group-field_f13a773 elementor-col-100\">\n\t\t\t\t\t\t\t\t\t\t\t\t<label for=\"form-field-field_f13a773\" class=\"elementor-field-label\">\n\t\t\t\t\t\t\t\tTelefon\t\t\t\t\t\t\t<\/label>\n\t\t\t\t\t\t\t\t<input size=\"1\" type=\"tel\" name=\"form_fields[field_f13a773]\" id=\"form-field-field_f13a773\" class=\"elementor-field elementor-size-sm  elementor-field-textual\" pattern=\"[0-9()#&amp;+*-=.]+\" title=\"Only numbers and phone characters (#, -, *, etc) are accepted.\">\n\n\t\t\t\t\t\t<\/div>\n\t\t\t\t\t\t\t\t<div class=\"elementor-field-type-textarea elementor-field-group elementor-column elementor-field-group-message elementor-col-100 elementor-field-required elementor-mark-required\">\n\t\t\t\t\t\t\t\t\t\t\t\t<label for=\"form-field-message\" class=\"elementor-field-label\">\n\t\t\t\t\t\t\t\tWiadomo\u015b\u0107\t\t\t\t\t\t\t<\/label>\n\t\t\t\t\t\t<textarea class=\"elementor-field-textual elementor-field  elementor-size-sm\" name=\"form_fields[message]\" id=\"form-field-message\" rows=\"6\" required=\"required\"><\/textarea>\t\t\t\t<\/div>\n\t\t\t\t\t\t\t\t<div class=\"elementor-field-group elementor-column elementor-field-type-submit elementor-col-100 e-form__buttons\">\n\t\t\t\t\t<button class=\"elementor-button elementor-size-sm\" type=\"submit\">\n\t\t\t\t\t\t<span class=\"elementor-button-content-wrapper\">\n\t\t\t\t\t\t\t\t\t\t\t\t\t\t\t<span class=\"elementor-button-icon\">\n\t\t\t\t\t\t\t\t\t<svg xmlns=\"http:\/\/www.w3.org\/2000\/svg\" width=\"24\" height=\"24\" viewBox=\"0 0 24 24\" class=\"text-babyblue ml-3\" fill=\"currentColor\"><path d=\"M9.00967 5.12761H11.0097C12.1142 5.12761 13.468 5.89682 14.0335 6.8457L16.5089 11H21.0097C21.562 11 22.0097 11.4477 22.0097 12C22.0097 12.5523 21.562 13 21.0097 13H16.4138L13.9383 17.1543C13.3729 18.1032 12.0191 18.8724 10.9145 18.8724H8.91454L12.4138 13H5.42485L3.99036 15.4529H1.99036L4.00967 12L4.00967 11.967L2.00967 8.54712H4.00967L5.44417 11H12.5089L9.00967 5.12761Z\" fill=\"currentColor\"><\/path><\/svg>\t\t\t\t\t\t\t\t\t\t\t\t\t\t\t\t\t<\/span>\n\t\t\t\t\t\t\t\t\t\t\t\t\t\t\t\t\t\t\t\t\t\t<span class=\"elementor-button-text\">Wy\u015blij<\/span>\n\t\t\t\t\t\t\t\t\t\t\t\t\t<\/span>\n\t\t\t\t\t<\/button>\n\t\t\t\t<\/div>\n\t\t\t<\/div>\n\t\t<\/form>\n\t\t\t\t\t\t<\/div>\n\t\t\t\t<\/div>\n\t\t\t\t\t<\/div>\n\t\t\t\t<\/div>\n\t\t\t\t<\/div>\n\t\t","protected":false},"excerpt":{"rendered":"<p>Film biznesowy w Simple Frame Film biznesowy to skuteczne narz\u0119dzie komunikacji, kt\u00f3re pomaga przyci\u0105gn\u0105\u0107 uwag\u0119 odbiorc\u00f3w i partner\u00f3w biznesowych oraz w atrakcyjnej formie zaprezentowa\u0107 firm\u0119, jej ofert\u0119, warto\u015bci lub spos\u00f3b dzia\u0142ania. Dzi\u0119ki klarownemu przekazowi i odpowiednim emocjom zwi\u0119ksza zrozumienie oraz zapami\u0119tywalno\u015b\u0107 komunikatu, a inwestycja w profesjonalne wykonanie przek\u0142ada si\u0119 na wiarygodny wizerunek i wi\u0119ksz\u0105 skuteczno\u015b\u0107 [&hellip;]<\/p>\n","protected":false},"author":3,"featured_media":0,"parent":0,"menu_order":0,"comment_status":"closed","ping_status":"closed","template":"","meta":{"footnotes":""},"categories":[],"tags":[],"class_list":["post-12423","page","type-page","status-publish","hentry"],"_links":{"self":[{"href":"https:\/\/www.simpleframe.pl\/de\/wp-json\/wp\/v2\/pages\/12423","targetHints":{"allow":["GET"]}}],"collection":[{"href":"https:\/\/www.simpleframe.pl\/de\/wp-json\/wp\/v2\/pages"}],"about":[{"href":"https:\/\/www.simpleframe.pl\/de\/wp-json\/wp\/v2\/types\/page"}],"author":[{"embeddable":true,"href":"https:\/\/www.simpleframe.pl\/de\/wp-json\/wp\/v2\/users\/3"}],"replies":[{"embeddable":true,"href":"https:\/\/www.simpleframe.pl\/de\/wp-json\/wp\/v2\/comments?post=12423"}],"version-history":[{"count":26,"href":"https:\/\/www.simpleframe.pl\/de\/wp-json\/wp\/v2\/pages\/12423\/revisions"}],"predecessor-version":[{"id":16380,"href":"https:\/\/www.simpleframe.pl\/de\/wp-json\/wp\/v2\/pages\/12423\/revisions\/16380"}],"wp:attachment":[{"href":"https:\/\/www.simpleframe.pl\/de\/wp-json\/wp\/v2\/media?parent=12423"}],"wp:term":[{"taxonomy":"category","embeddable":true,"href":"https:\/\/www.simpleframe.pl\/de\/wp-json\/wp\/v2\/categories?post=12423"},{"taxonomy":"post_tag","embeddable":true,"href":"https:\/\/www.simpleframe.pl\/de\/wp-json\/wp\/v2\/tags?post=12423"}],"curies":[{"name":"wp","href":"https:\/\/api.w.org\/{rel}","templated":true}]}}