{"id":12360,"date":"2025-08-19T12:24:11","date_gmt":"2025-08-19T10:24:11","guid":{"rendered":"https:\/\/dev108.stwb.pl\/?page_id=12360"},"modified":"2025-08-21T14:04:16","modified_gmt":"2025-08-21T12:04:16","slug":"animation-fur-facebook-2","status":"publish","type":"page","link":"https:\/\/www.simpleframe.pl\/de\/animacja-na-facebooka-2\/","title":{"rendered":"Animation f\u00fcr Facebook"},"content":{"rendered":"<div data-elementor-type=\"wp-page\" data-elementor-id=\"12360\" class=\"elementor elementor-12360\" data-elementor-post-type=\"page\">\n\t\t\t\t<div class=\"elementor-element elementor-element-3efc727 e-flex e-con-boxed e-con e-parent\" data-id=\"3efc727\" data-element_type=\"container\" data-e-type=\"container\" data-settings=\"{&quot;background_background&quot;:&quot;video&quot;,&quot;background_video_link&quot;:&quot;https:\\\/\\\/old.simpleframe.pl\\\/wp-content\\\/uploads\\\/2023\\\/04\\\/Produkcja-animacji.mp4&quot;,&quot;background_play_on_mobile&quot;:&quot;yes&quot;}\">\n\t\t\t\t\t<div class=\"e-con-inner\">\n\t\t<div class=\"elementor-background-video-container\">\n\t\t\t\t\t\t\t<video class=\"elementor-background-video-hosted\" role=\"presentation\" autoplay muted playsinline loop><\/video>\n\t\t\t\t\t<\/div>\t\t\t<\/div>\n\t\t\t\t<\/div>\n\t\t<div class=\"elementor-element elementor-element-1c588b1 e-flex e-con-boxed e-con e-parent\" data-id=\"1c588b1\" data-element_type=\"container\" data-e-type=\"container\">\n\t\t\t\t\t<div class=\"e-con-inner\">\n\t\t\t\t<div class=\"elementor-element elementor-element-bcd780e elementor-widget elementor-widget-heading\" data-id=\"bcd780e\" data-element_type=\"widget\" data-e-type=\"widget\" data-widget_type=\"heading.default\">\n\t\t\t\t\t<h1 class=\"elementor-heading-title elementor-size-default\">Die moderne Welt der Werbung - Animation f\u00fcr Facebook<\/h1>\t\t\t\t<\/div>\n\t\t\t\t<div class=\"elementor-element elementor-element-22846b5 elementor-widget__width-initial p-reset link-decoration elementor-widget elementor-widget-text-editor\" data-id=\"22846b5\" data-element_type=\"widget\" data-e-type=\"widget\" data-widget_type=\"text-editor.default\">\n\t\t\t\t\t\t\t\t\t<p>Facebook ist die moderne Welt der Kommunikation, der Pflege von Beziehungen zu Kunden, der Werbung f\u00fcr Ihre Produkte und Dienstleistungen. Millionen von Menschen nutzen Facebook jeden Tag und stellen Beitr\u00e4ge, Fotos und Videos ein. Aus diesem Grund ist Facebook heute die Arena, in der Unternehmen, Hersteller und Dienstleister um Kunden konkurrieren.<\/p><p>Da dies nun der Ort ist, an dem das gr\u00f6\u00dfte Potenzial f\u00fcr die Gewinnung neuer Kunden besteht und der wirksam umworben werden kann, muss dies mit einer ebenso wirksamen Methode geschehen! Die interessanteste und wirksamste Methode ist die Animation.<\/p><p>Durch die Kombination der Welt von Facebook und der fantastischen Welt der Animation wurde eine Facebook-Animation geschaffen. Diese Animation ist ein speziell angepasstes Projekt f\u00fcr die Interaktion mit den Nutzern dieser beliebten Plattform.<\/p>\t\t\t\t\t\t\t\t<\/div>\n\t\t\t\t<div class=\"elementor-element elementor-element-38013a7 elementor-widget elementor-widget-video\" data-id=\"38013a7\" data-element_type=\"widget\" data-e-type=\"widget\" data-settings=\"{&quot;video_type&quot;:&quot;vimeo&quot;}\" data-widget_type=\"video.default\">\n\t\t\t\t\t\t\t<div class=\"elementor-wrapper elementor-open-inline\">\n\t\t\t<iframe class=\"elementor-video-iframe\" allowfullscreen allow=\"clipboard-write\" title=\"vimeo Videoplayer\" src=\"https:\/\/player.vimeo.com\/video\/319815202?color&amp;autopause=0&amp;loop=0&amp;muted=0&amp;title=1&amp;portrait=1&amp;byline=1&amp;h=870072126c#t=\"><\/iframe>\t\t<\/div>\n\t\t\t\t\t\t<\/div>\n\t\t\t\t\t<\/div>\n\t\t\t\t<\/div>\n\t\t<div class=\"elementor-element elementor-element-64d41b8 e-flex e-con-boxed e-con e-parent\" data-id=\"64d41b8\" data-element_type=\"container\" data-e-type=\"container\">\n\t\t\t\t\t<div class=\"e-con-inner\">\n\t\t\t\t<div class=\"elementor-element elementor-element-0c63c70 elementor-widget elementor-widget-heading\" data-id=\"0c63c70\" data-element_type=\"widget\" data-e-type=\"widget\" data-widget_type=\"heading.default\">\n\t\t\t\t\t<h2 class=\"elementor-heading-title elementor-size-default\">Animation f\u00fcr Facebook lockt und \u00fcberrascht<\/h2>\t\t\t\t<\/div>\n\t\t\t\t<div class=\"elementor-element elementor-element-5bab6d5 elementor-widget__width-initial p-reset link-decoration elementor-widget elementor-widget-text-editor\" data-id=\"5bab6d5\" data-element_type=\"widget\" data-e-type=\"widget\" data-widget_type=\"text-editor.default\">\n\t\t\t\t\t\t\t\t\t<p>Animationen f\u00fcr Facebook bieten nahezu unbegrenzte kreative M\u00f6glichkeiten. Mit dieser Technik kann jedes beliebige Element oder jede beliebige Aktivit\u00e4t erstellt und auf sehr interessante Weise dargestellt werden. Letztendlich h\u00e4ngt alles von der Vorstellungskraft und den F\u00e4higkeiten des Sch\u00f6pfers ab. Ein gutes Team sollte wissen, was eine Facebook-Animation auszeichnet und was sie von anderen Animationsprojekten unterscheidet. Dies sind einige der sehr wichtigen Elemente f\u00fcr den Erfolg einer Animation und letztlich f\u00fcr den Erfolg eines Angebots von gr\u00f6\u00dferen Unternehmen oder kleineren Produzenten.<\/p><p>Facebook wird mit Videos und Fotos \u00fcberflutet, sie posten sogar Cross-Posts. Sie wollen die Aufmerksamkeit des Publikums genau auf sich lenken. Viele bunte Farben, viele Inhalte, viele Reize auf einmal. All das wirkt aber bereits entgegen, irritiert. Facebook-Animationen m\u00fcssen vor allem auf die Kundenerwartungen zugeschnitten sein, \u00fcberraschen <a href=\"https:\/\/www.simpleframe.pl\/de\/pl\/animacja3d\/\" rel=\"noopener\">interessante Technik<\/a>\u00a0und Effekte, vermitteln Informationen \u00fcber das Angebot, sind aber ma\u00dfvoll und durchdacht. Ein Chaos, das von unerfahrenen Kreativen angerichtet wird, hat nie die gew\u00fcnschte Wirkung. Im Gegenteil, es irritiert und st\u00f6\u00dft potenzielle Kunden ab. Was vor allem z\u00e4hlt, ist eine Idee, ein gutes Drehbuch, die Nutzung jeder kostbaren Sekunde. All dies, unterst\u00fctzt durch die beste Ausr\u00fcstung und einen professionellen Grafiker, ist immer erfolgreich.\u00a0<a href=\"https:\/\/www.animacje-komputerowe.com.pl\/animacja-komputerowa\/\" rel=\"noopener\">Erfolg<\/a>. So arbeiten wir bei Simple Frame.<\/p>\t\t\t\t\t\t\t\t<\/div>\n\t\t\t\t\t<\/div>\n\t\t\t\t<\/div>\n\t\t<div class=\"elementor-element elementor-element-ff72d58 e-flex e-con-boxed e-con e-parent\" data-id=\"ff72d58\" data-element_type=\"container\" data-e-type=\"container\">\n\t\t\t\t\t<div class=\"e-con-inner\">\n\t\t\t\t<div class=\"elementor-element elementor-element-ae1b908 elementor-widget elementor-widget-heading\" data-id=\"ae1b908\" data-element_type=\"widget\" data-e-type=\"widget\" data-widget_type=\"heading.default\">\n\t\t\t\t\t<h2 class=\"elementor-heading-title elementor-size-default\">Vertrauen Sie den Profis - Animation f\u00fcr Facebook<\/h2>\t\t\t\t<\/div>\n\t\t\t\t<div class=\"elementor-element elementor-element-18bb855 elementor-widget__width-initial p-reset link-decoration elementor-widget elementor-widget-text-editor\" data-id=\"18bb855\" data-element_type=\"widget\" data-e-type=\"widget\" data-widget_type=\"text-editor.default\">\n\t\t\t\t\t\t\t\t\t<p>Simple Frame ist ein Animationsstudio mit langj\u00e4hriger Erfahrung. Dank unserer langj\u00e4hrigen Erfahrung auf dem Markt und der perfekten Beherrschung der Kunst der Animationserstellung, die wir st\u00e4ndig verbessern, k\u00f6nnen wir erstaunliche Animationen erstellen. Wir erstellen auch Animationen f\u00fcr Facebook. Wir wissen, wie man das Publikum \u00fcberrascht und interessiert. Wir wissen, wie eine zeitgem\u00e4\u00dfe Animation aussehen sollte. Dank uns werden Ihr Profil und Ihr Angebot viele neue Kunden anziehen und \u00fcberraschen. Wir helfen Ihnen, Ihren Weg in der Welt von Facebook zu finden.<\/p>\t\t\t\t\t\t\t\t<\/div>\n\t\t\t\t<div class=\"elementor-element elementor-element-918b333 elementor-widget elementor-widget-video\" data-id=\"918b333\" data-element_type=\"widget\" data-e-type=\"widget\" data-settings=\"{&quot;video_type&quot;:&quot;vimeo&quot;}\" data-widget_type=\"video.default\">\n\t\t\t\t\t\t\t<div class=\"elementor-wrapper elementor-open-inline\">\n\t\t\t<iframe class=\"elementor-video-iframe\" allowfullscreen allow=\"clipboard-write\" title=\"vimeo Videoplayer\" src=\"https:\/\/player.vimeo.com\/video\/319815638?color&amp;autopause=0&amp;loop=0&amp;muted=0&amp;title=1&amp;portrait=1&amp;byline=1&amp;h=870072126c#t=\"><\/iframe>\t\t<\/div>\n\t\t\t\t\t\t<\/div>\n\t\t\t\t\t<\/div>\n\t\t\t\t<\/div>\n\t\t\t\t<\/div>","protected":false},"excerpt":{"rendered":"<p>Wsp\u00f3\u0142czesny \u015bwiat reklamy \u2013 Animacja na Facebooka Facebook to wsp\u00f3\u0142czesny \u015bwiat komunikacji, utrzymywania relacji z klientami, reklamowania swoich produkt\u00f3w i us\u0142ug. Miliony ludzi codziennie korzysta z Facebooka, wstawia posty, zdj\u0119cia, filmy. Dlatego w\u0142a\u015bnie dzisiaj to Facebook jest aren\u0105, na kt\u00f3rej walk\u0119 o klienta tocz\u0105 firmy, producenci, us\u0142ugodawcy. Skoro zatem jest to obecnie miejsce z najwi\u0119kszym [&hellip;]<\/p>\n","protected":false},"author":3,"featured_media":0,"parent":0,"menu_order":0,"comment_status":"closed","ping_status":"closed","template":"","meta":{"footnotes":""},"categories":[],"tags":[],"class_list":["post-12360","page","type-page","status-publish","hentry"],"_links":{"self":[{"href":"https:\/\/www.simpleframe.pl\/de\/wp-json\/wp\/v2\/pages\/12360","targetHints":{"allow":["GET"]}}],"collection":[{"href":"https:\/\/www.simpleframe.pl\/de\/wp-json\/wp\/v2\/pages"}],"about":[{"href":"https:\/\/www.simpleframe.pl\/de\/wp-json\/wp\/v2\/types\/page"}],"author":[{"embeddable":true,"href":"https:\/\/www.simpleframe.pl\/de\/wp-json\/wp\/v2\/users\/3"}],"replies":[{"embeddable":true,"href":"https:\/\/www.simpleframe.pl\/de\/wp-json\/wp\/v2\/comments?post=12360"}],"version-history":[{"count":12,"href":"https:\/\/www.simpleframe.pl\/de\/wp-json\/wp\/v2\/pages\/12360\/revisions"}],"predecessor-version":[{"id":13023,"href":"https:\/\/www.simpleframe.pl\/de\/wp-json\/wp\/v2\/pages\/12360\/revisions\/13023"}],"wp:attachment":[{"href":"https:\/\/www.simpleframe.pl\/de\/wp-json\/wp\/v2\/media?parent=12360"}],"wp:term":[{"taxonomy":"category","embeddable":true,"href":"https:\/\/www.simpleframe.pl\/de\/wp-json\/wp\/v2\/categories?post=12360"},{"taxonomy":"post_tag","embeddable":true,"href":"https:\/\/www.simpleframe.pl\/de\/wp-json\/wp\/v2\/tags?post=12360"}],"curies":[{"name":"wp","href":"https:\/\/api.w.org\/{rel}","templated":true}]}}